{"id":90126,"date":"2017-07-01T20:34:01","date_gmt":"2017-07-01T20:34:01","guid":{"rendered":"http:\/\/www.ceramictiles.com\/srbija\/product\/kuhinjske-plocice-fap-futura\/"},"modified":"2026-01-01T00:01:42","modified_gmt":"2026-01-01T00:01:42","slug":"kuhinjske-plocice-fap-futura","status":"publish","type":"product","link":"https:\/\/www.keramika.com\/srbija\/kuhinjske-plocice-fap-futura\/","title":{"rendered":"Kuhinjske plo\u010dice Fap Futura"},"content":{"rendered":"<p>Fap ceramiche Futura Polvere dolazi iz Italije, koja je poznata po vrlo visokoj kvaliteta keramike u svetu. Veli\u010dina ove plo\u010dice je 15&#215;56 cm. U izboru plo\u010dica zelene boje, ne mo\u017eete pogre\u0161iti. Online cena je samo 9418,5 RSD, dok redovna, maloprodajna cena 11773,7 RSD. Ova plo\u010dica je debela 10 mm i zato je izuzetno izdr\u017eljiva.<\/p>\n<p>Kliknite na ime serije za sve plo\u010dice u toj seriji: <a class=\"pdfcatal\" href=\"\/\/www.ceramictiles.com\/pdf\/fap\/catalogue_fap_futura.pdf\" onclick=\"recordOutboundLink(this, 'E-mail', 'Description PDF');return false;\">Fap Ceramiche &#8211; Gruppo Concorde Futura<\/a><\/p>\n<p>Da bi naru\u010dili model iz PDF kataloga ove serije, molimo vas, da nas kontaktirate na: <a href=\"mailto:zo_mi@ceramictiles.com\" onclick=\"recordOutboundLink(this, 'E-mail', 'Description mail');return false;\">zo_mi@ceramictiles.com<\/a> ili nas pozovite na: For exact offer, PLS send us quantity and product you need with delivery address..<\/p>\n","protected":false},"excerpt":{"rendered":"<p>Fap ceramiche Futura Polvere dolazi iz Italije, koja je poznata po vrlo visokoj kvaliteta keramike u svetu. Veli\u010dina ove plo\u010dice je 15&#215;56 cm. U izboru plo\u010dica zelene boje, ne mo\u017eete pogre\u0161iti. Online cena je samo 9418,5 RSD, dok redovna, maloprodajna cena 11773,7 RSD. Ova plo\u010dica je debela 10 mm i zato je izuzetno izdr\u017eljiva. Kliknite [&hellip;]<\/p>\n","protected":false},"featured_media":90127,"template":"","meta":[],"product_cat":[999519,200,240,999],"product_tag":[],"_links":{"self":[{"href":"https:\/\/www.keramika.com\/srbija\/wp-json\/wp\/v2\/product\/90126"}],"collection":[{"href":"https:\/\/www.keramika.com\/srbija\/wp-json\/wp\/v2\/product"}],"about":[{"href":"https:\/\/www.keramika.com\/srbija\/wp-json\/wp\/v2\/types\/product"}],"wp:featuredmedia":[{"embeddable":true,"href":"https:\/\/www.keramika.com\/srbija\/wp-json\/wp\/v2\/media\/90127"}],"wp:attachment":[{"href":"https:\/\/www.keramika.com\/srbija\/wp-json\/wp\/v2\/media?parent=90126"}],"wp:term":[{"taxonomy":"product_cat","embeddable":true,"href":"https:\/\/www.keramika.com\/srbija\/wp-json\/wp\/v2\/product_cat?post=90126"},{"taxonomy":"product_tag","embeddable":true,"href":"https:\/\/www.keramika.com\/srbija\/wp-json\/wp\/v2\/product_tag?post=90126"}],"curies":[{"name":"wp","href":"https:\/\/api.w.org\/{rel}","templated":true}]}}