{"id":90120,"date":"2017-07-01T20:33:01","date_gmt":"2017-07-01T20:33:01","guid":{"rendered":"http:\/\/www.ceramictiles.com\/srbija\/product\/plocice-za-kupatilo-fap-fly\/"},"modified":"2026-01-01T00:01:42","modified_gmt":"2026-01-01T00:01:42","slug":"plocice-za-kupatilo-fap-fly","status":"publish","type":"product","link":"https:\/\/www.keramika.com\/srbija\/plocice-za-kupatilo-fap-fly\/","title":{"rendered":"Plo\u010dice za kupatilo Fap Fly"},"content":{"rendered":"<p>Zbog ni\u017eih tro\u0161kova, online prodaje, Vi \u0107e te na na\u0161oj strani ove plo\u010de platiti samo 5123,25 RSD. U izboru plo\u010dica bele boje, ne mo\u017eete pogre\u0161iti. plo\u010dica proizvo\u0111a\u010da Fap Ceramiche &#8211; Gruppo Concorde iz Italije. 8 mm debljine je dovoljno za zahtevnije kupce. Veli\u010dina plo\u010dice je 25&#215;75 cm i odli\u010dna je za razli\u010dite povr\u0161ine.<\/p>\n<p>Kliknite na ime serije za sve plo\u010dice u toj seriji: <a class=\"pdfcatal\" href=\"\/\/www.ceramictiles.com\/pdf\/fap\/catalogue_fap_fly.pdf\" onclick=\"recordOutboundLink(this, 'E-mail', 'Description PDF');return false;\">Fap Ceramiche &#8211; Gruppo Concorde Fly<\/a><\/p>\n<p>Da bi naru\u010dili model iz PDF kataloga ove serije, molimo vas, da nas kontaktirate na: <a href=\"mailto:zo_mi@ceramictiles.com\" onclick=\"recordOutboundLink(this, 'E-mail', 'Description mail');return false;\">zo_mi@ceramictiles.com<\/a> ili nas pozovite na: For exact offer, PLS send us quantity and product you need with delivery address..<\/p>\n","protected":false},"excerpt":{"rendered":"<p>Zbog ni\u017eih tro\u0161kova, online prodaje, Vi \u0107e te na na\u0161oj strani ove plo\u010de platiti samo 5123,25 RSD. U izboru plo\u010dica bele boje, ne mo\u017eete pogre\u0161iti. plo\u010dica proizvo\u0111a\u010da Fap Ceramiche &#8211; Gruppo Concorde iz Italije. 8 mm debljine je dovoljno za zahtevnije kupce. Veli\u010dina plo\u010dice je 25&#215;75 cm i odli\u010dna je za razli\u010dite povr\u0161ine. Kliknite na [&hellip;]<\/p>\n","protected":false},"featured_media":90121,"template":"","meta":[],"product_cat":[999519,200,240,999],"product_tag":[],"_links":{"self":[{"href":"https:\/\/www.keramika.com\/srbija\/wp-json\/wp\/v2\/product\/90120"}],"collection":[{"href":"https:\/\/www.keramika.com\/srbija\/wp-json\/wp\/v2\/product"}],"about":[{"href":"https:\/\/www.keramika.com\/srbija\/wp-json\/wp\/v2\/types\/product"}],"wp:featuredmedia":[{"embeddable":true,"href":"https:\/\/www.keramika.com\/srbija\/wp-json\/wp\/v2\/media\/90121"}],"wp:attachment":[{"href":"https:\/\/www.keramika.com\/srbija\/wp-json\/wp\/v2\/media?parent=90120"}],"wp:term":[{"taxonomy":"product_cat","embeddable":true,"href":"https:\/\/www.keramika.com\/srbija\/wp-json\/wp\/v2\/product_cat?post=90120"},{"taxonomy":"product_tag","embeddable":true,"href":"https:\/\/www.keramika.com\/srbija\/wp-json\/wp\/v2\/product_tag?post=90120"}],"curies":[{"name":"wp","href":"https:\/\/api.w.org\/{rel}","templated":true}]}}