{"id":90118,"date":"2017-07-01T20:32:44","date_gmt":"2017-07-01T20:32:44","guid":{"rendered":"http:\/\/www.ceramictiles.com\/srbija\/product\/podne-i-zidne-plocice-fap-cupido\/"},"modified":"2026-01-01T00:01:41","modified_gmt":"2026-01-01T00:01:41","slug":"podne-i-zidne-plocice-fap-cupido","status":"publish","type":"product","link":"https:\/\/www.keramika.com\/srbija\/podne-i-zidne-plocice-fap-cupido\/","title":{"rendered":"Podne i zidne plo\u010dice Fap Cupido"},"content":{"rendered":"<p>U izboru plo\u010dica be\u017e boje, ne mo\u017eete pogre\u0161iti. 13713,75 RSD je redovna prodajna cena keramike, tu pa samo 10971 RSD. Veli\u010dina 30,5&#215;91,5 cm je odli\u010dna za sve podloge. Plo\u010dica je debela 8 mm, \u0161to je ubraja u tvrde plo\u010dice. Proizvodnja Italije ,koja je poznata u svetu, kao jedana od najboljih proizvo\u0111a\u010da kerami\u010dkih plo\u010dica.<\/p>\n<p>Kliknite na ime serije za sve plo\u010dice u toj seriji: <a class=\"pdfcatal\" href=\"\/\/www.ceramictiles.com\/pdf\/fap\/catalogue_fap_cupido.pdf\" onclick=\"recordOutboundLink(this, 'E-mail', 'Description PDF');return false;\">Fap Ceramiche &#8211; Gruppo Concorde Cupido<\/a><\/p>\n<p>Da bi naru\u010dili model iz PDF kataloga ove serije, molimo vas, da nas kontaktirate na: <a href=\"mailto:zo_mi@ceramictiles.com\" onclick=\"recordOutboundLink(this, 'E-mail', 'Description mail');return false;\">zo_mi@ceramictiles.com<\/a> ili nas pozovite na: For exact offer, PLS send us quantity and product you need with delivery address..<\/p>\n<p>Technical description: <\/p>\n<p>W 30.5X91.5 ( 11.5 mm )  &#8211; F 30.5X30.5 ( 8 mm ) ; <br \/>Cupido Rosso ; Cupido Bianco ; Cupido Perla ; Cupido Celeste ; Cupido Tortora ; Cupido Mandorla ; Cupido Gemma ; Cupido Lavagna ; Cupido Cipria ; Cupido Rosso Mosaico ; Cupido Bianco Mosaico ; Cupido Modern Bianco Mosaico ; Cupido Perla Mosaico ; Cupido Celeste Mosaico ; Cupido Tortora Mosaico ; Cupido Mandorla Mosaico ; Cupido Gemma Mosaico ; Cupido Lavagna Mosaico ; Cupido Modern Nero Mosaico ; Cupido Cipria Mosaico ; For Love Stream Mosaico ; Stream Oro Mosaico ;<\/p>\n","protected":false},"excerpt":{"rendered":"<p>U izboru plo\u010dica be\u017e boje, ne mo\u017eete pogre\u0161iti. 13713,75 RSD je redovna prodajna cena keramike, tu pa samo 10971 RSD. Veli\u010dina 30,5&#215;91,5 cm je odli\u010dna za sve podloge. Plo\u010dica je debela 8 mm, \u0161to je ubraja u tvrde plo\u010dice. Proizvodnja Italije ,koja je poznata u svetu, kao jedana od najboljih proizvo\u0111a\u010da kerami\u010dkih plo\u010dica. Kliknite na [&hellip;]<\/p>\n","protected":false},"featured_media":90119,"template":"","meta":[],"product_cat":[999519,200,999,250],"product_tag":[],"_links":{"self":[{"href":"https:\/\/www.keramika.com\/srbija\/wp-json\/wp\/v2\/product\/90118"}],"collection":[{"href":"https:\/\/www.keramika.com\/srbija\/wp-json\/wp\/v2\/product"}],"about":[{"href":"https:\/\/www.keramika.com\/srbija\/wp-json\/wp\/v2\/types\/product"}],"wp:featuredmedia":[{"embeddable":true,"href":"https:\/\/www.keramika.com\/srbija\/wp-json\/wp\/v2\/media\/90119"}],"wp:attachment":[{"href":"https:\/\/www.keramika.com\/srbija\/wp-json\/wp\/v2\/media?parent=90118"}],"wp:term":[{"taxonomy":"product_cat","embeddable":true,"href":"https:\/\/www.keramika.com\/srbija\/wp-json\/wp\/v2\/product_cat?post=90118"},{"taxonomy":"product_tag","embeddable":true,"href":"https:\/\/www.keramika.com\/srbija\/wp-json\/wp\/v2\/product_tag?post=90118"}],"curies":[{"name":"wp","href":"https:\/\/api.w.org\/{rel}","templated":true}]}}