{"id":90114,"date":"2017-07-01T20:32:09","date_gmt":"2017-07-01T20:32:09","guid":{"rendered":"http:\/\/www.ceramictiles.com\/srbija\/product\/podne-i-zidne-plocice-fap-brillante\/"},"modified":"2026-01-01T00:01:41","modified_gmt":"2026-01-01T00:01:41","slug":"podne-i-zidne-plocice-fap-brillante","status":"publish","type":"product","link":"https:\/\/www.keramika.com\/srbija\/podne-i-zidne-plocice-fap-brillante\/","title":{"rendered":"Podne i zidne plo\u010dice Fap Brillante"},"content":{"rendered":"<p>Debljina 8 mm \u010dini plo\u010dicu vrlo izdr\u017eljivom i prijatnom na dodir. Izuzetno moderne plo\u010dice braon boje, osve\u017eit \u0107e svaki prostor. Plo\u010dica 30,5&#215;30,5 cm je dobra za ve\u0107 razli\u010ditih namena. Plo\u010dice dolaze iz Italije, koja je poznata po kvalitetnoj keramiki. Zbog ni\u017eih tro\u0161kova, online prodaje, Vi \u0107e te na na\u0161oj strani ove plo\u010de platiti samo 6831 RSD.<\/p>\n<p>Kliknite na ime serije za sve plo\u010dice u toj seriji: <a class=\"pdfcatal\" href=\"\/\/www.ceramictiles.com\/pdf\/fap\/catalogue_fap_brillante.pdf\" onclick=\"recordOutboundLink(this, 'E-mail', 'Description PDF');return false;\">Fap Ceramiche &#8211; Gruppo Concorde Brillante<\/a><\/p>\n<p>Da bi naru\u010dili model iz PDF kataloga ove serije, molimo vas, da nas kontaktirate na: <a href=\"mailto:zo_mi@ceramictiles.com\" onclick=\"recordOutboundLink(this, 'E-mail', 'Description mail');return false;\">zo_mi@ceramictiles.com<\/a> ili nas pozovite na: For exact offer, PLS send us quantity and product you need with delivery address..<\/p>\n<p>Technical description: <\/p>\n<p>W 30.5X91.5 ( 5.5 mm )  &#8211; F 30.5X30.5 ( 8 mm ) ; <br \/>Brillante Brown ; Brillante Champagne ; Brillante Fum\u00e9 ; Brillante Lemon ; Brillante Quarzo ; Mosaico Brillante Brown ; Mosaico Brillante Champagne ; Mosaico Brillante Fum\u00e9 ; Mosaico Brillante Lemon ; Mosaico Brillante Quarzo ; Brillante Mosaico Ventaglio Fum\u00e9 ; Brillante Mosaico Ventaglio Champagne ;<\/p>\n","protected":false},"excerpt":{"rendered":"<p>Debljina 8 mm \u010dini plo\u010dicu vrlo izdr\u017eljivom i prijatnom na dodir. Izuzetno moderne plo\u010dice braon boje, osve\u017eit \u0107e svaki prostor. Plo\u010dica 30,5&#215;30,5 cm je dobra za ve\u0107 razli\u010ditih namena. Plo\u010dice dolaze iz Italije, koja je poznata po kvalitetnoj keramiki. Zbog ni\u017eih tro\u0161kova, online prodaje, Vi \u0107e te na na\u0161oj strani ove plo\u010de platiti samo 6831 [&hellip;]<\/p>\n","protected":false},"featured_media":90115,"template":"","meta":[],"product_cat":[999519,200,999,250],"product_tag":[],"_links":{"self":[{"href":"https:\/\/www.keramika.com\/srbija\/wp-json\/wp\/v2\/product\/90114"}],"collection":[{"href":"https:\/\/www.keramika.com\/srbija\/wp-json\/wp\/v2\/product"}],"about":[{"href":"https:\/\/www.keramika.com\/srbija\/wp-json\/wp\/v2\/types\/product"}],"wp:featuredmedia":[{"embeddable":true,"href":"https:\/\/www.keramika.com\/srbija\/wp-json\/wp\/v2\/media\/90115"}],"wp:attachment":[{"href":"https:\/\/www.keramika.com\/srbija\/wp-json\/wp\/v2\/media?parent=90114"}],"wp:term":[{"taxonomy":"product_cat","embeddable":true,"href":"https:\/\/www.keramika.com\/srbija\/wp-json\/wp\/v2\/product_cat?post=90114"},{"taxonomy":"product_tag","embeddable":true,"href":"https:\/\/www.keramika.com\/srbija\/wp-json\/wp\/v2\/product_tag?post=90114"}],"curies":[{"name":"wp","href":"https:\/\/api.w.org\/{rel}","templated":true}]}}