{"id":90112,"date":"2017-07-01T20:31:51","date_gmt":"2017-07-01T20:31:51","guid":{"rendered":"http:\/\/www.ceramictiles.com\/srbija\/product\/projekt-plocice-fap-base\/"},"modified":"2026-01-01T00:01:41","modified_gmt":"2026-01-01T00:01:41","slug":"projekt-plocice-fap-base","status":"publish","type":"product","link":"https:\/\/www.keramika.com\/srbija\/projekt-plocice-fap-base\/","title":{"rendered":"Projekt plo\u010dice Fap Base"},"content":{"rendered":"<p>Plo\u010dice dolaze iz Italije, koja je poznata po kvalitetnoj keramiki. Debljina 10 mm \u010dini plo\u010dicu vrlo izdr\u017eljivom i prijatnom na dodir. Plo\u010dica na sliki je 60&#215;60 cm. Plo\u010dice sive boje, su letos izuzetno tre\u017eene. Fap ceramiche Base Sabbia je dostupna po vrlo povoljnim cenama 6551,55 RSD.<\/p>\n<p>Kliknite na ime serije za sve plo\u010dice u toj seriji: <a class=\"pdfcatal\" href=\"\/\/www.ceramictiles.com\/pdf\/fap\/catalogue_fap_base.pdf\" onclick=\"recordOutboundLink(this, 'E-mail', 'Description PDF');return false;\">Fap Ceramiche &#8211; Gruppo Concorde Base<\/a><\/p>\n<p>Da bi naru\u010dili model iz PDF kataloga ove serije, molimo vas, da nas kontaktirate na: <a href=\"mailto:zo_mi@ceramictiles.com\" onclick=\"recordOutboundLink(this, 'E-mail', 'Description mail');return false;\">zo_mi@ceramictiles.com<\/a> ili nas pozovite na: For exact offer, PLS send us quantity and product you need with delivery address..<\/p>\n<p>Technical description: <\/p>\n<p>W 60X60 , 60X120 , 20X120 , 75X75 , 37.5X75 , 30X30 &#8211; F ( R9 &#8211; R11 ) 60X60 , 60X120 , 20X120 , 75X75 , 37.5X75 , 30X30 ; <br \/>Quarzo ; Lava ; Sabbia ; Fango ; Pietra ; Fango ; Base Fango Macrosaico ; Base Sabbia Macrosaico ; Base Lava Macrosaico ; Base Pietra Macrosaico ; Base Quarzo Macrosaico ; Base Terra Macrosaico ;<\/p>\n","protected":false},"excerpt":{"rendered":"<p>Plo\u010dice dolaze iz Italije, koja je poznata po kvalitetnoj keramiki. Debljina 10 mm \u010dini plo\u010dicu vrlo izdr\u017eljivom i prijatnom na dodir. Plo\u010dica na sliki je 60&#215;60 cm. Plo\u010dice sive boje, su letos izuzetno tre\u017eene. Fap ceramiche Base Sabbia je dostupna po vrlo povoljnim cenama 6551,55 RSD. Kliknite na ime serije za sve plo\u010dice u toj [&hellip;]<\/p>\n","protected":false},"featured_media":90113,"template":"","meta":[],"product_cat":[999519,200,240,999],"product_tag":[],"_links":{"self":[{"href":"https:\/\/www.keramika.com\/srbija\/wp-json\/wp\/v2\/product\/90112"}],"collection":[{"href":"https:\/\/www.keramika.com\/srbija\/wp-json\/wp\/v2\/product"}],"about":[{"href":"https:\/\/www.keramika.com\/srbija\/wp-json\/wp\/v2\/types\/product"}],"wp:featuredmedia":[{"embeddable":true,"href":"https:\/\/www.keramika.com\/srbija\/wp-json\/wp\/v2\/media\/90113"}],"wp:attachment":[{"href":"https:\/\/www.keramika.com\/srbija\/wp-json\/wp\/v2\/media?parent=90112"}],"wp:term":[{"taxonomy":"product_cat","embeddable":true,"href":"https:\/\/www.keramika.com\/srbija\/wp-json\/wp\/v2\/product_cat?post=90112"},{"taxonomy":"product_tag","embeddable":true,"href":"https:\/\/www.keramika.com\/srbija\/wp-json\/wp\/v2\/product_tag?post=90112"}],"curies":[{"name":"wp","href":"https:\/\/api.w.org\/{rel}","templated":true}]}}