{"id":90110,"date":"2017-07-01T20:31:35","date_gmt":"2017-07-01T20:31:35","guid":{"rendered":"http:\/\/www.ceramictiles.com\/srbija\/product\/keramika-fap-archi\/"},"modified":"2026-01-01T00:01:40","modified_gmt":"2026-01-01T00:01:40","slug":"keramika-fap-archi","status":"publish","type":"product","link":"https:\/\/www.keramika.com\/srbija\/keramika-fap-archi\/","title":{"rendered":"Keramika Fap Archi"},"content":{"rendered":"<p>7 mm debljina \u0107e zadovoljiti i najzahtevnije kupce. Zbog ni\u017eih tro\u0161kova, online prodaje, Vi \u0107e te na na\u0161oj strani ove plo\u010de platiti samo 2432,25 RSD. Izuzetno moderne plo\u010dice zelene boje, osve\u017eit \u0107e svaki prostor. plo\u010dica proizvo\u0111a\u010da Fap Ceramiche &#8211; Gruppo Concorde iz Italije. Dimenzije ovih plo\u010dica su 20&#215;20 cm.<\/p>\n<p>Kliknite na ime serije za sve plo\u010dice u toj seriji: <a class=\"pdfcatal\" href=\"\/\/www.ceramictiles.com\/pdf\/fap\/catalogue_fap_archicolors.pdf\" onclick=\"recordOutboundLink(this, 'E-mail', 'Description PDF');return false;\">Fap Ceramiche &#8211; Gruppo Concorde Archi<\/a><\/p>\n<p>Da bi naru\u010dili model iz PDF kataloga ove serije, molimo vas, da nas kontaktirate na: <a href=\"mailto:zo_mi@ceramictiles.com\" onclick=\"recordOutboundLink(this, 'E-mail', 'Description mail');return false;\">zo_mi@ceramictiles.com<\/a> ili nas pozovite na: For exact offer, PLS send us quantity and product you need with delivery address..<\/p>\n<p>Technical description: <\/p>\n<p>W 20X20 &#8211; F 20X20 ; <br \/>Archi Bianco ; Archi Bianco Grip ; Archi Polvere ; Archi Cenere ; Archi Cenere Grip ; Archi Matita ; Archi Ardesia ; Archi Celeste ; Archi Mare ; Archi Mare Grip ; Archi Denim ; Archi Glicine ; Archi Orchidea ; Archi Ametista ; Archi Ecru ; Archi Ecru Grip ; Archi Kaki ; Archi Kaki Grip ; Archi Tortora ; Archi Tortora Grip ; Archi Camoscio ; Archi Caff\u00e8 ; Archi Menta ; Archi Menta Grip ; Archi Asparago ; Archi Foresta ; Archi Limone ; Archi Mandarino ; Archi Fiamma ;<\/p>\n","protected":false},"excerpt":{"rendered":"<p>7 mm debljina \u0107e zadovoljiti i najzahtevnije kupce. Zbog ni\u017eih tro\u0161kova, online prodaje, Vi \u0107e te na na\u0161oj strani ove plo\u010de platiti samo 2432,25 RSD. Izuzetno moderne plo\u010dice zelene boje, osve\u017eit \u0107e svaki prostor. plo\u010dica proizvo\u0111a\u010da Fap Ceramiche &#8211; Gruppo Concorde iz Italije. Dimenzije ovih plo\u010dica su 20&#215;20 cm. Kliknite na ime serije za sve [&hellip;]<\/p>\n","protected":false},"featured_media":90111,"template":"","meta":[],"product_cat":[999519,200,240,999],"product_tag":[],"_links":{"self":[{"href":"https:\/\/www.keramika.com\/srbija\/wp-json\/wp\/v2\/product\/90110"}],"collection":[{"href":"https:\/\/www.keramika.com\/srbija\/wp-json\/wp\/v2\/product"}],"about":[{"href":"https:\/\/www.keramika.com\/srbija\/wp-json\/wp\/v2\/types\/product"}],"wp:featuredmedia":[{"embeddable":true,"href":"https:\/\/www.keramika.com\/srbija\/wp-json\/wp\/v2\/media\/90111"}],"wp:attachment":[{"href":"https:\/\/www.keramika.com\/srbija\/wp-json\/wp\/v2\/media?parent=90110"}],"wp:term":[{"taxonomy":"product_cat","embeddable":true,"href":"https:\/\/www.keramika.com\/srbija\/wp-json\/wp\/v2\/product_cat?post=90110"},{"taxonomy":"product_tag","embeddable":true,"href":"https:\/\/www.keramika.com\/srbija\/wp-json\/wp\/v2\/product_tag?post=90110"}],"curies":[{"name":"wp","href":"https:\/\/api.w.org\/{rel}","templated":true}]}}