{"id":90108,"date":"2017-07-01T20:31:13","date_gmt":"2017-07-01T20:31:13","guid":{"rendered":"http:\/\/www.ceramictiles.com\/srbija\/product\/plocice-za-kupatilo-fap-amour\/"},"modified":"2026-01-01T00:01:40","modified_gmt":"2026-01-01T00:01:40","slug":"plocice-za-kupatilo-fap-amour","status":"publish","type":"product","link":"https:\/\/www.keramika.com\/srbija\/plocice-za-kupatilo-fap-amour\/","title":{"rendered":"Plo\u010dice za kupatilo Fap Amour"},"content":{"rendered":"<p>Ove plo\u010dice dolaze od proizvo\u0111a\u010da Fap Ceramiche &#8211; Gruppo Concorde, iz Italije. Redovna cena, ovih plo\u010dica u maloprodaji je 5175 RSD. U na\u0161oj online trgovini, je mo\u017eete kupiti za 4140 RSD. \u0160irina i du\u017eina plo\u010dice su 25&#215;40 cm. 8 mm debljina \u0107e zadovoljiti i najzahtevnije kupce. Ta kolekcija, model plo\u010dice, se prodaje najvi\u0161e plave boje.<\/p>\n<p>Kliknite na ime serije za sve plo\u010dice u toj seriji: <a class=\"pdfcatal\" href=\"\/\/www.ceramictiles.com\/pdf\/fap\/catalogue_fap_amour.pdf\" onclick=\"recordOutboundLink(this, 'E-mail', 'Description PDF');return false;\">Fap Ceramiche &#8211; Gruppo Concorde Amour<\/a><\/p>\n<p>Da bi naru\u010dili model iz PDF kataloga ove serije, molimo vas, da nas kontaktirate na: <a href=\"mailto:zo_mi@ceramictiles.com\" onclick=\"recordOutboundLink(this, 'E-mail', 'Description mail');return false;\">zo_mi@ceramictiles.com<\/a> ili nas pozovite na: For exact offer, PLS send us quantity and product you need with delivery address..<\/p>\n<p>Technical description: <\/p>\n<p>W 25X45 ; 30.5X30.5 &#8211; F 31.5X31.5 ; <br \/>Amour Terre ; Amour Sable ; Amour Jardin ; Amour Glace ; Amour Glycine ; Amour Mer ; Amour Ciel Mosaico Rete ; Amour Sable Mosaico Rete ; Amour Glycine Mosaico Rete ; Amour Mer Mosaico Rete ; Amour Terre Mosaico Rete ; Amour Jardin Mosaico Rete ; Amour Metal Mosaico Rete ;<\/p>\n","protected":false},"excerpt":{"rendered":"<p>Ove plo\u010dice dolaze od proizvo\u0111a\u010da Fap Ceramiche &#8211; Gruppo Concorde, iz Italije. Redovna cena, ovih plo\u010dica u maloprodaji je 5175 RSD. U na\u0161oj online trgovini, je mo\u017eete kupiti za 4140 RSD. \u0160irina i du\u017eina plo\u010dice su 25&#215;40 cm. 8 mm debljina \u0107e zadovoljiti i najzahtevnije kupce. Ta kolekcija, model plo\u010dice, se prodaje najvi\u0161e plave boje. [&hellip;]<\/p>\n","protected":false},"featured_media":90109,"template":"","meta":[],"product_cat":[999519,200,999,250],"product_tag":[],"_links":{"self":[{"href":"https:\/\/www.keramika.com\/srbija\/wp-json\/wp\/v2\/product\/90108"}],"collection":[{"href":"https:\/\/www.keramika.com\/srbija\/wp-json\/wp\/v2\/product"}],"about":[{"href":"https:\/\/www.keramika.com\/srbija\/wp-json\/wp\/v2\/types\/product"}],"wp:featuredmedia":[{"embeddable":true,"href":"https:\/\/www.keramika.com\/srbija\/wp-json\/wp\/v2\/media\/90109"}],"wp:attachment":[{"href":"https:\/\/www.keramika.com\/srbija\/wp-json\/wp\/v2\/media?parent=90108"}],"wp:term":[{"taxonomy":"product_cat","embeddable":true,"href":"https:\/\/www.keramika.com\/srbija\/wp-json\/wp\/v2\/product_cat?post=90108"},{"taxonomy":"product_tag","embeddable":true,"href":"https:\/\/www.keramika.com\/srbija\/wp-json\/wp\/v2\/product_tag?post=90108"}],"curies":[{"name":"wp","href":"https:\/\/api.w.org\/{rel}","templated":true}]}}