{"id":90106,"date":"2017-07-01T20:30:56","date_gmt":"2017-07-01T20:30:56","guid":{"rendered":"http:\/\/www.ceramictiles.com\/srbija\/product\/zidne-plocice-fap-alba\/"},"modified":"2026-01-01T00:01:40","modified_gmt":"2026-01-01T00:01:40","slug":"zidne-plocice-fap-alba","status":"publish","type":"product","link":"https:\/\/www.keramika.com\/srbija\/zidne-plocice-fap-alba\/","title":{"rendered":"Zidne plo\u010dice Fap Alba"},"content":{"rendered":"<p>Plo\u010dice dolaze iz Italije, koja je poznata po kvalitetnoj keramiki. Plo\u010dica je debela 8 mm, \u0161to je ubraja u tvrde plo\u010dice. Zbog ni\u017eih tro\u0161kova, online prodaje, Vi \u0107e te na na\u0161oj strani ove plo\u010de platiti samo 3519 RSD. U izboru plo\u010dica roze boje, ne mo\u017eete pogre\u0161iti. Veli\u010dina plo\u010dice je 25&#215;40 cm i odli\u010dna je za razli\u010dite povr\u0161ine.<\/p>\n<p>Kliknite na ime serije za sve plo\u010dice u toj seriji: <a class=\"pdfcatal\" href=\"\/\/www.ceramictiles.com\/pdf\/fap\/catalogue_fap_alba.pdf\" onclick=\"recordOutboundLink(this, 'E-mail', 'Description PDF');return false;\">Fap Ceramiche &#8211; Gruppo Concorde Alba<\/a><\/p>\n<p>Da bi naru\u010dili model iz PDF kataloga ove serije, molimo vas, da nas kontaktirate na: <a href=\"mailto:zo_mi@ceramictiles.com\" onclick=\"recordOutboundLink(this, 'E-mail', 'Description mail');return false;\">zo_mi@ceramictiles.com<\/a> ili nas pozovite na: For exact offer, PLS send us quantity and product you need with delivery address..<\/p>\n<p>Technical description: <\/p>\n<p>W 25X45 &#8211; 30.5X30.5 ;<br \/> Alba Bianco ; Alba Nero ; Alba Grigio ; Alba Rosa ; Alba Marrone ; Alba Beige ; Alba Bianco Mosaico ; Alba Beige Bianco Mosaico ; Alba Rosa Bianco Mosaico ; Alba Nero Mosaico ; Alba Marrone Mosaico ;<\/p>\n","protected":false},"excerpt":{"rendered":"<p>Plo\u010dice dolaze iz Italije, koja je poznata po kvalitetnoj keramiki. Plo\u010dica je debela 8 mm, \u0161to je ubraja u tvrde plo\u010dice. Zbog ni\u017eih tro\u0161kova, online prodaje, Vi \u0107e te na na\u0161oj strani ove plo\u010de platiti samo 3519 RSD. U izboru plo\u010dica roze boje, ne mo\u017eete pogre\u0161iti. Veli\u010dina plo\u010dice je 25&#215;40 cm i odli\u010dna je za [&hellip;]<\/p>\n","protected":false},"featured_media":90107,"template":"","meta":[],"product_cat":[999519,200,999,250],"product_tag":[],"_links":{"self":[{"href":"https:\/\/www.keramika.com\/srbija\/wp-json\/wp\/v2\/product\/90106"}],"collection":[{"href":"https:\/\/www.keramika.com\/srbija\/wp-json\/wp\/v2\/product"}],"about":[{"href":"https:\/\/www.keramika.com\/srbija\/wp-json\/wp\/v2\/types\/product"}],"wp:featuredmedia":[{"embeddable":true,"href":"https:\/\/www.keramika.com\/srbija\/wp-json\/wp\/v2\/media\/90107"}],"wp:attachment":[{"href":"https:\/\/www.keramika.com\/srbija\/wp-json\/wp\/v2\/media?parent=90106"}],"wp:term":[{"taxonomy":"product_cat","embeddable":true,"href":"https:\/\/www.keramika.com\/srbija\/wp-json\/wp\/v2\/product_cat?post=90106"},{"taxonomy":"product_tag","embeddable":true,"href":"https:\/\/www.keramika.com\/srbija\/wp-json\/wp\/v2\/product_tag?post=90106"}],"curies":[{"name":"wp","href":"https:\/\/api.w.org\/{rel}","templated":true}]}}