{"id":90096,"date":"2017-07-01T20:29:22","date_gmt":"2017-07-01T20:29:22","guid":{"rendered":"http:\/\/www.ceramictiles.com\/srbija\/product\/projekt-plocice-casalgrande-padana-tuscolano-bianco\/"},"modified":"2026-01-01T00:01:38","modified_gmt":"2026-01-01T00:01:38","slug":"projekt-plocice-casalgrande-padana-tuscolano-bianco","status":"publish","type":"product","link":"https:\/\/www.keramika.com\/srbija\/projekt-plocice-casalgrande-padana-tuscolano-bianco\/","title":{"rendered":"Projekt plo\u010dice Casalgrande Padana Tuscolano Bianco"},"content":{"rendered":"<p>10 mm debljina \u0107e zadovoljiti i najzahtevnije kupce. Plo\u010dica na sliki je 40&#215;40 cm. Casalgrande Padana Tuscolano Bianco je dostupna po vrlo povoljnim cenama 3144,1 RSD. U izboru plo\u010dica bele boje, ne mo\u017eete pogre\u0161iti. Ove plo\u010dice dolaze od proizvo\u0111a\u010da Casalgrande Padana S.P.A., iz Italije.<\/p>\n<p>Kliknite na ime serije za sve plo\u010dice u toj seriji: <a class=\"pdfcatal\" href=\"\/\/www.ceramictiles.com\/pdf\/casalgrandepadana\/catalogue_casalgrande_padana_tuscolano.pdf\" onclick=\"recordOutboundLink(this, 'E-mail', 'Description PDF');return false;\">Casalgrande Padana S.P.A. Tuscolano<\/a><\/p>\n<p>Da bi naru\u010dili model iz PDF kataloga ove serije, molimo vas, da nas kontaktirate na: <a href=\"mailto:zo_mi@ceramictiles.com\" onclick=\"recordOutboundLink(this, 'E-mail', 'Description mail');return false;\">zo_mi@ceramictiles.com<\/a> ili nas pozovite na: For exact offer, PLS send us quantity and product you need with delivery address..<\/p>\n<p>Technical description: <br \/> F 15&#215;15 ; 40&#215;40 <br \/>Tuscolano Bianco  ; Tuscolano Bianco Levigato ; Tuscolano Noce ; Tuscolano Noce Levigato ; Tuscolano Giallo ; Tuscolano Giallo Levigato ;<\/p>\n","protected":false},"excerpt":{"rendered":"<p>10 mm debljina \u0107e zadovoljiti i najzahtevnije kupce. Plo\u010dica na sliki je 40&#215;40 cm. Casalgrande Padana Tuscolano Bianco je dostupna po vrlo povoljnim cenama 3144,1 RSD. U izboru plo\u010dica bele boje, ne mo\u017eete pogre\u0161iti. Ove plo\u010dice dolaze od proizvo\u0111a\u010da Casalgrande Padana S.P.A., iz Italije. Kliknite na ime serije za sve plo\u010dice u toj seriji: Casalgrande [&hellip;]<\/p>\n","protected":false},"featured_media":90097,"template":"","meta":[],"product_cat":[999448,200,240,999],"product_tag":[],"_links":{"self":[{"href":"https:\/\/www.keramika.com\/srbija\/wp-json\/wp\/v2\/product\/90096"}],"collection":[{"href":"https:\/\/www.keramika.com\/srbija\/wp-json\/wp\/v2\/product"}],"about":[{"href":"https:\/\/www.keramika.com\/srbija\/wp-json\/wp\/v2\/types\/product"}],"wp:featuredmedia":[{"embeddable":true,"href":"https:\/\/www.keramika.com\/srbija\/wp-json\/wp\/v2\/media\/90097"}],"wp:attachment":[{"href":"https:\/\/www.keramika.com\/srbija\/wp-json\/wp\/v2\/media?parent=90096"}],"wp:term":[{"taxonomy":"product_cat","embeddable":true,"href":"https:\/\/www.keramika.com\/srbija\/wp-json\/wp\/v2\/product_cat?post=90096"},{"taxonomy":"product_tag","embeddable":true,"href":"https:\/\/www.keramika.com\/srbija\/wp-json\/wp\/v2\/product_tag?post=90096"}],"curies":[{"name":"wp","href":"https:\/\/api.w.org\/{rel}","templated":true}]}}