{"id":90090,"date":"2017-07-01T20:28:27","date_gmt":"2017-07-01T20:28:27","guid":{"rendered":"http:\/\/www.ceramictiles.com\/srbija\/product\/podne-i-zidne-plocice-casalgrande-padana-terre-toscane-montepulciano\/"},"modified":"2026-01-01T00:01:38","modified_gmt":"2026-01-01T00:01:38","slug":"podne-i-zidne-plocice-casalgrande-padana-terre-toscane-montepulciano","status":"publish","type":"product","link":"https:\/\/www.keramika.com\/srbija\/podne-i-zidne-plocice-casalgrande-padana-terre-toscane-montepulciano\/","title":{"rendered":"Podne i zidne plo\u010dice Casalgrande Padana Terre Toscane Montepulciano"},"content":{"rendered":"<p>Ta kolekcija, model plo\u010dice, se prodaje najvi\u0161e bele boje. \u0160irina i du\u017eina plo\u010dice su 30&#215;30 cm. 8 mm debljine je dovoljno za zahtevnije kupce. U maloprodaji bi morali za tu plo\u010dicu platiti 6185,85 RSD, online cena je samo 4948,45 RSD. Ove plo\u010dice dolaze od proizvo\u0111a\u010da Casalgrande Padana S.P.A., iz Italije.<\/p>\n<p>Kliknite na ime serije za sve plo\u010dice u toj seriji: <a class=\"pdfcatal\" href=\"\/\/www.ceramictiles.com\/pdf\/casalgrandepadana\/catalogue_casalgrande_padana_terre_toscane.pdf\" onclick=\"recordOutboundLink(this, 'E-mail', 'Description PDF');return false;\">Casalgrande Padana S.P.A. Terre Toscane<\/a><\/p>\n<p>Da bi naru\u010dili model iz PDF kataloga ove serije, molimo vas, da nas kontaktirate na: <a href=\"mailto:zo_mi@ceramictiles.com\" onclick=\"recordOutboundLink(this, 'E-mail', 'Description mail');return false;\">zo_mi@ceramictiles.com<\/a> ili nas pozovite na: For exact offer, PLS send us quantity and product you need with delivery address..<\/p>\n<p>Technical description: <br \/> W &#038; F 30&#215;30 ; 30&#215;60 ; 60&#215;60 <br \/>Monteriggioni ; Verazzano ; Gaiole ; Volpaia ; San Casciano ; Greve ; Montepulciano ; San Gimignano ;<\/p>\n","protected":false},"excerpt":{"rendered":"<p>Ta kolekcija, model plo\u010dice, se prodaje najvi\u0161e bele boje. \u0160irina i du\u017eina plo\u010dice su 30&#215;30 cm. 8 mm debljine je dovoljno za zahtevnije kupce. U maloprodaji bi morali za tu plo\u010dicu platiti 6185,85 RSD, online cena je samo 4948,45 RSD. Ove plo\u010dice dolaze od proizvo\u0111a\u010da Casalgrande Padana S.P.A., iz Italije. Kliknite na ime serije za [&hellip;]<\/p>\n","protected":false},"featured_media":90091,"template":"","meta":[],"product_cat":[999448,200,240,999],"product_tag":[],"_links":{"self":[{"href":"https:\/\/www.keramika.com\/srbija\/wp-json\/wp\/v2\/product\/90090"}],"collection":[{"href":"https:\/\/www.keramika.com\/srbija\/wp-json\/wp\/v2\/product"}],"about":[{"href":"https:\/\/www.keramika.com\/srbija\/wp-json\/wp\/v2\/types\/product"}],"wp:featuredmedia":[{"embeddable":true,"href":"https:\/\/www.keramika.com\/srbija\/wp-json\/wp\/v2\/media\/90091"}],"wp:attachment":[{"href":"https:\/\/www.keramika.com\/srbija\/wp-json\/wp\/v2\/media?parent=90090"}],"wp:term":[{"taxonomy":"product_cat","embeddable":true,"href":"https:\/\/www.keramika.com\/srbija\/wp-json\/wp\/v2\/product_cat?post=90090"},{"taxonomy":"product_tag","embeddable":true,"href":"https:\/\/www.keramika.com\/srbija\/wp-json\/wp\/v2\/product_tag?post=90090"}],"curies":[{"name":"wp","href":"https:\/\/api.w.org\/{rel}","templated":true}]}}