{"id":90088,"date":"2017-07-01T20:28:06","date_gmt":"2017-07-01T20:28:06","guid":{"rendered":"http:\/\/www.ceramictiles.com\/srbija\/product\/podne-plocice-casalgrande-padana-terre-d-umbria-spoleto\/"},"modified":"2026-01-01T00:01:37","modified_gmt":"2026-01-01T00:01:37","slug":"podne-plocice-casalgrande-padana-terre-d-umbria-spoleto","status":"publish","type":"product","link":"https:\/\/www.keramika.com\/srbija\/podne-plocice-casalgrande-padana-terre-d-umbria-spoleto\/","title":{"rendered":"Podne plo\u010dice Casalgrande Padana Terre D Umbria Spoleto"},"content":{"rendered":"<p>U maloprodaji bi morali za tu plo\u010dicu platiti 3420,1 RSD, online cena je samo 2735,85 RSD. Veli\u010dina ove plo\u010dice je 33,3&#215;33,3 cm. Keramika je prekrasne be\u017e boje. U koliko \u017eelite neku drugu boju, pozovite nas i mi \u0107emo proveriti kod proizvo\u0111a\u010da. 8 mm debljine je dovoljno za zahtevnije kupce. Plo\u010dice dolaze iz Italije, koja je poznata po kvalitetnoj keramiki.<\/p>\n<p>Kliknite na ime serije za sve plo\u010dice u toj seriji: <a class=\"pdfcatal\" href=\"\/\/www.ceramictiles.com\/pdf\/casalgrandepadana\/catalogue_casalgrande_padana_terre_d_umbria.pdf\" onclick=\"recordOutboundLink(this, 'E-mail', 'Description PDF');return false;\">Casalgrande Padana S.P.A. Terre D Umbria<\/a><\/p>\n<p>Da bi naru\u010dili model iz PDF kataloga ove serije, molimo vas, da nas kontaktirate na: <a href=\"mailto:zo_mi@ceramictiles.com\" onclick=\"recordOutboundLink(this, 'E-mail', 'Description mail');return false;\">zo_mi@ceramictiles.com<\/a> ili nas pozovite na: For exact offer, PLS send us quantity and product you need with delivery address..<\/p>\n<p>Technical description: <br \/> F 16,5&#215;16,5 ; 16,5&#215;33,3 ; 33,3&#215;33,3 <br \/>Assisi ; Spoleto ; Foligno ; Todi ; Spello ;<\/p>\n","protected":false},"excerpt":{"rendered":"<p>U maloprodaji bi morali za tu plo\u010dicu platiti 3420,1 RSD, online cena je samo 2735,85 RSD. Veli\u010dina ove plo\u010dice je 33,3&#215;33,3 cm. Keramika je prekrasne be\u017e boje. U koliko \u017eelite neku drugu boju, pozovite nas i mi \u0107emo proveriti kod proizvo\u0111a\u010da. 8 mm debljine je dovoljno za zahtevnije kupce. Plo\u010dice dolaze iz Italije, koja je [&hellip;]<\/p>\n","protected":false},"featured_media":90089,"template":"","meta":[],"product_cat":[999448,200,240,999],"product_tag":[],"_links":{"self":[{"href":"https:\/\/www.keramika.com\/srbija\/wp-json\/wp\/v2\/product\/90088"}],"collection":[{"href":"https:\/\/www.keramika.com\/srbija\/wp-json\/wp\/v2\/product"}],"about":[{"href":"https:\/\/www.keramika.com\/srbija\/wp-json\/wp\/v2\/types\/product"}],"wp:featuredmedia":[{"embeddable":true,"href":"https:\/\/www.keramika.com\/srbija\/wp-json\/wp\/v2\/media\/90089"}],"wp:attachment":[{"href":"https:\/\/www.keramika.com\/srbija\/wp-json\/wp\/v2\/media?parent=90088"}],"wp:term":[{"taxonomy":"product_cat","embeddable":true,"href":"https:\/\/www.keramika.com\/srbija\/wp-json\/wp\/v2\/product_cat?post=90088"},{"taxonomy":"product_tag","embeddable":true,"href":"https:\/\/www.keramika.com\/srbija\/wp-json\/wp\/v2\/product_tag?post=90088"}],"curies":[{"name":"wp","href":"https:\/\/api.w.org\/{rel}","templated":true}]}}