{"id":90086,"date":"2017-07-01T20:27:45","date_gmt":"2017-07-01T20:27:45","guid":{"rendered":"http:\/\/www.ceramictiles.com\/srbija\/product\/podne-plocice-casalgrande-padana-rocks-alpi\/"},"modified":"2026-01-01T00:01:37","modified_gmt":"2026-01-01T00:01:37","slug":"podne-plocice-casalgrande-padana-rocks-alpi","status":"publish","type":"product","link":"https:\/\/www.keramika.com\/srbija\/podne-plocice-casalgrande-padana-rocks-alpi\/","title":{"rendered":"Podne plo\u010dice Casalgrande Padana Rocks Alpi"},"content":{"rendered":"<p>3347,65 RSD je redovna prodajna cena keramike, tu pa samo 2678,35 RSD. Debljina plo\u010dice, je vrlo va\u017ena 8 mm i ubraja tu plo\u010dicu me\u0111u najkvalitetnije. Veli\u010dina 30&#215;30 cm je odli\u010dna za sve podloge. Ove braon kerami\u010dke plo\u010dice, obogatit \u0107e svaki prostor. Casalgrande Padana Rocks Alpi dolazi iz Italije, koja je poznata po vrlo visokoj kvaliteta keramike u svetu.<\/p>\n<p>Kliknite na ime serije za sve plo\u010dice u toj seriji: <a class=\"pdfcatal\" href=\"\/\/www.ceramictiles.com\/pdf\/casalgrandepadana\/catalogue_casalgrande_padana_rocks.pdf\" onclick=\"recordOutboundLink(this, 'E-mail', 'Description PDF');return false;\">Casalgrande Padana S.P.A. Rocks<\/a><\/p>\n<p>Da bi naru\u010dili model iz PDF kataloga ove serije, molimo vas, da nas kontaktirate na: <a href=\"mailto:zo_mi@ceramictiles.com\" onclick=\"recordOutboundLink(this, 'E-mail', 'Description mail');return false;\">zo_mi@ceramictiles.com<\/a> ili nas pozovite na: For exact offer, PLS send us quantity and product you need with delivery address..<\/p>\n<p>Technical description: <br \/> F 15&#215;30 ; 30&#215;30 <br \/>Himalaya ; Atlante ; Ande ; Alpi ;<\/p>\n","protected":false},"excerpt":{"rendered":"<p>3347,65 RSD je redovna prodajna cena keramike, tu pa samo 2678,35 RSD. Debljina plo\u010dice, je vrlo va\u017ena 8 mm i ubraja tu plo\u010dicu me\u0111u najkvalitetnije. Veli\u010dina 30&#215;30 cm je odli\u010dna za sve podloge. Ove braon kerami\u010dke plo\u010dice, obogatit \u0107e svaki prostor. Casalgrande Padana Rocks Alpi dolazi iz Italije, koja je poznata po vrlo visokoj kvaliteta [&hellip;]<\/p>\n","protected":false},"featured_media":90087,"template":"","meta":[],"product_cat":[999448,200,240,999],"product_tag":[],"_links":{"self":[{"href":"https:\/\/www.keramika.com\/srbija\/wp-json\/wp\/v2\/product\/90086"}],"collection":[{"href":"https:\/\/www.keramika.com\/srbija\/wp-json\/wp\/v2\/product"}],"about":[{"href":"https:\/\/www.keramika.com\/srbija\/wp-json\/wp\/v2\/types\/product"}],"wp:featuredmedia":[{"embeddable":true,"href":"https:\/\/www.keramika.com\/srbija\/wp-json\/wp\/v2\/media\/90087"}],"wp:attachment":[{"href":"https:\/\/www.keramika.com\/srbija\/wp-json\/wp\/v2\/media?parent=90086"}],"wp:term":[{"taxonomy":"product_cat","embeddable":true,"href":"https:\/\/www.keramika.com\/srbija\/wp-json\/wp\/v2\/product_cat?post=90086"},{"taxonomy":"product_tag","embeddable":true,"href":"https:\/\/www.keramika.com\/srbija\/wp-json\/wp\/v2\/product_tag?post=90086"}],"curies":[{"name":"wp","href":"https:\/\/api.w.org\/{rel}","templated":true}]}}