{"id":90084,"date":"2017-07-01T20:27:30","date_gmt":"2017-07-01T20:27:30","guid":{"rendered":"http:\/\/www.ceramictiles.com\/srbija\/product\/plocice-za-kupatilo-casalgrande-padana-riflessi-zaffiro\/"},"modified":"2026-01-01T00:01:37","modified_gmt":"2026-01-01T00:01:37","slug":"plocice-za-kupatilo-casalgrande-padana-riflessi-zaffiro","status":"publish","type":"product","link":"https:\/\/www.keramika.com\/srbija\/plocice-za-kupatilo-casalgrande-padana-riflessi-zaffiro\/","title":{"rendered":"Plo\u010dice za kupatilo Casalgrande Padana Riflessi Zaffiro"},"content":{"rendered":"<p>Online cena je samo 2910,65 RSD, dok redovna, maloprodajna cena 3638,6 RSD. 7 mm debljina \u0107e zadovoljiti i najzahtevnije kupce. Plo\u010dica 20&#215;20 cm je dobra za ve\u0107 razli\u010ditih namena. Casalgrande Padana Riflessi Zaffiro dolazi iz Italije, koja je poznata po vrlo visokoj kvaliteta keramike u svetu. Plo\u010dice plave boje osvje\u017eit \u0107e svaki prostor.<\/p>\n<p>Kliknite na ime serije za sve plo\u010dice u toj seriji: <a class=\"pdfcatal\" href=\"\/\/www.ceramictiles.com\/pdf\/casalgrandepadana\/catalogue_casalgrande_padana_riflessi.pdf\" onclick=\"recordOutboundLink(this, 'E-mail', 'Description PDF');return false;\">Casalgrande Padana S.P.A. Riflessi<\/a><\/p>\n<p>Da bi naru\u010dili model iz PDF kataloga ove serije, molimo vas, da nas kontaktirate na: <a href=\"mailto:zo_mi@ceramictiles.com\" onclick=\"recordOutboundLink(this, 'E-mail', 'Description mail');return false;\">zo_mi@ceramictiles.com<\/a> ili nas pozovite na: For exact offer, PLS send us quantity and product you need with delivery address..<\/p>\n<p>Technical description: <br \/> W &#038; F 20&#215;20 <br \/>Ambra ; Topazio ; Opale ; Ametista ; Agata ; Turchese ; Zaffiro ; Giada ;<\/p>\n","protected":false},"excerpt":{"rendered":"<p>Online cena je samo 2910,65 RSD, dok redovna, maloprodajna cena 3638,6 RSD. 7 mm debljina \u0107e zadovoljiti i najzahtevnije kupce. Plo\u010dica 20&#215;20 cm je dobra za ve\u0107 razli\u010ditih namena. Casalgrande Padana Riflessi Zaffiro dolazi iz Italije, koja je poznata po vrlo visokoj kvaliteta keramike u svetu. Plo\u010dice plave boje osvje\u017eit \u0107e svaki prostor. Kliknite na [&hellip;]<\/p>\n","protected":false},"featured_media":90085,"template":"","meta":[],"product_cat":[999448,200,999,250],"product_tag":[],"_links":{"self":[{"href":"https:\/\/www.keramika.com\/srbija\/wp-json\/wp\/v2\/product\/90084"}],"collection":[{"href":"https:\/\/www.keramika.com\/srbija\/wp-json\/wp\/v2\/product"}],"about":[{"href":"https:\/\/www.keramika.com\/srbija\/wp-json\/wp\/v2\/types\/product"}],"wp:featuredmedia":[{"embeddable":true,"href":"https:\/\/www.keramika.com\/srbija\/wp-json\/wp\/v2\/media\/90085"}],"wp:attachment":[{"href":"https:\/\/www.keramika.com\/srbija\/wp-json\/wp\/v2\/media?parent=90084"}],"wp:term":[{"taxonomy":"product_cat","embeddable":true,"href":"https:\/\/www.keramika.com\/srbija\/wp-json\/wp\/v2\/product_cat?post=90084"},{"taxonomy":"product_tag","embeddable":true,"href":"https:\/\/www.keramika.com\/srbija\/wp-json\/wp\/v2\/product_tag?post=90084"}],"curies":[{"name":"wp","href":"https:\/\/api.w.org\/{rel}","templated":true}]}}