{"id":90082,"date":"2017-07-01T20:27:14","date_gmt":"2017-07-01T20:27:14","guid":{"rendered":"http:\/\/www.ceramictiles.com\/srbija\/product\/podne-plocice-casalgrande-padana-residence-beige\/"},"modified":"2026-01-01T00:01:37","modified_gmt":"2026-01-01T00:01:37","slug":"podne-plocice-casalgrande-padana-residence-beige","status":"publish","type":"product","link":"https:\/\/www.keramika.com\/srbija\/podne-plocice-casalgrande-padana-residence-beige\/","title":{"rendered":"Podne plo\u010dice Casalgrande Padana Residence Beige"},"content":{"rendered":"<p>2910,65 RSD je redovna prodajna cena keramike, tu pa samo 2328,75 RSD. Plo\u010dice be\u017e boje, su letos izuzetno tre\u017eene. Plo\u010dica 33,3&#215;33,3 cm je dobra za ve\u0107 razli\u010ditih namena. 8 mm debljina \u0107e zadovoljiti i najzahtevnije kupce. Casalgrande Padana Residence Beige je proizvod iz Italije te je izuzetno kvalitetna.<\/p>\n<p>Kliknite na ime serije za sve plo\u010dice u toj seriji: <a class=\"pdfcatal\" href=\"\/\/www.ceramictiles.com\/pdf\/casalgrandepadana\/catalogue_casalgrande_padana_residence.pdf\" onclick=\"recordOutboundLink(this, 'E-mail', 'Description PDF');return false;\">Casalgrande Padana S.P.A. Residence<\/a><\/p>\n<p>Da bi naru\u010dili model iz PDF kataloga ove serije, molimo vas, da nas kontaktirate na: <a href=\"mailto:zo_mi@ceramictiles.com\" onclick=\"recordOutboundLink(this, 'E-mail', 'Description mail');return false;\">zo_mi@ceramictiles.com<\/a> ili nas pozovite na: For exact offer, PLS send us quantity and product you need with delivery address..<\/p>\n<p>Technical description: <br \/> F 33,3&#215;33,3 ; 42&#215;42 <br \/>Residence Beige ; Residence Bianco ; Residence Grigio ; Residence Rosa ;<\/p>\n","protected":false},"excerpt":{"rendered":"<p>2910,65 RSD je redovna prodajna cena keramike, tu pa samo 2328,75 RSD. Plo\u010dice be\u017e boje, su letos izuzetno tre\u017eene. Plo\u010dica 33,3&#215;33,3 cm je dobra za ve\u0107 razli\u010ditih namena. 8 mm debljina \u0107e zadovoljiti i najzahtevnije kupce. Casalgrande Padana Residence Beige je proizvod iz Italije te je izuzetno kvalitetna. Kliknite na ime serije za sve plo\u010dice [&hellip;]<\/p>\n","protected":false},"featured_media":90083,"template":"","meta":[],"product_cat":[999448,200,240,999],"product_tag":[],"_links":{"self":[{"href":"https:\/\/www.keramika.com\/srbija\/wp-json\/wp\/v2\/product\/90082"}],"collection":[{"href":"https:\/\/www.keramika.com\/srbija\/wp-json\/wp\/v2\/product"}],"about":[{"href":"https:\/\/www.keramika.com\/srbija\/wp-json\/wp\/v2\/types\/product"}],"wp:featuredmedia":[{"embeddable":true,"href":"https:\/\/www.keramika.com\/srbija\/wp-json\/wp\/v2\/media\/90083"}],"wp:attachment":[{"href":"https:\/\/www.keramika.com\/srbija\/wp-json\/wp\/v2\/media?parent=90082"}],"wp:term":[{"taxonomy":"product_cat","embeddable":true,"href":"https:\/\/www.keramika.com\/srbija\/wp-json\/wp\/v2\/product_cat?post=90082"},{"taxonomy":"product_tag","embeddable":true,"href":"https:\/\/www.keramika.com\/srbija\/wp-json\/wp\/v2\/product_tag?post=90082"}],"curies":[{"name":"wp","href":"https:\/\/api.w.org\/{rel}","templated":true}]}}