{"id":90078,"date":"2017-07-01T20:26:42","date_gmt":"2017-07-01T20:26:42","guid":{"rendered":"http:\/\/www.ceramictiles.com\/srbija\/product\/kuhinjske-plocice-casalgrande-padana-porfido-naturale\/"},"modified":"2026-01-01T00:01:36","modified_gmt":"2026-01-01T00:01:36","slug":"kuhinjske-plocice-casalgrande-padana-porfido-naturale","status":"publish","type":"product","link":"https:\/\/www.keramika.com\/srbija\/kuhinjske-plocice-casalgrande-padana-porfido-naturale\/","title":{"rendered":"Kuhinjske plo\u010dice Casalgrande Padana Porfido Naturale"},"content":{"rendered":"<p>Casalgrande Padana Porfido Naturale je proizvod iz Italije te je izuzetno kvalitetna. Veli\u010dina 30&#215;30 cm je odli\u010dna za sve podloge. 5748,85 RSD je redovna prodajna cena keramike, tu pa samo 4598,85 RSD. Plo\u010dice braon boje, su letos izuzetno tre\u017eene. Debljina 9 mm \u010dini plo\u010dicu vrlo izdr\u017eljivom i prijatnom na dodir.<\/p>\n<p>Kliknite na ime serije za sve plo\u010dice u toj seriji: <a class=\"pdfcatal\" href=\"\/\/www.ceramictiles.com\/pdf\/casalgrandepadana\/catalogue_casalgrande_padana_porfido.pdf\" onclick=\"recordOutboundLink(this, 'E-mail', 'Description PDF');return false;\">Casalgrande Padana S.P.A. Porfido<\/a><\/p>\n<p>Da bi naru\u010dili model iz PDF kataloga ove serije, molimo vas, da nas kontaktirate na: <a href=\"mailto:zo_mi@ceramictiles.com\" onclick=\"recordOutboundLink(this, 'E-mail', 'Description mail');return false;\">zo_mi@ceramictiles.com<\/a> ili nas pozovite na: For exact offer, PLS send us quantity and product you need with delivery address..<\/p>\n<p>Technical description: <br \/> F 15&#215;15 ; 30&#215;30 ; 30&#215;60 ; 40&#215;40 <br \/>Porfido Naturale ; Porfido Levigato ;<\/p>\n","protected":false},"excerpt":{"rendered":"<p>Casalgrande Padana Porfido Naturale je proizvod iz Italije te je izuzetno kvalitetna. Veli\u010dina 30&#215;30 cm je odli\u010dna za sve podloge. 5748,85 RSD je redovna prodajna cena keramike, tu pa samo 4598,85 RSD. Plo\u010dice braon boje, su letos izuzetno tre\u017eene. Debljina 9 mm \u010dini plo\u010dicu vrlo izdr\u017eljivom i prijatnom na dodir. Kliknite na ime serije za [&hellip;]<\/p>\n","protected":false},"featured_media":90079,"template":"","meta":[],"product_cat":[999448,200,240,999],"product_tag":[],"_links":{"self":[{"href":"https:\/\/www.keramika.com\/srbija\/wp-json\/wp\/v2\/product\/90078"}],"collection":[{"href":"https:\/\/www.keramika.com\/srbija\/wp-json\/wp\/v2\/product"}],"about":[{"href":"https:\/\/www.keramika.com\/srbija\/wp-json\/wp\/v2\/types\/product"}],"wp:featuredmedia":[{"embeddable":true,"href":"https:\/\/www.keramika.com\/srbija\/wp-json\/wp\/v2\/media\/90079"}],"wp:attachment":[{"href":"https:\/\/www.keramika.com\/srbija\/wp-json\/wp\/v2\/media?parent=90078"}],"wp:term":[{"taxonomy":"product_cat","embeddable":true,"href":"https:\/\/www.keramika.com\/srbija\/wp-json\/wp\/v2\/product_cat?post=90078"},{"taxonomy":"product_tag","embeddable":true,"href":"https:\/\/www.keramika.com\/srbija\/wp-json\/wp\/v2\/product_tag?post=90078"}],"curies":[{"name":"wp","href":"https:\/\/api.w.org\/{rel}","templated":true}]}}