{"id":90074,"date":"2017-07-01T20:26:12","date_gmt":"2017-07-01T20:26:12","guid":{"rendered":"http:\/\/www.ceramictiles.com\/srbija\/product\/keramika-za-terase-casalgrande-padana-pietre-rare-cividale-brown\/"},"modified":"2026-01-01T00:01:36","modified_gmt":"2026-01-01T00:01:36","slug":"keramika-za-terase-casalgrande-padana-pietre-rare-cividale-brown","status":"publish","type":"product","link":"https:\/\/www.keramika.com\/srbija\/keramika-za-terase-casalgrande-padana-pietre-rare-cividale-brown\/","title":{"rendered":"Keramika za terase Casalgrande Padana Pietre Rare Cividale Brown"},"content":{"rendered":"<p>Plo\u010dica je debela 10 mm, \u0161to je ubraja u tvrde plo\u010dice. U maloprodaji bi morali za tu plo\u010dicu platiti 7277,2 RSD, online cena je samo 5821,3 RSD. \u0160irina i du\u017eina plo\u010dice su 30&#215;30 cm. Keramika je prekrasne braon boje. U koliko \u017eelite neku drugu boju, pozovite nas i mi \u0107emo proveriti kod proizvo\u0111a\u010da. Plo\u010dice dolaze iz Italije, koja je poznata po kvalitetnoj keramiki.<\/p>\n<p>Kliknite na ime serije za sve plo\u010dice u toj seriji: <a class=\"pdfcatal\" href=\"\/\/www.ceramictiles.com\/pdf\/casalgrandepadana\/catalogue_casalgrande_padana_pietre_rare.pdf\" onclick=\"recordOutboundLink(this, 'E-mail', 'Description PDF');return false;\">Casalgrande Padana S.P.A. Pietre Rare<\/a><\/p>\n<p>Da bi naru\u010dili model iz PDF kataloga ove serije, molimo vas, da nas kontaktirate na: <a href=\"mailto:zo_mi@ceramictiles.com\" onclick=\"recordOutboundLink(this, 'E-mail', 'Description mail');return false;\">zo_mi@ceramictiles.com<\/a> ili nas pozovite na: For exact offer, PLS send us quantity and product you need with delivery address..<\/p>\n<p>Technical description: <br \/> F 15&#215;60 ; 30&#215;30 ; 30&#215;60 ; 40&#215;40 ; 60&#215;60 <br \/>Cividale Brown ; Serena ; Varana ; Gascogne ; Cividale Grey ; Monviso ;<\/p>\n","protected":false},"excerpt":{"rendered":"<p>Plo\u010dica je debela 10 mm, \u0161to je ubraja u tvrde plo\u010dice. U maloprodaji bi morali za tu plo\u010dicu platiti 7277,2 RSD, online cena je samo 5821,3 RSD. \u0160irina i du\u017eina plo\u010dice su 30&#215;30 cm. Keramika je prekrasne braon boje. U koliko \u017eelite neku drugu boju, pozovite nas i mi \u0107emo proveriti kod proizvo\u0111a\u010da. Plo\u010dice dolaze [&hellip;]<\/p>\n","protected":false},"featured_media":90075,"template":"","meta":[],"product_cat":[999448,200,240,999],"product_tag":[99950091],"_links":{"self":[{"href":"https:\/\/www.keramika.com\/srbija\/wp-json\/wp\/v2\/product\/90074"}],"collection":[{"href":"https:\/\/www.keramika.com\/srbija\/wp-json\/wp\/v2\/product"}],"about":[{"href":"https:\/\/www.keramika.com\/srbija\/wp-json\/wp\/v2\/types\/product"}],"wp:featuredmedia":[{"embeddable":true,"href":"https:\/\/www.keramika.com\/srbija\/wp-json\/wp\/v2\/media\/90075"}],"wp:attachment":[{"href":"https:\/\/www.keramika.com\/srbija\/wp-json\/wp\/v2\/media?parent=90074"}],"wp:term":[{"taxonomy":"product_cat","embeddable":true,"href":"https:\/\/www.keramika.com\/srbija\/wp-json\/wp\/v2\/product_cat?post=90074"},{"taxonomy":"product_tag","embeddable":true,"href":"https:\/\/www.keramika.com\/srbija\/wp-json\/wp\/v2\/product_tag?post=90074"}],"curies":[{"name":"wp","href":"https:\/\/api.w.org\/{rel}","templated":true}]}}