{"id":90072,"date":"2017-07-01T20:25:57","date_gmt":"2017-07-01T20:25:57","guid":{"rendered":"http:\/\/www.ceramictiles.com\/srbija\/product\/podne-i-zidne-plocice-casalgrande-padana-pietre-etrusche-saturnia\/"},"modified":"2026-01-01T00:01:36","modified_gmt":"2026-01-01T00:01:36","slug":"podne-i-zidne-plocice-casalgrande-padana-pietre-etrusche-saturnia","status":"publish","type":"product","link":"https:\/\/www.keramika.com\/srbija\/podne-i-zidne-plocice-casalgrande-padana-pietre-etrusche-saturnia\/","title":{"rendered":"Podne i zidne plo\u010dice Casalgrande Padana Pietre Etrusche Saturnia"},"content":{"rendered":"<p>Plo\u010dica na sliki je 30&#215;30 cm. Casalgrande Padana Pietre Etrusche Saturnia je proizvod iz Italije te je izuzetno kvalitetna. 10 mm debljina \u0107e zadovoljiti i najzahtevnije kupce. Zbog ni\u017eih tro\u0161kova, online prodaje, Vi \u0107e te na na\u0161oj strani ove plo\u010de platiti samo 4598,85 RSD. Plo\u010dice be\u017e boje osvje\u017eit \u0107e svaki prostor.<\/p>\n<p>Kliknite na ime serije za sve plo\u010dice u toj seriji: <a class=\"pdfcatal\" href=\"\/\/www.ceramictiles.com\/pdf\/casalgrandepadana\/catalogue_casalgrande_padana_pietre_etrusche.pdf\" onclick=\"recordOutboundLink(this, 'E-mail', 'Description PDF');return false;\">Casalgrande Padana S.P.A. Pietre Etrusche<\/a><\/p>\n<p>Da bi naru\u010dili model iz PDF kataloga ove serije, molimo vas, da nas kontaktirate na: <a href=\"mailto:zo_mi@ceramictiles.com\" onclick=\"recordOutboundLink(this, 'E-mail', 'Description mail');return false;\">zo_mi@ceramictiles.com<\/a> ili nas pozovite na: For exact offer, PLS send us quantity and product you need with delivery address..<\/p>\n<p>Technical description: <br \/> W &#038; F 15&#215;15 ; 15&#215;60 ; 30&#215;30 ; 30&#215;60 ; 45&#215;45 ; 45&#215;90 ; 60&#215;60 <br \/>Manciano ; Vulci ; Capalbio ; Paestum ; Saturnia ; Sovana ; Santafiora ; Pitigliano ; Tuscania ;<\/p>\n","protected":false},"excerpt":{"rendered":"<p>Plo\u010dica na sliki je 30&#215;30 cm. Casalgrande Padana Pietre Etrusche Saturnia je proizvod iz Italije te je izuzetno kvalitetna. 10 mm debljina \u0107e zadovoljiti i najzahtevnije kupce. Zbog ni\u017eih tro\u0161kova, online prodaje, Vi \u0107e te na na\u0161oj strani ove plo\u010de platiti samo 4598,85 RSD. Plo\u010dice be\u017e boje osvje\u017eit \u0107e svaki prostor. Kliknite na ime serije [&hellip;]<\/p>\n","protected":false},"featured_media":90073,"template":"","meta":[],"product_cat":[999448,200,240,999],"product_tag":[],"_links":{"self":[{"href":"https:\/\/www.keramika.com\/srbija\/wp-json\/wp\/v2\/product\/90072"}],"collection":[{"href":"https:\/\/www.keramika.com\/srbija\/wp-json\/wp\/v2\/product"}],"about":[{"href":"https:\/\/www.keramika.com\/srbija\/wp-json\/wp\/v2\/types\/product"}],"wp:featuredmedia":[{"embeddable":true,"href":"https:\/\/www.keramika.com\/srbija\/wp-json\/wp\/v2\/media\/90073"}],"wp:attachment":[{"href":"https:\/\/www.keramika.com\/srbija\/wp-json\/wp\/v2\/media?parent=90072"}],"wp:term":[{"taxonomy":"product_cat","embeddable":true,"href":"https:\/\/www.keramika.com\/srbija\/wp-json\/wp\/v2\/product_cat?post=90072"},{"taxonomy":"product_tag","embeddable":true,"href":"https:\/\/www.keramika.com\/srbija\/wp-json\/wp\/v2\/product_tag?post=90072"}],"curies":[{"name":"wp","href":"https:\/\/api.w.org\/{rel}","templated":true}]}}