{"id":90070,"date":"2017-07-01T20:25:39","date_gmt":"2017-07-01T20:25:39","guid":{"rendered":"http:\/\/www.ceramictiles.com\/srbija\/product\/plocice-za-kupatilo-casalgrande-padana-pietre-di-sardegna-stintino\/"},"modified":"2026-01-01T00:01:35","modified_gmt":"2026-01-01T00:01:35","slug":"plocice-za-kupatilo-casalgrande-padana-pietre-di-sardegna-stintino","status":"publish","type":"product","link":"https:\/\/www.keramika.com\/srbija\/plocice-za-kupatilo-casalgrande-padana-pietre-di-sardegna-stintino\/","title":{"rendered":"Plo\u010dice za kupatilo Casalgrande Padana Pietre Di Sardegna Stintino"},"content":{"rendered":"<p>Online cena je samo 4716,15 RSD, dok redovna, maloprodajna cena 5894,9 RSD. Plo\u010dice be\u017e boje, su letos izuzetno tre\u017eene. 10 mm debljine je dovoljno za zahtevnije kupce. Veli\u010dina plo\u010dice je 30&#215;30 cm i odli\u010dna je za razli\u010dite povr\u0161ine. Proizvodnja Italije ,koja je poznata u svetu, kao jedana od najboljih proizvo\u0111a\u010da kerami\u010dkih plo\u010dica.<\/p>\n<p>Kliknite na ime serije za sve plo\u010dice u toj seriji: <a class=\"pdfcatal\" href=\"\/\/www.ceramictiles.com\/pdf\/casalgrandepadana\/catalogue_casalgrande_padana_pietre_di_sardegna.pdf\" onclick=\"recordOutboundLink(this, 'E-mail', 'Description PDF');return false;\">Casalgrande Padana S.P.A. Pietre Di Sardegna<\/a><\/p>\n<p>Da bi naru\u010dili model iz PDF kataloga ove serije, molimo vas, da nas kontaktirate na: <a href=\"mailto:zo_mi@ceramictiles.com\" onclick=\"recordOutboundLink(this, 'E-mail', 'Description mail');return false;\">zo_mi@ceramictiles.com<\/a> ili nas pozovite na: For exact offer, PLS send us quantity and product you need with delivery address..<\/p>\n<p>Technical description: <br \/> W &#038; F 15&#215;15 ; 15&#215;60 ; 30&#215;30 ; 30&#215;60 ; 45&#215;45 ; 45&#215;90 ; 60&#215;60 <br \/>Tavolara ; Caprera ; Punta Molara ; Stintino ; Porto Cervo ; Porto Rotondo ; Pevero ; Cala Luna ;<\/p>\n","protected":false},"excerpt":{"rendered":"<p>Online cena je samo 4716,15 RSD, dok redovna, maloprodajna cena 5894,9 RSD. Plo\u010dice be\u017e boje, su letos izuzetno tre\u017eene. 10 mm debljine je dovoljno za zahtevnije kupce. Veli\u010dina plo\u010dice je 30&#215;30 cm i odli\u010dna je za razli\u010dite povr\u0161ine. Proizvodnja Italije ,koja je poznata u svetu, kao jedana od najboljih proizvo\u0111a\u010da kerami\u010dkih plo\u010dica. Kliknite na ime [&hellip;]<\/p>\n","protected":false},"featured_media":90071,"template":"","meta":[],"product_cat":[999448,200,240,999],"product_tag":[],"_links":{"self":[{"href":"https:\/\/www.keramika.com\/srbija\/wp-json\/wp\/v2\/product\/90070"}],"collection":[{"href":"https:\/\/www.keramika.com\/srbija\/wp-json\/wp\/v2\/product"}],"about":[{"href":"https:\/\/www.keramika.com\/srbija\/wp-json\/wp\/v2\/types\/product"}],"wp:featuredmedia":[{"embeddable":true,"href":"https:\/\/www.keramika.com\/srbija\/wp-json\/wp\/v2\/media\/90071"}],"wp:attachment":[{"href":"https:\/\/www.keramika.com\/srbija\/wp-json\/wp\/v2\/media?parent=90070"}],"wp:term":[{"taxonomy":"product_cat","embeddable":true,"href":"https:\/\/www.keramika.com\/srbija\/wp-json\/wp\/v2\/product_cat?post=90070"},{"taxonomy":"product_tag","embeddable":true,"href":"https:\/\/www.keramika.com\/srbija\/wp-json\/wp\/v2\/product_tag?post=90070"}],"curies":[{"name":"wp","href":"https:\/\/api.w.org\/{rel}","templated":true}]}}