{"id":90066,"date":"2017-07-01T20:25:09","date_gmt":"2017-07-01T20:25:09","guid":{"rendered":"http:\/\/www.ceramictiles.com\/srbija\/product\/plocice-za-kupatilo-casalgrande-padana-pietra-norvegese-lillehammer\/"},"modified":"2026-01-01T00:01:35","modified_gmt":"2026-01-01T00:01:35","slug":"plocice-za-kupatilo-casalgrande-padana-pietra-norvegese-lillehammer","status":"publish","type":"product","link":"https:\/\/www.keramika.com\/srbija\/plocice-za-kupatilo-casalgrande-padana-pietra-norvegese-lillehammer\/","title":{"rendered":"Plo\u010dice za kupatilo Casalgrande Padana Pietra Norvegese Lillehammer"},"content":{"rendered":"<p>Ta kolekcija, model plo\u010dice, se prodaje najvi\u0161e sive boje. Ove plo\u010dice dolaze od proizvo\u0111a\u010da Casalgrande Padana S.P.A., iz Italije. Plo\u010dica je debela 10 mm, \u0161to je ubraja u tvrde plo\u010dice. \u0160irina i du\u017eina plo\u010dice su 30&#215;30 cm. 6113,4 RSD je redovna prodajna cena keramike, tu pa samo 4890,95 RSD.<\/p>\n<p>Kliknite na ime serije za sve plo\u010dice u toj seriji: <a class=\"pdfcatal\" href=\"\/\/www.ceramictiles.com\/pdf\/casalgrandepadana\/catalogue_casalgrande_padana_pietra_norvegese.pdf\" onclick=\"recordOutboundLink(this, 'E-mail', 'Description PDF');return false;\">Casalgrande Padana S.P.A. Pietra Norvegese<\/a><\/p>\n<p>Da bi naru\u010dili model iz PDF kataloga ove serije, molimo vas, da nas kontaktirate na: <a href=\"mailto:zo_mi@ceramictiles.com\" onclick=\"recordOutboundLink(this, 'E-mail', 'Description mail');return false;\">zo_mi@ceramictiles.com<\/a> ili nas pozovite na: For exact offer, PLS send us quantity and product you need with delivery address..<\/p>\n<p>Technical description: <br \/> W &#038; F 30&#215;30 ; 30&#215;60 <br \/>Narvik ; Otta ; Bergen ; Lillehammer ;<\/p>\n","protected":false},"excerpt":{"rendered":"<p>Ta kolekcija, model plo\u010dice, se prodaje najvi\u0161e sive boje. Ove plo\u010dice dolaze od proizvo\u0111a\u010da Casalgrande Padana S.P.A., iz Italije. Plo\u010dica je debela 10 mm, \u0161to je ubraja u tvrde plo\u010dice. \u0160irina i du\u017eina plo\u010dice su 30&#215;30 cm. 6113,4 RSD je redovna prodajna cena keramike, tu pa samo 4890,95 RSD. Kliknite na ime serije za sve [&hellip;]<\/p>\n","protected":false},"featured_media":90067,"template":"","meta":[],"product_cat":[999448,200,240,999],"product_tag":[],"_links":{"self":[{"href":"https:\/\/www.keramika.com\/srbija\/wp-json\/wp\/v2\/product\/90066"}],"collection":[{"href":"https:\/\/www.keramika.com\/srbija\/wp-json\/wp\/v2\/product"}],"about":[{"href":"https:\/\/www.keramika.com\/srbija\/wp-json\/wp\/v2\/types\/product"}],"wp:featuredmedia":[{"embeddable":true,"href":"https:\/\/www.keramika.com\/srbija\/wp-json\/wp\/v2\/media\/90067"}],"wp:attachment":[{"href":"https:\/\/www.keramika.com\/srbija\/wp-json\/wp\/v2\/media?parent=90066"}],"wp:term":[{"taxonomy":"product_cat","embeddable":true,"href":"https:\/\/www.keramika.com\/srbija\/wp-json\/wp\/v2\/product_cat?post=90066"},{"taxonomy":"product_tag","embeddable":true,"href":"https:\/\/www.keramika.com\/srbija\/wp-json\/wp\/v2\/product_tag?post=90066"}],"curies":[{"name":"wp","href":"https:\/\/api.w.org\/{rel}","templated":true}]}}