{"id":90060,"date":"2017-07-01T20:24:12","date_gmt":"2017-07-01T20:24:12","guid":{"rendered":"http:\/\/www.ceramictiles.com\/srbija\/product\/plocice-za-dnevnu-sobu-casalgrande-padana-pietra-di-baviera-grigia\/"},"modified":"2026-01-01T00:01:34","modified_gmt":"2026-01-01T00:01:34","slug":"plocice-za-dnevnu-sobu-casalgrande-padana-pietra-di-baviera-grigia","status":"publish","type":"product","link":"https:\/\/www.keramika.com\/srbija\/plocice-za-dnevnu-sobu-casalgrande-padana-pietra-di-baviera-grigia\/","title":{"rendered":"Plo\u010dice za dnevnu sobu Casalgrande Padana Pietra Di Baviera Grigia"},"content":{"rendered":"<p>Ove plo\u010dice dolaze od proizvo\u0111a\u010da Casalgrande Padana S.P.A., iz Italije. 8 mm debljine je dovoljno za zahtevnije kupce. Dimenzije ovih plo\u010dica su 30&#215;30 cm. 5748,85 RSD je redovna prodajna cena keramike, tu pa samo 4598,85 RSD. U izboru plo\u010dica sive boje, ne mo\u017eete pogre\u0161iti.<\/p>\n<p>Kliknite na ime serije za sve plo\u010dice u toj seriji: <a class=\"pdfcatal\" href=\"\/\/www.ceramictiles.com\/pdf\/casalgrandepadana\/catalogue_casalgrande_padana_pietra_di_baviera.pdf\" onclick=\"recordOutboundLink(this, 'E-mail', 'Description PDF');return false;\">Casalgrande Padana S.P.A. Pietra Di Baviera<\/a><\/p>\n<p>Da bi naru\u010dili model iz PDF kataloga ove serije, molimo vas, da nas kontaktirate na: <a href=\"mailto:zo_mi@ceramictiles.com\" onclick=\"recordOutboundLink(this, 'E-mail', 'Description mail');return false;\">zo_mi@ceramictiles.com<\/a> ili nas pozovite na: For exact offer, PLS send us quantity and product you need with delivery address..<\/p>\n<p>Technical description: <br \/> F 15&#215;15 ; 30&#215;30 ; 30&#215;60 ; 40&#215;40 <br \/>Baviera Ocra ; Baviera Beige ; Baviera Grigia ;<\/p>\n","protected":false},"excerpt":{"rendered":"<p>Ove plo\u010dice dolaze od proizvo\u0111a\u010da Casalgrande Padana S.P.A., iz Italije. 8 mm debljine je dovoljno za zahtevnije kupce. Dimenzije ovih plo\u010dica su 30&#215;30 cm. 5748,85 RSD je redovna prodajna cena keramike, tu pa samo 4598,85 RSD. U izboru plo\u010dica sive boje, ne mo\u017eete pogre\u0161iti. Kliknite na ime serije za sve plo\u010dice u toj seriji: Casalgrande [&hellip;]<\/p>\n","protected":false},"featured_media":90061,"template":"","meta":[],"product_cat":[999448,200,240,999],"product_tag":[99950097],"_links":{"self":[{"href":"https:\/\/www.keramika.com\/srbija\/wp-json\/wp\/v2\/product\/90060"}],"collection":[{"href":"https:\/\/www.keramika.com\/srbija\/wp-json\/wp\/v2\/product"}],"about":[{"href":"https:\/\/www.keramika.com\/srbija\/wp-json\/wp\/v2\/types\/product"}],"wp:featuredmedia":[{"embeddable":true,"href":"https:\/\/www.keramika.com\/srbija\/wp-json\/wp\/v2\/media\/90061"}],"wp:attachment":[{"href":"https:\/\/www.keramika.com\/srbija\/wp-json\/wp\/v2\/media?parent=90060"}],"wp:term":[{"taxonomy":"product_cat","embeddable":true,"href":"https:\/\/www.keramika.com\/srbija\/wp-json\/wp\/v2\/product_cat?post=90060"},{"taxonomy":"product_tag","embeddable":true,"href":"https:\/\/www.keramika.com\/srbija\/wp-json\/wp\/v2\/product_tag?post=90060"}],"curies":[{"name":"wp","href":"https:\/\/api.w.org\/{rel}","templated":true}]}}