{"id":90058,"date":"2017-07-01T20:23:58","date_gmt":"2017-07-01T20:23:58","guid":{"rendered":"http:\/\/www.ceramictiles.com\/srbija\/product\/podne-plocice-casalgrande-padana-pietra-blue-brut\/"},"modified":"2026-01-01T00:01:34","modified_gmt":"2026-01-01T00:01:34","slug":"podne-plocice-casalgrande-padana-pietra-blue-brut","status":"publish","type":"product","link":"https:\/\/www.keramika.com\/srbija\/podne-plocice-casalgrande-padana-pietra-blue-brut\/","title":{"rendered":"Podne plo\u010dice Casalgrande Padana Pietra Blue Brut"},"content":{"rendered":"<p>Umesto 5821,3 RSD \u0161to je redovna maloprodajna cena keramike, u na\u0161oj online prodavnici, je mo\u017eete dobiti za samo 4657,5 RSD. Plo\u010dice sive boje, su letos izuzetno tre\u017eene. Proizvodnja Italije ,koja je poznata u svetu, kao jedana od najboljih proizvo\u0111a\u010da kerami\u010dkih plo\u010dica. Veli\u010dina 30&#215;30 cm je odli\u010dna za sve podloge. 8 mm debljina \u0107e zadovoljiti i najzahtevnije kupce.<\/p>\n<p>Kliknite na ime serije za sve plo\u010dice u toj seriji: <a class=\"pdfcatal\" href=\"\/\/www.ceramictiles.com\/pdf\/casalgrandepadana\/catalogue_casalgrande_padana_pietra_blue.pdf\" onclick=\"recordOutboundLink(this, 'E-mail', 'Description PDF');return false;\">Casalgrande Padana S.P.A. Pietra Blue<\/a><\/p>\n<p>Da bi naru\u010dili model iz PDF kataloga ove serije, molimo vas, da nas kontaktirate na: <a href=\"mailto:zo_mi@ceramictiles.com\" onclick=\"recordOutboundLink(this, 'E-mail', 'Description mail');return false;\">zo_mi@ceramictiles.com<\/a> ili nas pozovite na: For exact offer, PLS send us quantity and product you need with delivery address..<\/p>\n<p>Technical description: <br \/> F 15&#215;15 ; 30&#215;30 ; 30&#215;60 ; 40&#215;40 ; 60&#215;60 <br \/>Blue Brut ; Blue Brut Fiammata ; Blue Moon ; Blue Moon Fiammata ;<\/p>\n","protected":false},"excerpt":{"rendered":"<p>Umesto 5821,3 RSD \u0161to je redovna maloprodajna cena keramike, u na\u0161oj online prodavnici, je mo\u017eete dobiti za samo 4657,5 RSD. Plo\u010dice sive boje, su letos izuzetno tre\u017eene. Proizvodnja Italije ,koja je poznata u svetu, kao jedana od najboljih proizvo\u0111a\u010da kerami\u010dkih plo\u010dica. Veli\u010dina 30&#215;30 cm je odli\u010dna za sve podloge. 8 mm debljina \u0107e zadovoljiti i [&hellip;]<\/p>\n","protected":false},"featured_media":90059,"template":"","meta":[],"product_cat":[999448,200,240,999],"product_tag":[],"_links":{"self":[{"href":"https:\/\/www.keramika.com\/srbija\/wp-json\/wp\/v2\/product\/90058"}],"collection":[{"href":"https:\/\/www.keramika.com\/srbija\/wp-json\/wp\/v2\/product"}],"about":[{"href":"https:\/\/www.keramika.com\/srbija\/wp-json\/wp\/v2\/types\/product"}],"wp:featuredmedia":[{"embeddable":true,"href":"https:\/\/www.keramika.com\/srbija\/wp-json\/wp\/v2\/media\/90059"}],"wp:attachment":[{"href":"https:\/\/www.keramika.com\/srbija\/wp-json\/wp\/v2\/media?parent=90058"}],"wp:term":[{"taxonomy":"product_cat","embeddable":true,"href":"https:\/\/www.keramika.com\/srbija\/wp-json\/wp\/v2\/product_cat?post=90058"},{"taxonomy":"product_tag","embeddable":true,"href":"https:\/\/www.keramika.com\/srbija\/wp-json\/wp\/v2\/product_tag?post=90058"}],"curies":[{"name":"wp","href":"https:\/\/api.w.org\/{rel}","templated":true}]}}