{"id":90052,"date":"2017-07-01T20:23:04","date_gmt":"2017-07-01T20:23:04","guid":{"rendered":"http:\/\/www.ceramictiles.com\/srbija\/product\/plocice-za-kupatilo-casalgrande-padana-palatino-augusto\/"},"modified":"2026-01-01T00:01:33","modified_gmt":"2026-01-01T00:01:33","slug":"plocice-za-kupatilo-casalgrande-padana-palatino-augusto","status":"publish","type":"product","link":"https:\/\/www.keramika.com\/srbija\/plocice-za-kupatilo-casalgrande-padana-palatino-augusto\/","title":{"rendered":"Plo\u010dice za kupatilo Casalgrande Padana Palatino Augusto"},"content":{"rendered":"<p>U izboru plo\u010dica braon boje, ne mo\u017eete pogre\u0161iti. Plo\u010dica je debela 10 mm, \u0161to je ubraja u tvrde plo\u010dice. Casalgrande Padana Palatino Augusto dolazi iz Italije, koja je poznata po vrlo visokoj kvaliteta keramike u svetu. Zbog ni\u017eih tro\u0161kova, online prodaje, Vi \u0107e te na na\u0161oj strani ove plo\u010de platiti samo 3609,85 RSD. Plo\u010dica na sliki je 30&#215;30 cm.<\/p>\n<p>Kliknite na ime serije za sve plo\u010dice u toj seriji: <a class=\"pdfcatal\" href=\"\/\/www.ceramictiles.com\/pdf\/casalgrandepadana\/catalogue_casalgrande_padana_palatino.pdf\" onclick=\"recordOutboundLink(this, 'E-mail', 'Description PDF');return false;\">Casalgrande Padana S.P.A. Palatino<\/a><\/p>\n<p>Da bi naru\u010dili model iz PDF kataloga ove serije, molimo vas, da nas kontaktirate na: <a href=\"mailto:zo_mi@ceramictiles.com\" onclick=\"recordOutboundLink(this, 'E-mail', 'Description mail');return false;\">zo_mi@ceramictiles.com<\/a> ili nas pozovite na: For exact offer, PLS send us quantity and product you need with delivery address..<\/p>\n<p>Technical description: <br \/> W &#038; F 30&#215;30 ; 30&#215;60 ; 45&#215;45 <br \/>Adriano ; Augusto ; Caligola ; Claudio ; Domiziano ; Tiberio ;<\/p>\n","protected":false},"excerpt":{"rendered":"<p>U izboru plo\u010dica braon boje, ne mo\u017eete pogre\u0161iti. Plo\u010dica je debela 10 mm, \u0161to je ubraja u tvrde plo\u010dice. Casalgrande Padana Palatino Augusto dolazi iz Italije, koja je poznata po vrlo visokoj kvaliteta keramike u svetu. Zbog ni\u017eih tro\u0161kova, online prodaje, Vi \u0107e te na na\u0161oj strani ove plo\u010de platiti samo 3609,85 RSD. Plo\u010dica na [&hellip;]<\/p>\n","protected":false},"featured_media":90053,"template":"","meta":[],"product_cat":[999448,200,240,999],"product_tag":[],"_links":{"self":[{"href":"https:\/\/www.keramika.com\/srbija\/wp-json\/wp\/v2\/product\/90052"}],"collection":[{"href":"https:\/\/www.keramika.com\/srbija\/wp-json\/wp\/v2\/product"}],"about":[{"href":"https:\/\/www.keramika.com\/srbija\/wp-json\/wp\/v2\/types\/product"}],"wp:featuredmedia":[{"embeddable":true,"href":"https:\/\/www.keramika.com\/srbija\/wp-json\/wp\/v2\/media\/90053"}],"wp:attachment":[{"href":"https:\/\/www.keramika.com\/srbija\/wp-json\/wp\/v2\/media?parent=90052"}],"wp:term":[{"taxonomy":"product_cat","embeddable":true,"href":"https:\/\/www.keramika.com\/srbija\/wp-json\/wp\/v2\/product_cat?post=90052"},{"taxonomy":"product_tag","embeddable":true,"href":"https:\/\/www.keramika.com\/srbija\/wp-json\/wp\/v2\/product_tag?post=90052"}],"curies":[{"name":"wp","href":"https:\/\/api.w.org\/{rel}","templated":true}]}}