{"id":90048,"date":"2017-07-01T20:22:32","date_gmt":"2017-07-01T20:22:32","guid":{"rendered":"http:\/\/www.ceramictiles.com\/srbija\/product\/plocice-za-dnevnu-sobu-casalgrande-padana-onice-grigio-levigato\/"},"modified":"2026-01-01T00:01:32","modified_gmt":"2026-01-01T00:01:32","slug":"plocice-za-dnevnu-sobu-casalgrande-padana-onice-grigio-levigato","status":"publish","type":"product","link":"https:\/\/www.keramika.com\/srbija\/plocice-za-dnevnu-sobu-casalgrande-padana-onice-grigio-levigato\/","title":{"rendered":"Plo\u010dice za dnevnu sobu Casalgrande Padana Onice Grigio Levigato"},"content":{"rendered":"<p>Casalgrande Padana Onice Grigio Levigato dolazi iz Italije, koja je poznata po vrlo visokoj kvaliteta keramike u svetu. Umesto 12371,7 RSD \u0161to je redovna maloprodajna cena keramike, u na\u0161oj online prodavnici, je mo\u017eete dobiti za samo 9896,9 RSD. Plo\u010dica na sliki je 30&#215;30 cm. Izuzetno moderne plo\u010dice sive boje, osve\u017eit \u0107e svaki prostor. 10 mm debljine je dovoljno za zahtevnije kupce.<\/p>\n<p>Kliknite na ime serije za sve plo\u010dice u toj seriji: <a class=\"pdfcatal\" href=\"\/\/www.ceramictiles.com\/pdf\/casalgrandepadana\/catalogue_casalgrande_padana_onici.pdf\" onclick=\"recordOutboundLink(this, 'E-mail', 'Description PDF');return false;\">Casalgrande Padana S.P.A. Onici<\/a><\/p>\n<p>Da bi naru\u010dili model iz PDF kataloga ove serije, molimo vas, da nas kontaktirate na: <a href=\"mailto:zo_mi@ceramictiles.com\" onclick=\"recordOutboundLink(this, 'E-mail', 'Description mail');return false;\">zo_mi@ceramictiles.com<\/a> ili nas pozovite na: For exact offer, PLS send us quantity and product you need with delivery address..<\/p>\n<p>Technical description: <br \/> F 30&#215;30 ; 30&#215;60 ; 60&#215;60 <br \/>Onice Verde ; Onice Beige ; Onice Grigio ; Onice Grigio-Rosa ;<\/p>\n","protected":false},"excerpt":{"rendered":"<p>Casalgrande Padana Onice Grigio Levigato dolazi iz Italije, koja je poznata po vrlo visokoj kvaliteta keramike u svetu. Umesto 12371,7 RSD \u0161to je redovna maloprodajna cena keramike, u na\u0161oj online prodavnici, je mo\u017eete dobiti za samo 9896,9 RSD. Plo\u010dica na sliki je 30&#215;30 cm. Izuzetno moderne plo\u010dice sive boje, osve\u017eit \u0107e svaki prostor. 10 mm [&hellip;]<\/p>\n","protected":false},"featured_media":90049,"template":"","meta":[],"product_cat":[999448,200,240,999],"product_tag":[99950097],"_links":{"self":[{"href":"https:\/\/www.keramika.com\/srbija\/wp-json\/wp\/v2\/product\/90048"}],"collection":[{"href":"https:\/\/www.keramika.com\/srbija\/wp-json\/wp\/v2\/product"}],"about":[{"href":"https:\/\/www.keramika.com\/srbija\/wp-json\/wp\/v2\/types\/product"}],"wp:featuredmedia":[{"embeddable":true,"href":"https:\/\/www.keramika.com\/srbija\/wp-json\/wp\/v2\/media\/90049"}],"wp:attachment":[{"href":"https:\/\/www.keramika.com\/srbija\/wp-json\/wp\/v2\/media?parent=90048"}],"wp:term":[{"taxonomy":"product_cat","embeddable":true,"href":"https:\/\/www.keramika.com\/srbija\/wp-json\/wp\/v2\/product_cat?post=90048"},{"taxonomy":"product_tag","embeddable":true,"href":"https:\/\/www.keramika.com\/srbija\/wp-json\/wp\/v2\/product_tag?post=90048"}],"curies":[{"name":"wp","href":"https:\/\/api.w.org\/{rel}","templated":true}]}}