{"id":90042,"date":"2017-07-01T20:21:43","date_gmt":"2017-07-01T20:21:43","guid":{"rendered":"http:\/\/www.ceramictiles.com\/srbija\/product\/podne-plocice-casalgrande-padana-novecento-aalto-honed\/"},"modified":"2026-01-01T00:01:32","modified_gmt":"2026-01-01T00:01:32","slug":"podne-plocice-casalgrande-padana-novecento-aalto-honed","status":"publish","type":"product","link":"https:\/\/www.keramika.com\/srbija\/podne-plocice-casalgrande-padana-novecento-aalto-honed\/","title":{"rendered":"Podne plo\u010dice Casalgrande Padana Novecento Aalto Honed"},"content":{"rendered":"<p>Dimenzije ovih plo\u010dica su 40&#215;40 cm. Redovna cena, ovih plo\u010dica u maloprodaji je 8005,15 RSD. U na\u0161oj online trgovini, je mo\u017eete kupiti za 6404,35 RSD. Plo\u010dice dolaze iz Italije, koja je poznata po kvalitetnoj keramiki. Ta kolekcija, model plo\u010dice, se prodaje najvi\u0161e sive boje. Debljina plo\u010dice, je vrlo va\u017ena 9 mm i ubraja tu plo\u010dicu me\u0111u najkvalitetnije.<\/p>\n<p>Kliknite na ime serije za sve plo\u010dice u toj seriji: <a class=\"pdfcatal\" href=\"\/\/www.ceramictiles.com\/pdf\/casalgrandepadana\/catalogue_casalgrande_padana_novecento.pdf\" onclick=\"recordOutboundLink(this, 'E-mail', 'Description PDF');return false;\">Casalgrande Padana S.P.A. Novecento<\/a><\/p>\n<p>Da bi naru\u010dili model iz PDF kataloga ove serije, molimo vas, da nas kontaktirate na: <a href=\"mailto:zo_mi@ceramictiles.com\" onclick=\"recordOutboundLink(this, 'E-mail', 'Description mail');return false;\">zo_mi@ceramictiles.com<\/a> ili nas pozovite na: For exact offer, PLS send us quantity and product you need with delivery address..<\/p>\n<p>Technical description: <br \/> F 40&#215;40 <br \/>Mackintosh ; Wright ; Le Corbusier ; Costa ; Aalto ; Rossi ; Morris ; Sant\u2019Elia ; Gaud\u00ec ; Gropius ;<\/p>\n","protected":false},"excerpt":{"rendered":"<p>Dimenzije ovih plo\u010dica su 40&#215;40 cm. Redovna cena, ovih plo\u010dica u maloprodaji je 8005,15 RSD. U na\u0161oj online trgovini, je mo\u017eete kupiti za 6404,35 RSD. Plo\u010dice dolaze iz Italije, koja je poznata po kvalitetnoj keramiki. Ta kolekcija, model plo\u010dice, se prodaje najvi\u0161e sive boje. Debljina plo\u010dice, je vrlo va\u017ena 9 mm i ubraja tu plo\u010dicu [&hellip;]<\/p>\n","protected":false},"featured_media":90043,"template":"","meta":[],"product_cat":[999448,200,240,999],"product_tag":[],"_links":{"self":[{"href":"https:\/\/www.keramika.com\/srbija\/wp-json\/wp\/v2\/product\/90042"}],"collection":[{"href":"https:\/\/www.keramika.com\/srbija\/wp-json\/wp\/v2\/product"}],"about":[{"href":"https:\/\/www.keramika.com\/srbija\/wp-json\/wp\/v2\/types\/product"}],"wp:featuredmedia":[{"embeddable":true,"href":"https:\/\/www.keramika.com\/srbija\/wp-json\/wp\/v2\/media\/90043"}],"wp:attachment":[{"href":"https:\/\/www.keramika.com\/srbija\/wp-json\/wp\/v2\/media?parent=90042"}],"wp:term":[{"taxonomy":"product_cat","embeddable":true,"href":"https:\/\/www.keramika.com\/srbija\/wp-json\/wp\/v2\/product_cat?post=90042"},{"taxonomy":"product_tag","embeddable":true,"href":"https:\/\/www.keramika.com\/srbija\/wp-json\/wp\/v2\/product_tag?post=90042"}],"curies":[{"name":"wp","href":"https:\/\/api.w.org\/{rel}","templated":true}]}}