{"id":90040,"date":"2017-07-01T20:21:28","date_gmt":"2017-07-01T20:21:28","guid":{"rendered":"http:\/\/www.ceramictiles.com\/srbija\/product\/keramika-imitacija-drveta-casalgrande-padana-newood-wenge\/"},"modified":"2026-01-01T00:01:31","modified_gmt":"2026-01-01T00:01:31","slug":"keramika-imitacija-drveta-casalgrande-padana-newood-wenge","status":"publish","type":"product","link":"https:\/\/www.keramika.com\/srbija\/keramika-imitacija-drveta-casalgrande-padana-newood-wenge\/","title":{"rendered":"Keramika imitacija drveta Casalgrande Padana Newood Wenge"},"content":{"rendered":"<p>Ova plo\u010dica je debela 10 mm i zato je izuzetno izdr\u017eljiva. Plo\u010dice braon boje osvje\u017eit \u0107e svaki prostor. Casalgrande Padana Newood Wenge dolazi iz Italije, koja je poznata po vrlo visokoj kvaliteta keramike u svetu. U maloprodaji bi morali za tu plo\u010dicu platiti 9461,05 RSD, online cena je samo 7568,15 RSD. Plo\u010dica 45&#215;90 cm je dobra za ve\u0107 razli\u010ditih namena.<\/p>\n<p>Kliknite na ime serije za sve plo\u010dice u toj seriji: <a class=\"pdfcatal\" href=\"\/\/www.ceramictiles.com\/pdf\/casalgrandepadana\/catalogue_casalgrande_padana_newood.pdf\" onclick=\"recordOutboundLink(this, 'E-mail', 'Description PDF');return false;\">Casalgrande Padana S.P.A. Newood<\/a><\/p>\n<p>Da bi naru\u010dili model iz PDF kataloga ove serije, molimo vas, da nas kontaktirate na: <a href=\"mailto:zo_mi@ceramictiles.com\" onclick=\"recordOutboundLink(this, 'E-mail', 'Description mail');return false;\">zo_mi@ceramictiles.com<\/a> ili nas pozovite na: For exact offer, PLS send us quantity and product you need with delivery address..<\/p>\n<p>Technical description: <br \/> F 45&#215;90 ; 22,5&#215;90 ; 15&#215;90 ; 11&#215;90 <br \/>Newood Black ; Newood Grey ; Newood White ; Newood Weng\u00e9 ; Newood Brown ; Newood Cream ; Newood Beige ; Newood Ivory ;<\/p>\n","protected":false},"excerpt":{"rendered":"<p>Ova plo\u010dica je debela 10 mm i zato je izuzetno izdr\u017eljiva. Plo\u010dice braon boje osvje\u017eit \u0107e svaki prostor. Casalgrande Padana Newood Wenge dolazi iz Italije, koja je poznata po vrlo visokoj kvaliteta keramike u svetu. U maloprodaji bi morali za tu plo\u010dicu platiti 9461,05 RSD, online cena je samo 7568,15 RSD. Plo\u010dica 45&#215;90 cm je [&hellip;]<\/p>\n","protected":false},"featured_media":90041,"template":"","meta":[],"product_cat":[999448,200,240,999],"product_tag":[99950095],"_links":{"self":[{"href":"https:\/\/www.keramika.com\/srbija\/wp-json\/wp\/v2\/product\/90040"}],"collection":[{"href":"https:\/\/www.keramika.com\/srbija\/wp-json\/wp\/v2\/product"}],"about":[{"href":"https:\/\/www.keramika.com\/srbija\/wp-json\/wp\/v2\/types\/product"}],"wp:featuredmedia":[{"embeddable":true,"href":"https:\/\/www.keramika.com\/srbija\/wp-json\/wp\/v2\/media\/90041"}],"wp:attachment":[{"href":"https:\/\/www.keramika.com\/srbija\/wp-json\/wp\/v2\/media?parent=90040"}],"wp:term":[{"taxonomy":"product_cat","embeddable":true,"href":"https:\/\/www.keramika.com\/srbija\/wp-json\/wp\/v2\/product_cat?post=90040"},{"taxonomy":"product_tag","embeddable":true,"href":"https:\/\/www.keramika.com\/srbija\/wp-json\/wp\/v2\/product_tag?post=90040"}],"curies":[{"name":"wp","href":"https:\/\/api.w.org\/{rel}","templated":true}]}}