{"id":90034,"date":"2017-07-01T20:20:38","date_gmt":"2017-07-01T20:20:38","guid":{"rendered":"http:\/\/www.ceramictiles.com\/srbija\/product\/podne-i-zidne-plocice-casalgrande-padana-meteor-grafite\/"},"modified":"2026-01-01T00:01:30","modified_gmt":"2026-01-01T00:01:30","slug":"podne-i-zidne-plocice-casalgrande-padana-meteor-grafite","status":"publish","type":"product","link":"https:\/\/www.keramika.com\/srbija\/podne-i-zidne-plocice-casalgrande-padana-meteor-grafite\/","title":{"rendered":"Podne i zidne plo\u010dice Casalgrande Padana Meteor Grafite"},"content":{"rendered":"<p>Ove plo\u010dice dolaze od proizvo\u0111a\u010da Casalgrande Padana S.P.A., iz Italije. Veli\u010dina 30&#215;30 cm je odli\u010dna za sve podloge. Online cena je samo 5879,95 RSD, dok redovna, maloprodajna cena 7349,65 RSD. Plo\u010dice crne boje osvje\u017eit \u0107e svaki prostor. Plo\u010dica je debela 8 mm, \u0161to je ubraja u tvrde plo\u010dice.<\/p>\n<p>Kliknite na ime serije za sve plo\u010dice u toj seriji: <a class=\"pdfcatal\" href=\"\/\/www.ceramictiles.com\/pdf\/casalgrandepadana\/catalogue_casalgrande_padana_meteor.pdf\" onclick=\"recordOutboundLink(this, 'E-mail', 'Description PDF');return false;\">Casalgrande Padana S.P.A. Meteor<\/a><\/p>\n<p>Da bi naru\u010dili model iz PDF kataloga ove serije, molimo vas, da nas kontaktirate na: <a href=\"mailto:zo_mi@ceramictiles.com\" onclick=\"recordOutboundLink(this, 'E-mail', 'Description mail');return false;\">zo_mi@ceramictiles.com<\/a> ili nas pozovite na: For exact offer, PLS send us quantity and product you need with delivery address..<\/p>\n<p>Technical description: <br \/> W &#038; F 15&#215;15 ; 15&#215;60 ; 30&#215;30 ; 30&#215;60 ; 40&#215;40 ; 60&#215;60 <br \/>Meteor Grafite ; Meteor Nero ; Meteor Grigio ; Meteor Blu ; Meteor Perla ; Meteor Bianco ; Meteor Almond ; Meteor Beige ; Meteor Noce ; Meteor India Green ; Meteor Verde ; Meteor Brown ; Meteor Rosso ;<\/p>\n","protected":false},"excerpt":{"rendered":"<p>Ove plo\u010dice dolaze od proizvo\u0111a\u010da Casalgrande Padana S.P.A., iz Italije. Veli\u010dina 30&#215;30 cm je odli\u010dna za sve podloge. Online cena je samo 5879,95 RSD, dok redovna, maloprodajna cena 7349,65 RSD. Plo\u010dice crne boje osvje\u017eit \u0107e svaki prostor. Plo\u010dica je debela 8 mm, \u0161to je ubraja u tvrde plo\u010dice. Kliknite na ime serije za sve plo\u010dice [&hellip;]<\/p>\n","protected":false},"featured_media":90035,"template":"","meta":[],"product_cat":[999448,200,240,999],"product_tag":[],"_links":{"self":[{"href":"https:\/\/www.keramika.com\/srbija\/wp-json\/wp\/v2\/product\/90034"}],"collection":[{"href":"https:\/\/www.keramika.com\/srbija\/wp-json\/wp\/v2\/product"}],"about":[{"href":"https:\/\/www.keramika.com\/srbija\/wp-json\/wp\/v2\/types\/product"}],"wp:featuredmedia":[{"embeddable":true,"href":"https:\/\/www.keramika.com\/srbija\/wp-json\/wp\/v2\/media\/90035"}],"wp:attachment":[{"href":"https:\/\/www.keramika.com\/srbija\/wp-json\/wp\/v2\/media?parent=90034"}],"wp:term":[{"taxonomy":"product_cat","embeddable":true,"href":"https:\/\/www.keramika.com\/srbija\/wp-json\/wp\/v2\/product_cat?post=90034"},{"taxonomy":"product_tag","embeddable":true,"href":"https:\/\/www.keramika.com\/srbija\/wp-json\/wp\/v2\/product_tag?post=90034"}],"curies":[{"name":"wp","href":"https:\/\/api.w.org\/{rel}","templated":true}]}}