{"id":90032,"date":"2017-07-01T20:20:19","date_gmt":"2017-07-01T20:20:19","guid":{"rendered":"http:\/\/www.ceramictiles.com\/srbija\/product\/keramika-imitacija-drveta-casalgrande-padana-metalwood-carbonio\/"},"modified":"2026-01-01T00:01:30","modified_gmt":"2026-01-01T00:01:30","slug":"keramika-imitacija-drveta-casalgrande-padana-metalwood-carbonio","status":"publish","type":"product","link":"https:\/\/www.keramika.com\/srbija\/keramika-imitacija-drveta-casalgrande-padana-metalwood-carbonio\/","title":{"rendered":"Keramika imitacija drveta Casalgrande Padana Metalwood Carbonio"},"content":{"rendered":"<p>Debljina plo\u010dice, je vrlo va\u017ena 8 mm i ubraja tu plo\u010dicu me\u0111u najkvalitetnije. \u0160irina i du\u017eina plo\u010dice su 30&#215;30 cm. Izuzetno moderne plo\u010dice crne boje, osve\u017eit \u0107e svaki prostor. Casalgrande Padana Metalwood Carbonio je proizvod iz Italije te je izuzetno kvalitetna. 5967,35 RSD je redovna prodajna cena keramike, tu pa samo 4773,65 RSD.<\/p>\n<p>Kliknite na ime serije za sve plo\u010dice u toj seriji: <a class=\"pdfcatal\" href=\"\/\/www.ceramictiles.com\/pdf\/casalgrandepadana\/catalogue_casalgrande_padana_metalwood.pdf\" onclick=\"recordOutboundLink(this, 'E-mail', 'Description PDF');return false;\">Casalgrande Padana S.P.A. Metalwood<\/a><\/p>\n<p>Da bi naru\u010dili model iz PDF kataloga ove serije, molimo vas, da nas kontaktirate na: <a href=\"mailto:zo_mi@ceramictiles.com\" onclick=\"recordOutboundLink(this, 'E-mail', 'Description mail');return false;\">zo_mi@ceramictiles.com<\/a> ili nas pozovite na: For exact offer, PLS send us quantity and product you need with delivery address..<\/p>\n<p>Technical description: <br \/> W &#038; F 10&#215;60 ; 15&#215;90 ; 30&#215;60 ; 45&#215;90 ; 60&#215;60 <br \/>Carbonio ; Silicio ; Piombo ; Iridio ; Bronzo ; Oro ; Argento ; Platino ;<\/p>\n","protected":false},"excerpt":{"rendered":"<p>Debljina plo\u010dice, je vrlo va\u017ena 8 mm i ubraja tu plo\u010dicu me\u0111u najkvalitetnije. \u0160irina i du\u017eina plo\u010dice su 30&#215;30 cm. Izuzetno moderne plo\u010dice crne boje, osve\u017eit \u0107e svaki prostor. Casalgrande Padana Metalwood Carbonio je proizvod iz Italije te je izuzetno kvalitetna. 5967,35 RSD je redovna prodajna cena keramike, tu pa samo 4773,65 RSD. Kliknite na [&hellip;]<\/p>\n","protected":false},"featured_media":90033,"template":"","meta":[],"product_cat":[999448,200,240,999],"product_tag":[99950095],"_links":{"self":[{"href":"https:\/\/www.keramika.com\/srbija\/wp-json\/wp\/v2\/product\/90032"}],"collection":[{"href":"https:\/\/www.keramika.com\/srbija\/wp-json\/wp\/v2\/product"}],"about":[{"href":"https:\/\/www.keramika.com\/srbija\/wp-json\/wp\/v2\/types\/product"}],"wp:featuredmedia":[{"embeddable":true,"href":"https:\/\/www.keramika.com\/srbija\/wp-json\/wp\/v2\/media\/90033"}],"wp:attachment":[{"href":"https:\/\/www.keramika.com\/srbija\/wp-json\/wp\/v2\/media?parent=90032"}],"wp:term":[{"taxonomy":"product_cat","embeddable":true,"href":"https:\/\/www.keramika.com\/srbija\/wp-json\/wp\/v2\/product_cat?post=90032"},{"taxonomy":"product_tag","embeddable":true,"href":"https:\/\/www.keramika.com\/srbija\/wp-json\/wp\/v2\/product_tag?post=90032"}],"curies":[{"name":"wp","href":"https:\/\/api.w.org\/{rel}","templated":true}]}}