{"id":90028,"date":"2017-07-01T20:19:43","date_gmt":"2017-07-01T20:19:43","guid":{"rendered":"http:\/\/www.ceramictiles.com\/srbija\/product\/podne-i-zidne-plocice-casalgrande-padana-marte-verde-guatemala\/"},"modified":"2026-01-01T00:01:30","modified_gmt":"2026-01-01T00:01:30","slug":"podne-i-zidne-plocice-casalgrande-padana-marte-verde-guatemala","status":"publish","type":"product","link":"https:\/\/www.keramika.com\/srbija\/podne-i-zidne-plocice-casalgrande-padana-marte-verde-guatemala\/","title":{"rendered":"Podne i zidne plo\u010dice Casalgrande Padana Marte Verde Guatemala"},"content":{"rendered":"<p>Plo\u010dica 30&#215;30 cm je dobra za ve\u0107 razli\u010ditih namena. Ove plo\u010dice dolaze od proizvo\u0111a\u010da Casalgrande Padana S.P.A., iz Italije. Ova plo\u010dica je debela 8 mm i zato je izuzetno izdr\u017eljiva. U izboru plo\u010dica zelene boje, ne mo\u017eete pogre\u0161iti. 5676,4 RSD je redovna prodajna cena keramike, tu pa samo 4541,35 RSD.<\/p>\n<p>Kliknite na ime serije za sve plo\u010dice u toj seriji: <a class=\"pdfcatal\" href=\"\/\/www.ceramictiles.com\/pdf\/casalgrandepadana\/catalogue_casalgrande_padana_marte.pdf\" onclick=\"recordOutboundLink(this, 'E-mail', 'Description PDF');return false;\">Casalgrande Padana S.P.A. Marte<\/a><\/p>\n<p>Da bi naru\u010dili model iz PDF kataloga ove serije, molimo vas, da nas kontaktirate na: <a href=\"mailto:zo_mi@ceramictiles.com\" onclick=\"recordOutboundLink(this, 'E-mail', 'Description mail');return false;\">zo_mi@ceramictiles.com<\/a> ili nas pozovite na: For exact offer, PLS send us quantity and product you need with delivery address..<\/p>\n<p>Technical description: <br \/> W &#038; F 15&#215;60 ; 30&#215;30 ; 30&#215;60 ; 40&#215;40 ; 60&#215;60 ; 60&#215;120 <br \/>Botticino ; Palissandro ; Bronzetto ; Crema Marfil ; Giallo Reale ; Ramona Brown ; Rosa Norvegia ; Rosa Portogallo ; Rosa Brasile ; Rosso Soraya ; Madras Pink ; Emperador ; Azul Bahia ; Azul Macauba ; Verde Guatemala ; Nero Acapulco ; Grigio Maggia ; Grigio Marostica ; Raggio Di Luna ; Grigio Egeo Thassos ;<\/p>\n","protected":false},"excerpt":{"rendered":"<p>Plo\u010dica 30&#215;30 cm je dobra za ve\u0107 razli\u010ditih namena. Ove plo\u010dice dolaze od proizvo\u0111a\u010da Casalgrande Padana S.P.A., iz Italije. Ova plo\u010dica je debela 8 mm i zato je izuzetno izdr\u017eljiva. U izboru plo\u010dica zelene boje, ne mo\u017eete pogre\u0161iti. 5676,4 RSD je redovna prodajna cena keramike, tu pa samo 4541,35 RSD. Kliknite na ime serije za [&hellip;]<\/p>\n","protected":false},"featured_media":90029,"template":"","meta":[],"product_cat":[999448,200,240,999],"product_tag":[],"_links":{"self":[{"href":"https:\/\/www.keramika.com\/srbija\/wp-json\/wp\/v2\/product\/90028"}],"collection":[{"href":"https:\/\/www.keramika.com\/srbija\/wp-json\/wp\/v2\/product"}],"about":[{"href":"https:\/\/www.keramika.com\/srbija\/wp-json\/wp\/v2\/types\/product"}],"wp:featuredmedia":[{"embeddable":true,"href":"https:\/\/www.keramika.com\/srbija\/wp-json\/wp\/v2\/media\/90029"}],"wp:attachment":[{"href":"https:\/\/www.keramika.com\/srbija\/wp-json\/wp\/v2\/media?parent=90028"}],"wp:term":[{"taxonomy":"product_cat","embeddable":true,"href":"https:\/\/www.keramika.com\/srbija\/wp-json\/wp\/v2\/product_cat?post=90028"},{"taxonomy":"product_tag","embeddable":true,"href":"https:\/\/www.keramika.com\/srbija\/wp-json\/wp\/v2\/product_tag?post=90028"}],"curies":[{"name":"wp","href":"https:\/\/api.w.org\/{rel}","templated":true}]}}