{"id":90024,"date":"2017-07-01T20:19:08","date_gmt":"2017-07-01T20:19:08","guid":{"rendered":"http:\/\/www.ceramictiles.com\/srbija\/product\/podne-i-zidne-plocice-casalgrande-padana-marmogres-rosso-laguna\/"},"modified":"2026-01-01T00:01:29","modified_gmt":"2026-01-01T00:01:29","slug":"podne-i-zidne-plocice-casalgrande-padana-marmogres-rosso-laguna","status":"publish","type":"product","link":"https:\/\/www.keramika.com\/srbija\/podne-i-zidne-plocice-casalgrande-padana-marmogres-rosso-laguna\/","title":{"rendered":"Podne i zidne plo\u010dice Casalgrande Padana Marmogres Rosso Laguna"},"content":{"rendered":"<p>Casalgrande Padana Marmogres Rosso Laguna dolazi iz Italije, koja je poznata po vrlo visokoj kvaliteta keramike u svetu. Plo\u010dica 30&#215;60 cm je dobra za ve\u0107 razli\u010ditih namena. Keramika je prekrasne crvene boje. U koliko \u017eelite neku drugu boju, pozovite nas i mi \u0107emo proveriti kod proizvo\u0111a\u010da. Online cena je samo 13390,6 RSD, dok redovna, maloprodajna cena 16738,25 RSD. Debljina plo\u010dice, je vrlo va\u017ena 10 mm i ubraja tu plo\u010dicu me\u0111u najkvalitetnije.<\/p>\n<p>Kliknite na ime serije za sve plo\u010dice u toj seriji: <a class=\"pdfcatal\" href=\"\/\/www.ceramictiles.com\/pdf\/casalgrandepadana\/catalogue_casalgrande_padana_marmogres.pdf\" onclick=\"recordOutboundLink(this, 'E-mail', 'Description PDF');return false;\">Casalgrande Padana S.P.A. Marmogres<\/a><\/p>\n<p>Da bi naru\u010dili model iz PDF kataloga ove serije, molimo vas, da nas kontaktirate na: <a href=\"mailto:zo_mi@ceramictiles.com\" onclick=\"recordOutboundLink(this, 'E-mail', 'Description mail');return false;\">zo_mi@ceramictiles.com<\/a> ili nas pozovite na: For exact offer, PLS send us quantity and product you need with delivery address..<\/p>\n<p>Technical description: <br \/> W &#038; F 30&#215;30 ; 30&#215;60 ; 60&#215;60 <br \/>Nero Marquinia ; Portoro ; Verde India ; Rosso Laguna ; Giallo Siena ; Paonazzetto ; Cremo Supremo ; Calacatta Beige ; Calacatta Grigio ; Pennsylvania ;<\/p>\n","protected":false},"excerpt":{"rendered":"<p>Casalgrande Padana Marmogres Rosso Laguna dolazi iz Italije, koja je poznata po vrlo visokoj kvaliteta keramike u svetu. Plo\u010dica 30&#215;60 cm je dobra za ve\u0107 razli\u010ditih namena. Keramika je prekrasne crvene boje. U koliko \u017eelite neku drugu boju, pozovite nas i mi \u0107emo proveriti kod proizvo\u0111a\u010da. Online cena je samo 13390,6 RSD, dok redovna, maloprodajna [&hellip;]<\/p>\n","protected":false},"featured_media":90025,"template":"","meta":[],"product_cat":[999448,200,240,999],"product_tag":[],"_links":{"self":[{"href":"https:\/\/www.keramika.com\/srbija\/wp-json\/wp\/v2\/product\/90024"}],"collection":[{"href":"https:\/\/www.keramika.com\/srbija\/wp-json\/wp\/v2\/product"}],"about":[{"href":"https:\/\/www.keramika.com\/srbija\/wp-json\/wp\/v2\/types\/product"}],"wp:featuredmedia":[{"embeddable":true,"href":"https:\/\/www.keramika.com\/srbija\/wp-json\/wp\/v2\/media\/90025"}],"wp:attachment":[{"href":"https:\/\/www.keramika.com\/srbija\/wp-json\/wp\/v2\/media?parent=90024"}],"wp:term":[{"taxonomy":"product_cat","embeddable":true,"href":"https:\/\/www.keramika.com\/srbija\/wp-json\/wp\/v2\/product_cat?post=90024"},{"taxonomy":"product_tag","embeddable":true,"href":"https:\/\/www.keramika.com\/srbija\/wp-json\/wp\/v2\/product_tag?post=90024"}],"curies":[{"name":"wp","href":"https:\/\/api.w.org\/{rel}","templated":true}]}}