{"id":90022,"date":"2017-07-01T20:18:50","date_gmt":"2017-07-01T20:18:50","guid":{"rendered":"http:\/\/www.ceramictiles.com\/srbija\/product\/podne-plocice-casalgrande-padana-luxor-beige\/"},"modified":"2026-01-01T00:01:29","modified_gmt":"2026-01-01T00:01:29","slug":"podne-plocice-casalgrande-padana-luxor-beige","status":"publish","type":"product","link":"https:\/\/www.keramika.com\/srbija\/podne-plocice-casalgrande-padana-luxor-beige\/","title":{"rendered":"Podne plo\u010dice Casalgrande Padana Luxor Beige"},"content":{"rendered":"<p>Online cena je samo 2444,9 RSD, dok redovna, maloprodajna cena 3056,7 RSD. Casalgrande Padana Luxor Beige dolazi iz Italije, koja je poznata po vrlo visokoj kvaliteta keramike u svetu. Veli\u010dina 33&#215;33 cm je odli\u010dna za sve podloge. Debljina plo\u010dice, je vrlo va\u017ena 8 mm i ubraja tu plo\u010dicu me\u0111u najkvalitetnije. Keramika je prekrasne be\u017e boje. U koliko \u017eelite neku drugu boju, pozovite nas i mi \u0107emo proveriti kod proizvo\u0111a\u010da.<\/p>\n<p>Kliknite na ime serije za sve plo\u010dice u toj seriji: <a class=\"pdfcatal\" href=\"\/\/www.ceramictiles.com\/pdf\/casalgrandepadana\/catalogue_casalgrande_padana_luxor.pdf\" onclick=\"recordOutboundLink(this, 'E-mail', 'Description PDF');return false;\">Casalgrande Padana S.P.A. Luxor<\/a><\/p>\n<p>Da bi naru\u010dili model iz PDF kataloga ove serije, molimo vas, da nas kontaktirate na: <a href=\"mailto:zo_mi@ceramictiles.com\" onclick=\"recordOutboundLink(this, 'E-mail', 'Description mail');return false;\">zo_mi@ceramictiles.com<\/a> ili nas pozovite na: For exact offer, PLS send us quantity and product you need with delivery address..<\/p>\n<p>Technical description: <br \/> F 33,3&#215;33,3 ; 42&#215;42 <br \/>Luxor Beige ; Luxor Grigio ; Luxor Bianco ;<\/p>\n","protected":false},"excerpt":{"rendered":"<p>Online cena je samo 2444,9 RSD, dok redovna, maloprodajna cena 3056,7 RSD. Casalgrande Padana Luxor Beige dolazi iz Italije, koja je poznata po vrlo visokoj kvaliteta keramike u svetu. Veli\u010dina 33&#215;33 cm je odli\u010dna za sve podloge. Debljina plo\u010dice, je vrlo va\u017ena 8 mm i ubraja tu plo\u010dicu me\u0111u najkvalitetnije. Keramika je prekrasne be\u017e boje. [&hellip;]<\/p>\n","protected":false},"featured_media":90023,"template":"","meta":[],"product_cat":[999448,200,240,999],"product_tag":[],"_links":{"self":[{"href":"https:\/\/www.keramika.com\/srbija\/wp-json\/wp\/v2\/product\/90022"}],"collection":[{"href":"https:\/\/www.keramika.com\/srbija\/wp-json\/wp\/v2\/product"}],"about":[{"href":"https:\/\/www.keramika.com\/srbija\/wp-json\/wp\/v2\/types\/product"}],"wp:featuredmedia":[{"embeddable":true,"href":"https:\/\/www.keramika.com\/srbija\/wp-json\/wp\/v2\/media\/90023"}],"wp:attachment":[{"href":"https:\/\/www.keramika.com\/srbija\/wp-json\/wp\/v2\/media?parent=90022"}],"wp:term":[{"taxonomy":"product_cat","embeddable":true,"href":"https:\/\/www.keramika.com\/srbija\/wp-json\/wp\/v2\/product_cat?post=90022"},{"taxonomy":"product_tag","embeddable":true,"href":"https:\/\/www.keramika.com\/srbija\/wp-json\/wp\/v2\/product_tag?post=90022"}],"curies":[{"name":"wp","href":"https:\/\/api.w.org\/{rel}","templated":true}]}}