{"id":90020,"date":"2017-07-01T20:18:34","date_gmt":"2017-07-01T20:18:34","guid":{"rendered":"http:\/\/www.ceramictiles.com\/srbija\/product\/podne-plocice-casalgrande-padana-lounge-grigio\/"},"modified":"2026-01-01T00:01:29","modified_gmt":"2026-01-01T00:01:29","slug":"podne-plocice-casalgrande-padana-lounge-grigio","status":"publish","type":"product","link":"https:\/\/www.keramika.com\/srbija\/podne-plocice-casalgrande-padana-lounge-grigio\/","title":{"rendered":"Podne plo\u010dice Casalgrande Padana Lounge Grigio"},"content":{"rendered":"<p>8 mm debljine je dovoljno za zahtevnije kupce. \u0160irina i du\u017eina plo\u010dice su 33&#215;33 cm. Ove sive kerami\u010dke plo\u010dice, obogatit \u0107e svaki prostor. Proizvodnja Italije ,koja je poznata u svetu, kao jedana od najboljih proizvo\u0111a\u010da kerami\u010dkih plo\u010dica. Zbog ni\u017eih tro\u0161kova, online prodaje, Vi \u0107e te na na\u0161oj strani ove plo\u010de platiti samo 2794,5 RSD.<\/p>\n<p>Kliknite na ime serije za sve plo\u010dice u toj seriji: <a class=\"pdfcatal\" href=\"\/\/www.ceramictiles.com\/pdf\/casalgrandepadana\/catalogue_casalgrande_padana_lounge.pdf\" onclick=\"recordOutboundLink(this, 'E-mail', 'Description PDF');return false;\">Casalgrande Padana S.P.A. Lounge<\/a><\/p>\n<p>Da bi naru\u010dili model iz PDF kataloga ove serije, molimo vas, da nas kontaktirate na: <a href=\"mailto:zo_mi@ceramictiles.com\" onclick=\"recordOutboundLink(this, 'E-mail', 'Description mail');return false;\">zo_mi@ceramictiles.com<\/a> ili nas pozovite na: For exact offer, PLS send us quantity and product you need with delivery address..<\/p>\n<p>Technical description: <br \/> F 33&#215;33 ; 41&#215;41 <br \/>Marrone ; Rosa ; Beige ; Nero ; Grigio ; Bianco ;<\/p>\n","protected":false},"excerpt":{"rendered":"<p>8 mm debljine je dovoljno za zahtevnije kupce. \u0160irina i du\u017eina plo\u010dice su 33&#215;33 cm. Ove sive kerami\u010dke plo\u010dice, obogatit \u0107e svaki prostor. Proizvodnja Italije ,koja je poznata u svetu, kao jedana od najboljih proizvo\u0111a\u010da kerami\u010dkih plo\u010dica. Zbog ni\u017eih tro\u0161kova, online prodaje, Vi \u0107e te na na\u0161oj strani ove plo\u010de platiti samo 2794,5 RSD. Kliknite [&hellip;]<\/p>\n","protected":false},"featured_media":90021,"template":"","meta":[],"product_cat":[999448,200,240,999],"product_tag":[],"_links":{"self":[{"href":"https:\/\/www.keramika.com\/srbija\/wp-json\/wp\/v2\/product\/90020"}],"collection":[{"href":"https:\/\/www.keramika.com\/srbija\/wp-json\/wp\/v2\/product"}],"about":[{"href":"https:\/\/www.keramika.com\/srbija\/wp-json\/wp\/v2\/types\/product"}],"wp:featuredmedia":[{"embeddable":true,"href":"https:\/\/www.keramika.com\/srbija\/wp-json\/wp\/v2\/media\/90021"}],"wp:attachment":[{"href":"https:\/\/www.keramika.com\/srbija\/wp-json\/wp\/v2\/media?parent=90020"}],"wp:term":[{"taxonomy":"product_cat","embeddable":true,"href":"https:\/\/www.keramika.com\/srbija\/wp-json\/wp\/v2\/product_cat?post=90020"},{"taxonomy":"product_tag","embeddable":true,"href":"https:\/\/www.keramika.com\/srbija\/wp-json\/wp\/v2\/product_tag?post=90020"}],"curies":[{"name":"wp","href":"https:\/\/api.w.org\/{rel}","templated":true}]}}