{"id":90018,"date":"2017-07-01T20:18:19","date_gmt":"2017-07-01T20:18:19","guid":{"rendered":"http:\/\/www.ceramictiles.com\/srbija\/product\/plocice-za-dnevnu-sobu-casalgrande-padana-loft-rosso\/"},"modified":"2026-01-01T00:01:29","modified_gmt":"2026-01-01T00:01:29","slug":"plocice-za-dnevnu-sobu-casalgrande-padana-loft-rosso","status":"publish","type":"product","link":"https:\/\/www.keramika.com\/srbija\/plocice-za-dnevnu-sobu-casalgrande-padana-loft-rosso\/","title":{"rendered":"Plo\u010dice za dnevnu sobu Casalgrande Padana Loft Rosso"},"content":{"rendered":"<p>Casalgrande Padana Loft Rosso je dostupna po vrlo povoljnim cenama 6986,25 RSD. \u0160irina i du\u017eina plo\u010dice su 30&#215;60 cm. Plo\u010dice crvene boje, su letos izuzetno tre\u017eene. Casalgrande Padana Loft Rosso dolazi iz Italije, koja je poznata po vrlo visokoj kvaliteta keramike u svetu. 10 mm debljina \u0107e zadovoljiti i najzahtevnije kupce.<\/p>\n<p>Kliknite na ime serije za sve plo\u010dice u toj seriji: <a class=\"pdfcatal\" href=\"\/\/www.ceramictiles.com\/pdf\/casalgrandepadana\/catalogue_casalgrande_padana_loft.pdf\" onclick=\"recordOutboundLink(this, 'E-mail', 'Description PDF');return false;\">Casalgrande Padana S.P.A. Loft<\/a><\/p>\n<p>Da bi naru\u010dili model iz PDF kataloga ove serije, molimo vas, da nas kontaktirate na: <a href=\"mailto:zo_mi@ceramictiles.com\" onclick=\"recordOutboundLink(this, 'E-mail', 'Description mail');return false;\">zo_mi@ceramictiles.com<\/a> ili nas pozovite na: For exact offer, PLS send us quantity and product you need with delivery address..<\/p>\n<p>Technical description: <br \/> F 30&#215;60 ; 60&#215;60 <br \/>Nero ; Moka ; Rosso ; Grigio ; Avorio ; Bianco ;<\/p>\n","protected":false},"excerpt":{"rendered":"<p>Casalgrande Padana Loft Rosso je dostupna po vrlo povoljnim cenama 6986,25 RSD. \u0160irina i du\u017eina plo\u010dice su 30&#215;60 cm. Plo\u010dice crvene boje, su letos izuzetno tre\u017eene. Casalgrande Padana Loft Rosso dolazi iz Italije, koja je poznata po vrlo visokoj kvaliteta keramike u svetu. 10 mm debljina \u0107e zadovoljiti i najzahtevnije kupce. Kliknite na ime serije [&hellip;]<\/p>\n","protected":false},"featured_media":90019,"template":"","meta":[],"product_cat":[999448,200,240,999],"product_tag":[99950097],"_links":{"self":[{"href":"https:\/\/www.keramika.com\/srbija\/wp-json\/wp\/v2\/product\/90018"}],"collection":[{"href":"https:\/\/www.keramika.com\/srbija\/wp-json\/wp\/v2\/product"}],"about":[{"href":"https:\/\/www.keramika.com\/srbija\/wp-json\/wp\/v2\/types\/product"}],"wp:featuredmedia":[{"embeddable":true,"href":"https:\/\/www.keramika.com\/srbija\/wp-json\/wp\/v2\/media\/90019"}],"wp:attachment":[{"href":"https:\/\/www.keramika.com\/srbija\/wp-json\/wp\/v2\/media?parent=90018"}],"wp:term":[{"taxonomy":"product_cat","embeddable":true,"href":"https:\/\/www.keramika.com\/srbija\/wp-json\/wp\/v2\/product_cat?post=90018"},{"taxonomy":"product_tag","embeddable":true,"href":"https:\/\/www.keramika.com\/srbija\/wp-json\/wp\/v2\/product_tag?post=90018"}],"curies":[{"name":"wp","href":"https:\/\/api.w.org\/{rel}","templated":true}]}}