{"id":90016,"date":"2017-07-01T20:18:05","date_gmt":"2017-07-01T20:18:05","guid":{"rendered":"http:\/\/www.ceramictiles.com\/srbija\/product\/casalgrande-padana-living-brown\/"},"modified":"2026-01-01T00:01:28","modified_gmt":"2026-01-01T00:01:28","slug":"casalgrande-padana-living-brown","status":"publish","type":"product","link":"https:\/\/www.keramika.com\/srbija\/casalgrande-padana-living-brown\/","title":{"rendered":"Casalgrande Padana Living Brown"},"content":{"rendered":"<p>Plo\u010dice dolaze iz Italije, koja je poznata po kvalitetnoj keramiki. 10 mm debljine je dovoljno za zahtevnije kupce. Plo\u010dice braon boje, su letos izuzetno tre\u017eene. Online cena je samo 3026,8 RSD, dok redovna, maloprodajna cena 3784,65 RSD. Veli\u010dina ove plo\u010dice je 30&#215;60 cm.<\/p>\n","protected":false},"excerpt":{"rendered":"<p>Plo\u010dice dolaze iz Italije, koja je poznata po kvalitetnoj keramiki. 10 mm debljine je dovoljno za zahtevnije kupce. Plo\u010dice braon boje, su letos izuzetno tre\u017eene. Online cena je samo 3026,8 RSD, dok redovna, maloprodajna cena 3784,65 RSD. Veli\u010dina ove plo\u010dice je 30&#215;60 cm.<\/p>\n","protected":false},"featured_media":90017,"template":"","meta":[],"product_cat":[999448,200,240,999],"product_tag":[],"_links":{"self":[{"href":"https:\/\/www.keramika.com\/srbija\/wp-json\/wp\/v2\/product\/90016"}],"collection":[{"href":"https:\/\/www.keramika.com\/srbija\/wp-json\/wp\/v2\/product"}],"about":[{"href":"https:\/\/www.keramika.com\/srbija\/wp-json\/wp\/v2\/types\/product"}],"wp:featuredmedia":[{"embeddable":true,"href":"https:\/\/www.keramika.com\/srbija\/wp-json\/wp\/v2\/media\/90017"}],"wp:attachment":[{"href":"https:\/\/www.keramika.com\/srbija\/wp-json\/wp\/v2\/media?parent=90016"}],"wp:term":[{"taxonomy":"product_cat","embeddable":true,"href":"https:\/\/www.keramika.com\/srbija\/wp-json\/wp\/v2\/product_cat?post=90016"},{"taxonomy":"product_tag","embeddable":true,"href":"https:\/\/www.keramika.com\/srbija\/wp-json\/wp\/v2\/product_tag?post=90016"}],"curies":[{"name":"wp","href":"https:\/\/api.w.org\/{rel}","templated":true}]}}