{"id":90012,"date":"2017-07-01T20:17:32","date_gmt":"2017-07-01T20:17:32","guid":{"rendered":"http:\/\/www.ceramictiles.com\/srbija\/product\/keramika-imitacija-drveta-casalgrande-padana-les-plages-biarritz\/"},"modified":"2026-01-01T00:01:28","modified_gmt":"2026-01-01T00:01:28","slug":"keramika-imitacija-drveta-casalgrande-padana-les-plages-biarritz","status":"publish","type":"product","link":"https:\/\/www.keramika.com\/srbija\/keramika-imitacija-drveta-casalgrande-padana-les-plages-biarritz\/","title":{"rendered":"Keramika imitacija drveta Casalgrande Padana Les Plages Biarritz"},"content":{"rendered":"<p>Ta kolekcija, model plo\u010dice, se prodaje najvi\u0161e crvene boje. Veli\u010dina plo\u010dice je 30&#215;60 cm i odli\u010dna je za razli\u010dite povr\u0161ine. 5821,3 RSD je redovna prodajna cena keramike, tu pa samo 4657,5 RSD. Casalgrande Padana Les Plages Biarritz je proizvod iz Italije te je izuzetno kvalitetna. Plo\u010dica je debela 10 mm, \u0161to je ubraja u tvrde plo\u010dice.<\/p>\n<p>Kliknite na ime serije za sve plo\u010dice u toj seriji: <a class=\"pdfcatal\" href=\"\/\/www.ceramictiles.com\/pdf\/casalgrandepadana\/catalogue_casalgrande_padana_les_plages.pdf\" onclick=\"recordOutboundLink(this, 'E-mail', 'Description PDF');return false;\">Casalgrande Padana S.P.A. Les Plages<\/a><\/p>\n<p>Da bi naru\u010dili model iz PDF kataloga ove serije, molimo vas, da nas kontaktirate na: <a href=\"mailto:zo_mi@ceramictiles.com\" onclick=\"recordOutboundLink(this, 'E-mail', 'Description mail');return false;\">zo_mi@ceramictiles.com<\/a> ili nas pozovite na: For exact offer, PLS send us quantity and product you need with delivery address..<\/p>\n<p>Technical description: <br \/> F 10&#215;60 ; 15&#215;60 ; 30&#215;60 ; 15&#215;90 ; 45&#215;90 <br \/>Cap Martin ; Biarritz ; Deauville ; Cannes ; Menton ;<\/p>\n","protected":false},"excerpt":{"rendered":"<p>Ta kolekcija, model plo\u010dice, se prodaje najvi\u0161e crvene boje. Veli\u010dina plo\u010dice je 30&#215;60 cm i odli\u010dna je za razli\u010dite povr\u0161ine. 5821,3 RSD je redovna prodajna cena keramike, tu pa samo 4657,5 RSD. Casalgrande Padana Les Plages Biarritz je proizvod iz Italije te je izuzetno kvalitetna. Plo\u010dica je debela 10 mm, \u0161to je ubraja u tvrde [&hellip;]<\/p>\n","protected":false},"featured_media":90013,"template":"","meta":[],"product_cat":[999448,200,240,999],"product_tag":[99950095],"_links":{"self":[{"href":"https:\/\/www.keramika.com\/srbija\/wp-json\/wp\/v2\/product\/90012"}],"collection":[{"href":"https:\/\/www.keramika.com\/srbija\/wp-json\/wp\/v2\/product"}],"about":[{"href":"https:\/\/www.keramika.com\/srbija\/wp-json\/wp\/v2\/types\/product"}],"wp:featuredmedia":[{"embeddable":true,"href":"https:\/\/www.keramika.com\/srbija\/wp-json\/wp\/v2\/media\/90013"}],"wp:attachment":[{"href":"https:\/\/www.keramika.com\/srbija\/wp-json\/wp\/v2\/media?parent=90012"}],"wp:term":[{"taxonomy":"product_cat","embeddable":true,"href":"https:\/\/www.keramika.com\/srbija\/wp-json\/wp\/v2\/product_cat?post=90012"},{"taxonomy":"product_tag","embeddable":true,"href":"https:\/\/www.keramika.com\/srbija\/wp-json\/wp\/v2\/product_tag?post=90012"}],"curies":[{"name":"wp","href":"https:\/\/api.w.org\/{rel}","templated":true}]}}