{"id":90010,"date":"2017-07-01T20:17:17","date_gmt":"2017-07-01T20:17:17","guid":{"rendered":"http:\/\/www.ceramictiles.com\/srbija\/product\/podne-i-zidne-plocice-casalgrande-padana-lavagna-nera\/"},"modified":"2026-01-01T00:01:27","modified_gmt":"2026-01-01T00:01:27","slug":"podne-i-zidne-plocice-casalgrande-padana-lavagna-nera","status":"publish","type":"product","link":"https:\/\/www.keramika.com\/srbija\/podne-i-zidne-plocice-casalgrande-padana-lavagna-nera\/","title":{"rendered":"Podne i zidne plo\u010dice Casalgrande Padana Lavagna Nera"},"content":{"rendered":"<p>Umesto 7495,7 RSD \u0161to je redovna maloprodajna cena keramike, u na\u0161oj online prodavnici, je mo\u017eete dobiti za samo 5996,1 RSD. Keramika je prekrasne crne boje. U koliko \u017eelite neku drugu boju, pozovite nas i mi \u0107emo proveriti kod proizvo\u0111a\u010da. Veli\u010dina ove plo\u010dice je 30&#215;30 cm. Proizvodnja Italije ,koja je poznata u svetu, kao jedana od najboljih proizvo\u0111a\u010da kerami\u010dkih plo\u010dica. Debljina 10 mm \u010dini plo\u010dicu vrlo izdr\u017eljivom i prijatnom na dodir.<\/p>\n<p>Kliknite na ime serije za sve plo\u010dice u toj seriji: <a class=\"pdfcatal\" href=\"\/\/www.ceramictiles.com\/pdf\/casalgrandepadana\/catalogue_casalgrande_padana_lavagna.pdf\" onclick=\"recordOutboundLink(this, 'E-mail', 'Description PDF');return false;\">Casalgrande Padana S.P.A. Lavagna<\/a><\/p>\n<p>Da bi naru\u010dili model iz PDF kataloga ove serije, molimo vas, da nas kontaktirate na: <a href=\"mailto:zo_mi@ceramictiles.com\" onclick=\"recordOutboundLink(this, 'E-mail', 'Description mail');return false;\">zo_mi@ceramictiles.com<\/a> ili nas pozovite na: For exact offer, PLS send us quantity and product you need with delivery address..<\/p>\n<p>Technical description: <br \/> W &#038; F 30&#215;30 ; 30&#215;60 ; 40&#215;40 <br \/>Nero ; Grigio ; Bianco ; Tabacco ; Beige ; Mosaico Lavagna Nera ;<\/p>\n","protected":false},"excerpt":{"rendered":"<p>Umesto 7495,7 RSD \u0161to je redovna maloprodajna cena keramike, u na\u0161oj online prodavnici, je mo\u017eete dobiti za samo 5996,1 RSD. Keramika je prekrasne crne boje. U koliko \u017eelite neku drugu boju, pozovite nas i mi \u0107emo proveriti kod proizvo\u0111a\u010da. Veli\u010dina ove plo\u010dice je 30&#215;30 cm. Proizvodnja Italije ,koja je poznata u svetu, kao jedana od [&hellip;]<\/p>\n","protected":false},"featured_media":90011,"template":"","meta":[],"product_cat":[999448,200,240,999],"product_tag":[],"_links":{"self":[{"href":"https:\/\/www.keramika.com\/srbija\/wp-json\/wp\/v2\/product\/90010"}],"collection":[{"href":"https:\/\/www.keramika.com\/srbija\/wp-json\/wp\/v2\/product"}],"about":[{"href":"https:\/\/www.keramika.com\/srbija\/wp-json\/wp\/v2\/types\/product"}],"wp:featuredmedia":[{"embeddable":true,"href":"https:\/\/www.keramika.com\/srbija\/wp-json\/wp\/v2\/media\/90011"}],"wp:attachment":[{"href":"https:\/\/www.keramika.com\/srbija\/wp-json\/wp\/v2\/media?parent=90010"}],"wp:term":[{"taxonomy":"product_cat","embeddable":true,"href":"https:\/\/www.keramika.com\/srbija\/wp-json\/wp\/v2\/product_cat?post=90010"},{"taxonomy":"product_tag","embeddable":true,"href":"https:\/\/www.keramika.com\/srbija\/wp-json\/wp\/v2\/product_tag?post=90010"}],"curies":[{"name":"wp","href":"https:\/\/api.w.org\/{rel}","templated":true}]}}