{"id":90004,"date":"2017-07-01T20:16:23","date_gmt":"2017-07-01T20:16:23","guid":{"rendered":"http:\/\/www.ceramictiles.com\/srbija\/product\/podne-plocice-casalgrande-padana-habitat-arancio\/"},"modified":"2026-01-01T00:01:27","modified_gmt":"2026-01-01T00:01:27","slug":"podne-plocice-casalgrande-padana-habitat-arancio","status":"publish","type":"product","link":"https:\/\/www.keramika.com\/srbija\/podne-plocice-casalgrande-padana-habitat-arancio\/","title":{"rendered":"Podne plo\u010dice Casalgrande Padana Habitat Arancio"},"content":{"rendered":"<p>Izuzetno moderne plo\u010dice braon boje, osve\u017eit \u0107e svaki prostor. Plo\u010dica na sliki je 33,3&#215;33,3 cm. Casalgrande Padana Habitat Arancio je dostupna po vrlo povoljnim cenama 2328,75 RSD. 8 mm debljine je dovoljno za zahtevnije kupce. Casalgrande Padana Habitat Arancio je proizvod iz Italije te je izuzetno kvalitetna.<\/p>\n<p>Kliknite na ime serije za sve plo\u010dice u toj seriji: <a class=\"pdfcatal\" href=\"\/\/www.ceramictiles.com\/pdf\/casalgrandepadana\/catalogue_casalgrande_padana_habitat.pdf\" onclick=\"recordOutboundLink(this, 'E-mail', 'Description PDF');return false;\">Casalgrande Padana S.P.A. Habitat<\/a><\/p>\n<p>Da bi naru\u010dili model iz PDF kataloga ove serije, molimo vas, da nas kontaktirate na: <a href=\"mailto:zo_mi@ceramictiles.com\" onclick=\"recordOutboundLink(this, 'E-mail', 'Description mail');return false;\">zo_mi@ceramictiles.com<\/a> ili nas pozovite na: For exact offer, PLS send us quantity and product you need with delivery address..<\/p>\n<p>Technical description: <br \/> F 33,3&#215;33,3 <br \/>Habitat Arancio ; Habitat Beige ; Habitat Grigio ;<\/p>\n","protected":false},"excerpt":{"rendered":"<p>Izuzetno moderne plo\u010dice braon boje, osve\u017eit \u0107e svaki prostor. Plo\u010dica na sliki je 33,3&#215;33,3 cm. Casalgrande Padana Habitat Arancio je dostupna po vrlo povoljnim cenama 2328,75 RSD. 8 mm debljine je dovoljno za zahtevnije kupce. Casalgrande Padana Habitat Arancio je proizvod iz Italije te je izuzetno kvalitetna. Kliknite na ime serije za sve plo\u010dice u [&hellip;]<\/p>\n","protected":false},"featured_media":90005,"template":"","meta":[],"product_cat":[999448,200,240,999],"product_tag":[],"_links":{"self":[{"href":"https:\/\/www.keramika.com\/srbija\/wp-json\/wp\/v2\/product\/90004"}],"collection":[{"href":"https:\/\/www.keramika.com\/srbija\/wp-json\/wp\/v2\/product"}],"about":[{"href":"https:\/\/www.keramika.com\/srbija\/wp-json\/wp\/v2\/types\/product"}],"wp:featuredmedia":[{"embeddable":true,"href":"https:\/\/www.keramika.com\/srbija\/wp-json\/wp\/v2\/media\/90005"}],"wp:attachment":[{"href":"https:\/\/www.keramika.com\/srbija\/wp-json\/wp\/v2\/media?parent=90004"}],"wp:term":[{"taxonomy":"product_cat","embeddable":true,"href":"https:\/\/www.keramika.com\/srbija\/wp-json\/wp\/v2\/product_cat?post=90004"},{"taxonomy":"product_tag","embeddable":true,"href":"https:\/\/www.keramika.com\/srbija\/wp-json\/wp\/v2\/product_tag?post=90004"}],"curies":[{"name":"wp","href":"https:\/\/api.w.org\/{rel}","templated":true}]}}