{"id":90002,"date":"2017-07-01T20:16:06","date_gmt":"2017-07-01T20:16:06","guid":{"rendered":"http:\/\/www.ceramictiles.com\/srbija\/product\/projekt-plocice-casalgrande-padana-madrid-granito-3\/"},"modified":"2026-01-01T00:01:26","modified_gmt":"2026-01-01T00:01:26","slug":"projekt-plocice-casalgrande-padana-madrid-granito-3","status":"publish","type":"product","link":"https:\/\/www.keramika.com\/srbija\/projekt-plocice-casalgrande-padana-madrid-granito-3\/","title":{"rendered":"Projekt plo\u010dice Casalgrande Padana Madrid Granito 3"},"content":{"rendered":"<p>Ta kolekcija, model plo\u010dice, se prodaje najvi\u0161e crvene boje. 8 mm debljina \u0107e zadovoljiti i najzahtevnije kupce. Veli\u010dina plo\u010dice je 30&#215;30 cm i odli\u010dna je za razli\u010dite povr\u0161ine. Casalgrande Padana Madrid Granito 3 dolazi iz Italije, koja je poznata po vrlo visokoj kvaliteta keramike u svetu. Redovna cena, ovih plo\u010dica u maloprodaji je 4148,05 RSD. U na\u0161oj online trgovini, je mo\u017eete kupiti za 3318,9 RSD.<\/p>\n<p>Kliknite na ime serije za sve plo\u010dice u toj seriji: <a class=\"pdfcatal\" href=\"\/\/www.ceramictiles.com\/pdf\/casalgrandepadana\/catalogue_casalgrande_padana_granito3.pdf\" onclick=\"recordOutboundLink(this, 'E-mail', 'Description PDF');return false;\">Casalgrande Padana S.P.A. Granito 3<\/a><\/p>\n<p>Da bi naru\u010dili model iz PDF kataloga ove serije, molimo vas, da nas kontaktirate na: <a href=\"mailto:zo_mi@ceramictiles.com\" onclick=\"recordOutboundLink(this, 'E-mail', 'Description mail');return false;\">zo_mi@ceramictiles.com<\/a> ili nas pozovite na: For exact offer, PLS send us quantity and product you need with delivery address..<\/p>\n<p>Technical description: <br \/> F 20&#215;20 ; 30&#215;30 ; 40&#215;40 <br \/>Ankara ; Ajaccio ; Budapest ; Casablanca ; Dakar ; Helsinki ; Madrid ; Montreal ; Shanghai ; Tokyo ;<\/p>\n","protected":false},"excerpt":{"rendered":"<p>Ta kolekcija, model plo\u010dice, se prodaje najvi\u0161e crvene boje. 8 mm debljina \u0107e zadovoljiti i najzahtevnije kupce. Veli\u010dina plo\u010dice je 30&#215;30 cm i odli\u010dna je za razli\u010dite povr\u0161ine. Casalgrande Padana Madrid Granito 3 dolazi iz Italije, koja je poznata po vrlo visokoj kvaliteta keramike u svetu. Redovna cena, ovih plo\u010dica u maloprodaji je 4148,05 RSD. [&hellip;]<\/p>\n","protected":false},"featured_media":90003,"template":"","meta":[],"product_cat":[999448,200,240,999],"product_tag":[],"_links":{"self":[{"href":"https:\/\/www.keramika.com\/srbija\/wp-json\/wp\/v2\/product\/90002"}],"collection":[{"href":"https:\/\/www.keramika.com\/srbija\/wp-json\/wp\/v2\/product"}],"about":[{"href":"https:\/\/www.keramika.com\/srbija\/wp-json\/wp\/v2\/types\/product"}],"wp:featuredmedia":[{"embeddable":true,"href":"https:\/\/www.keramika.com\/srbija\/wp-json\/wp\/v2\/media\/90003"}],"wp:attachment":[{"href":"https:\/\/www.keramika.com\/srbija\/wp-json\/wp\/v2\/media?parent=90002"}],"wp:term":[{"taxonomy":"product_cat","embeddable":true,"href":"https:\/\/www.keramika.com\/srbija\/wp-json\/wp\/v2\/product_cat?post=90002"},{"taxonomy":"product_tag","embeddable":true,"href":"https:\/\/www.keramika.com\/srbija\/wp-json\/wp\/v2\/product_tag?post=90002"}],"curies":[{"name":"wp","href":"https:\/\/api.w.org\/{rel}","templated":true}]}}