{"id":89998,"date":"2017-07-01T20:15:29","date_gmt":"2017-07-01T20:15:29","guid":{"rendered":"http:\/\/www.ceramictiles.com\/srbija\/product\/projekt-plocice-casalgrande-padana-dakota-granito-1\/"},"modified":"2026-01-01T00:01:26","modified_gmt":"2026-01-01T00:01:26","slug":"projekt-plocice-casalgrande-padana-dakota-granito-1","status":"publish","type":"product","link":"https:\/\/www.keramika.com\/srbija\/projekt-plocice-casalgrande-padana-dakota-granito-1\/","title":{"rendered":"Projekt plo\u010dice Casalgrande Padana Dakota Granito 1"},"content":{"rendered":"<p>Zbog ni\u017eih tro\u0161kova, online prodaje, Vi \u0107e te na na\u0161oj strani ove plo\u010de platiti samo 2444,9 RSD. Plo\u010dice dolaze iz Italije, koja je poznata po kvalitetnoj keramiki. Debljina plo\u010dice, je vrlo va\u017ena 8 mm i ubraja tu plo\u010dicu me\u0111u najkvalitetnije. Plo\u010dica 30&#215;30 cm je dobra za ve\u0107 razli\u010ditih namena. Ove crne kerami\u010dke plo\u010dice, obogatit \u0107e svaki prostor.<\/p>\n<p>Kliknite na ime serije za sve plo\u010dice u toj seriji: <a class=\"pdfcatal\" href=\"\/\/www.ceramictiles.com\/pdf\/casalgrandepadana\/catalogue_casalgrande_padana_granito1.pdf\" onclick=\"recordOutboundLink(this, 'E-mail', 'Description PDF');return false;\">Casalgrande Padana S.P.A. Granito 1<\/a><\/p>\n<p>Da bi naru\u010dili model iz PDF kataloga ove serije, molimo vas, da nas kontaktirate na: <a href=\"mailto:zo_mi@ceramictiles.com\" onclick=\"recordOutboundLink(this, 'E-mail', 'Description mail');return false;\">zo_mi@ceramictiles.com<\/a> ili nas pozovite na: For exact offer, PLS send us quantity and product you need with delivery address..<\/p>\n<p>Technical description: <br \/> F 15&#215;15 ; 20&#215;20 ; 10&#215;20 ; 12,5&#215;25 ; 30&#215;30 ; 40&#215;40 ; 30&#215;60 ; 60&#215;60 <br \/>Virginia ; Dakota ; Arizona ; Ontario ; Dolomite ; Labrador ; Pampas ; Borneo ; Maryland ; Navarra ; Caucaso ; Granada ; Marocco ; Colorado ; Terranova ; Arkansas ; Oregon ; Montana ; Everest ; Nebraska ; Nevada ; Minnesota ; Georgia ; Giamaica ; Catalogna ; Andalusia ; Iberia ; Tibet ; California ; Sahara ;<\/p>\n","protected":false},"excerpt":{"rendered":"<p>Zbog ni\u017eih tro\u0161kova, online prodaje, Vi \u0107e te na na\u0161oj strani ove plo\u010de platiti samo 2444,9 RSD. Plo\u010dice dolaze iz Italije, koja je poznata po kvalitetnoj keramiki. Debljina plo\u010dice, je vrlo va\u017ena 8 mm i ubraja tu plo\u010dicu me\u0111u najkvalitetnije. Plo\u010dica 30&#215;30 cm je dobra za ve\u0107 razli\u010ditih namena. Ove crne kerami\u010dke plo\u010dice, obogatit \u0107e [&hellip;]<\/p>\n","protected":false},"featured_media":89999,"template":"","meta":[],"product_cat":[999448,200,240,999],"product_tag":[],"_links":{"self":[{"href":"https:\/\/www.keramika.com\/srbija\/wp-json\/wp\/v2\/product\/89998"}],"collection":[{"href":"https:\/\/www.keramika.com\/srbija\/wp-json\/wp\/v2\/product"}],"about":[{"href":"https:\/\/www.keramika.com\/srbija\/wp-json\/wp\/v2\/types\/product"}],"wp:featuredmedia":[{"embeddable":true,"href":"https:\/\/www.keramika.com\/srbija\/wp-json\/wp\/v2\/media\/89999"}],"wp:attachment":[{"href":"https:\/\/www.keramika.com\/srbija\/wp-json\/wp\/v2\/media?parent=89998"}],"wp:term":[{"taxonomy":"product_cat","embeddable":true,"href":"https:\/\/www.keramika.com\/srbija\/wp-json\/wp\/v2\/product_cat?post=89998"},{"taxonomy":"product_tag","embeddable":true,"href":"https:\/\/www.keramika.com\/srbija\/wp-json\/wp\/v2\/product_tag?post=89998"}],"curies":[{"name":"wp","href":"https:\/\/api.w.org\/{rel}","templated":true}]}}