{"id":89996,"date":"2017-07-01T20:15:11","date_gmt":"2017-07-01T20:15:11","guid":{"rendered":"http:\/\/www.ceramictiles.com\/srbija\/product\/podne-plocice-casalgrande-padana-galassia-grigio\/"},"modified":"2026-01-01T00:01:25","modified_gmt":"2026-01-01T00:01:25","slug":"podne-plocice-casalgrande-padana-galassia-grigio","status":"publish","type":"product","link":"https:\/\/www.keramika.com\/srbija\/podne-plocice-casalgrande-padana-galassia-grigio\/","title":{"rendered":"Podne plo\u010dice Casalgrande Padana Galassia Grigio"},"content":{"rendered":"<p>Veli\u010dina plo\u010dice je 33,3&#215;33,3 cm i odli\u010dna je za razli\u010dite povr\u0161ine. Izuzetno moderne plo\u010dice sive boje, osve\u017eit \u0107e svaki prostor. Plo\u010dice dolaze iz Italije, koja je poznata po kvalitetnoj keramiki. Casalgrande Padana Galassia Grigio je dostupna po vrlo povoljnim cenama 2328,75 RSD. Plo\u010dica je debela 8 mm, \u0161to je ubraja u tvrde plo\u010dice.<\/p>\n<p>Kliknite na ime serije za sve plo\u010dice u toj seriji: <a class=\"pdfcatal\" href=\"\/\/www.ceramictiles.com\/pdf\/casalgrandepadana\/catalogue_casalgrande_padana_galassia.pdf\" onclick=\"recordOutboundLink(this, 'E-mail', 'Description PDF');return false;\">Casalgrande Padana S.P.A. Galassia<\/a><\/p>\n<p>Da bi naru\u010dili model iz PDF kataloga ove serije, molimo vas, da nas kontaktirate na: <a href=\"mailto:zo_mi@ceramictiles.com\" onclick=\"recordOutboundLink(this, 'E-mail', 'Description mail');return false;\">zo_mi@ceramictiles.com<\/a> ili nas pozovite na: For exact offer, PLS send us quantity and product you need with delivery address..<\/p>\n<p>Technical description: <br \/> F 20&#215;20 ; 33,3&#215;33,3 <br \/>Galassia Beige ; Galassia Grigio ; Galassia Nero ;<\/p>\n","protected":false},"excerpt":{"rendered":"<p>Veli\u010dina plo\u010dice je 33,3&#215;33,3 cm i odli\u010dna je za razli\u010dite povr\u0161ine. Izuzetno moderne plo\u010dice sive boje, osve\u017eit \u0107e svaki prostor. Plo\u010dice dolaze iz Italije, koja je poznata po kvalitetnoj keramiki. Casalgrande Padana Galassia Grigio je dostupna po vrlo povoljnim cenama 2328,75 RSD. Plo\u010dica je debela 8 mm, \u0161to je ubraja u tvrde plo\u010dice. Kliknite na [&hellip;]<\/p>\n","protected":false},"featured_media":89997,"template":"","meta":[],"product_cat":[999448,200,240,999],"product_tag":[],"_links":{"self":[{"href":"https:\/\/www.keramika.com\/srbija\/wp-json\/wp\/v2\/product\/89996"}],"collection":[{"href":"https:\/\/www.keramika.com\/srbija\/wp-json\/wp\/v2\/product"}],"about":[{"href":"https:\/\/www.keramika.com\/srbija\/wp-json\/wp\/v2\/types\/product"}],"wp:featuredmedia":[{"embeddable":true,"href":"https:\/\/www.keramika.com\/srbija\/wp-json\/wp\/v2\/media\/89997"}],"wp:attachment":[{"href":"https:\/\/www.keramika.com\/srbija\/wp-json\/wp\/v2\/media?parent=89996"}],"wp:term":[{"taxonomy":"product_cat","embeddable":true,"href":"https:\/\/www.keramika.com\/srbija\/wp-json\/wp\/v2\/product_cat?post=89996"},{"taxonomy":"product_tag","embeddable":true,"href":"https:\/\/www.keramika.com\/srbija\/wp-json\/wp\/v2\/product_tag?post=89996"}],"curies":[{"name":"wp","href":"https:\/\/api.w.org\/{rel}","templated":true}]}}