{"id":89992,"date":"2017-07-01T20:14:33","date_gmt":"2017-07-01T20:14:33","guid":{"rendered":"http:\/\/www.ceramictiles.com\/srbija\/product\/podne-plocice-casalgrande-padana-europa-gresplus-grigio\/"},"modified":"2026-01-01T00:01:25","modified_gmt":"2026-01-01T00:01:25","slug":"podne-plocice-casalgrande-padana-europa-gresplus-grigio","status":"publish","type":"product","link":"https:\/\/www.keramika.com\/srbija\/podne-plocice-casalgrande-padana-europa-gresplus-grigio\/","title":{"rendered":"Podne plo\u010dice Casalgrande Padana Europa Gresplus Grigio"},"content":{"rendered":"<p>Veli\u010dina plo\u010dice je 30&#215;30 cm i odli\u010dna je za razli\u010dite povr\u0161ine. Online cena je samo 3026,8 RSD, dok redovna, maloprodajna cena 3784,65 RSD. 8 mm debljine je dovoljno za zahtevnije kupce. Ove plo\u010dice dolaze od proizvo\u0111a\u010da Casalgrande Padana S.P.A., iz Italije. Plo\u010dice sive boje, su letos izuzetno tre\u017eene.<\/p>\n<p>Kliknite na ime serije za sve plo\u010dice u toj seriji: <a class=\"pdfcatal\" href=\"\/\/www.ceramictiles.com\/pdf\/casalgrandepadana\/catalogue_casalgrande_padana_europa_gresplus.pdf\" onclick=\"recordOutboundLink(this, 'E-mail', 'Description PDF');return false;\">Casalgrande Padana S.P.A. Europa Gresplus<\/a><\/p>\n<p>Da bi naru\u010dili model iz PDF kataloga ove serije, molimo vas, da nas kontaktirate na: <a href=\"mailto:zo_mi@ceramictiles.com\" onclick=\"recordOutboundLink(this, 'E-mail', 'Description mail');return false;\">zo_mi@ceramictiles.com<\/a> ili nas pozovite na: For exact offer, PLS send us quantity and product you need with delivery address..<\/p>\n<p>Technical description: <br \/> F 30&#215;30 ; 41&#215;41 <br \/>Europa Nero ; Europa Grigio ; Europa Bianco ; Europa Verde ; Europa Pesca ; Europa Rosa ;<\/p>\n","protected":false},"excerpt":{"rendered":"<p>Veli\u010dina plo\u010dice je 30&#215;30 cm i odli\u010dna je za razli\u010dite povr\u0161ine. Online cena je samo 3026,8 RSD, dok redovna, maloprodajna cena 3784,65 RSD. 8 mm debljine je dovoljno za zahtevnije kupce. Ove plo\u010dice dolaze od proizvo\u0111a\u010da Casalgrande Padana S.P.A., iz Italije. Plo\u010dice sive boje, su letos izuzetno tre\u017eene. Kliknite na ime serije za sve plo\u010dice [&hellip;]<\/p>\n","protected":false},"featured_media":89993,"template":"","meta":[],"product_cat":[999448,200,240,999],"product_tag":[],"_links":{"self":[{"href":"https:\/\/www.keramika.com\/srbija\/wp-json\/wp\/v2\/product\/89992"}],"collection":[{"href":"https:\/\/www.keramika.com\/srbija\/wp-json\/wp\/v2\/product"}],"about":[{"href":"https:\/\/www.keramika.com\/srbija\/wp-json\/wp\/v2\/types\/product"}],"wp:featuredmedia":[{"embeddable":true,"href":"https:\/\/www.keramika.com\/srbija\/wp-json\/wp\/v2\/media\/89993"}],"wp:attachment":[{"href":"https:\/\/www.keramika.com\/srbija\/wp-json\/wp\/v2\/media?parent=89992"}],"wp:term":[{"taxonomy":"product_cat","embeddable":true,"href":"https:\/\/www.keramika.com\/srbija\/wp-json\/wp\/v2\/product_cat?post=89992"},{"taxonomy":"product_tag","embeddable":true,"href":"https:\/\/www.keramika.com\/srbija\/wp-json\/wp\/v2\/product_tag?post=89992"}],"curies":[{"name":"wp","href":"https:\/\/api.w.org\/{rel}","templated":true}]}}