{"id":89990,"date":"2017-07-01T20:14:13","date_gmt":"2017-07-01T20:14:13","guid":{"rendered":"http:\/\/www.ceramictiles.com\/srbija\/product\/podne-plocice-casalgrande-padana-diamanti-hope-levigato\/"},"modified":"2026-01-01T00:01:25","modified_gmt":"2026-01-01T00:01:25","slug":"podne-plocice-casalgrande-padana-diamanti-hope-levigato","status":"publish","type":"product","link":"https:\/\/www.keramika.com\/srbija\/podne-plocice-casalgrande-padana-diamanti-hope-levigato\/","title":{"rendered":"Podne plo\u010dice Casalgrande Padana Diamanti Hope Levigato"},"content":{"rendered":"<p>Ove plave kerami\u010dke plo\u010dice, obogatit \u0107e svaki prostor. Veli\u010dina plo\u010dice je 40&#215;40 cm i odli\u010dna je za razli\u010dite povr\u0161ine. Zbog ni\u017eih tro\u0161kova, online prodaje, Vi \u0107e te na na\u0161oj strani ove plo\u010de platiti samo 7568,15 RSD. Casalgrande Padana Diamanti Hope Levigato dolazi iz Italije, koja je poznata po vrlo visokoj kvaliteta keramike u svetu. Debljina 9 mm \u010dini plo\u010dicu vrlo izdr\u017eljivom i prijatnom na dodir.<\/p>\n<p>Kliknite na ime serije za sve plo\u010dice u toj seriji: <a class=\"pdfcatal\" href=\"\/\/www.ceramictiles.com\/pdf\/casalgrandepadana\/catalogue_casalgrande_padana_diamanti.pdf\" onclick=\"recordOutboundLink(this, 'E-mail', 'Description PDF');return false;\">Casalgrande Padana S.P.A. Diamanti<\/a><\/p>\n<p>Da bi naru\u010dili model iz PDF kataloga ove serije, molimo vas, da nas kontaktirate na: <a href=\"mailto:zo_mi@ceramictiles.com\" onclick=\"recordOutboundLink(this, 'E-mail', 'Description mail');return false;\">zo_mi@ceramictiles.com<\/a> ili nas pozovite na: For exact offer, PLS send us quantity and product you need with delivery address..<\/p>\n<p>Technical description: <br \/> F 40&#215;40 <br \/>Eureka ; Victoria ; Excelsior ; Orloff ; Crema Europa ; Croce Del Sud ; Hope ; Florentine ;<\/p>\n","protected":false},"excerpt":{"rendered":"<p>Ove plave kerami\u010dke plo\u010dice, obogatit \u0107e svaki prostor. Veli\u010dina plo\u010dice je 40&#215;40 cm i odli\u010dna je za razli\u010dite povr\u0161ine. Zbog ni\u017eih tro\u0161kova, online prodaje, Vi \u0107e te na na\u0161oj strani ove plo\u010de platiti samo 7568,15 RSD. Casalgrande Padana Diamanti Hope Levigato dolazi iz Italije, koja je poznata po vrlo visokoj kvaliteta keramike u svetu. Debljina [&hellip;]<\/p>\n","protected":false},"featured_media":89991,"template":"","meta":[],"product_cat":[999448,200,240,999],"product_tag":[],"_links":{"self":[{"href":"https:\/\/www.keramika.com\/srbija\/wp-json\/wp\/v2\/product\/89990"}],"collection":[{"href":"https:\/\/www.keramika.com\/srbija\/wp-json\/wp\/v2\/product"}],"about":[{"href":"https:\/\/www.keramika.com\/srbija\/wp-json\/wp\/v2\/types\/product"}],"wp:featuredmedia":[{"embeddable":true,"href":"https:\/\/www.keramika.com\/srbija\/wp-json\/wp\/v2\/media\/89991"}],"wp:attachment":[{"href":"https:\/\/www.keramika.com\/srbija\/wp-json\/wp\/v2\/media?parent=89990"}],"wp:term":[{"taxonomy":"product_cat","embeddable":true,"href":"https:\/\/www.keramika.com\/srbija\/wp-json\/wp\/v2\/product_cat?post=89990"},{"taxonomy":"product_tag","embeddable":true,"href":"https:\/\/www.keramika.com\/srbija\/wp-json\/wp\/v2\/product_tag?post=89990"}],"curies":[{"name":"wp","href":"https:\/\/api.w.org\/{rel}","templated":true}]}}