{"id":89988,"date":"2017-07-01T20:13:55","date_gmt":"2017-07-01T20:13:55","guid":{"rendered":"http:\/\/www.ceramictiles.com\/srbija\/product\/projekt-plocice-casalgrande-padana-crystall-blue-levigato\/"},"modified":"2026-01-01T00:01:24","modified_gmt":"2026-01-01T00:01:24","slug":"projekt-plocice-casalgrande-padana-crystall-blue-levigato","status":"publish","type":"product","link":"https:\/\/www.keramika.com\/srbija\/projekt-plocice-casalgrande-padana-crystall-blue-levigato\/","title":{"rendered":"Projekt plo\u010dice Casalgrande Padana Crystall Blue Levigato"},"content":{"rendered":"<p>Veli\u010dina plo\u010dice je 40&#215;40 cm i odli\u010dna je za razli\u010dite povr\u0161ine. Plo\u010dica je debela 9 mm, \u0161to je ubraja u tvrde plo\u010dice. Keramika je prekrasne plave boje. U koliko \u017eelite neku drugu boju, pozovite nas i mi \u0107emo proveriti kod proizvo\u0111a\u010da. Plo\u010dice dolaze iz Italije, koja je poznata po kvalitetnoj keramiki. Zbog ni\u017eih tro\u0161kova, online prodaje, Vi \u0107e te na na\u0161oj strani ove plo\u010de platiti samo 10478,8 RSD.<\/p>\n<p>Kliknite na ime serije za sve plo\u010dice u toj seriji: <a class=\"pdfcatal\" href=\"\/\/www.ceramictiles.com\/pdf\/casalgrandepadana\/catalogue_casalgrande_padana_crystall.pdf\" onclick=\"recordOutboundLink(this, 'E-mail', 'Description PDF');return false;\">Casalgrande Padana S.P.A. Crystall<\/a><\/p>\n<p>Da bi naru\u010dili model iz PDF kataloga ove serije, molimo vas, da nas kontaktirate na: <a href=\"mailto:zo_mi@ceramictiles.com\" onclick=\"recordOutboundLink(this, 'E-mail', 'Description mail');return false;\">zo_mi@ceramictiles.com<\/a> ili nas pozovite na: For exact offer, PLS send us quantity and product you need with delivery address..<\/p>\n<p>Technical description: <br \/> F 40&#215;40 ; 60&#215;60 <br \/>Pearl ; Ivory ; Grey ; Green ; Cream ; Yellow ; Blue ;<\/p>\n","protected":false},"excerpt":{"rendered":"<p>Veli\u010dina plo\u010dice je 40&#215;40 cm i odli\u010dna je za razli\u010dite povr\u0161ine. Plo\u010dica je debela 9 mm, \u0161to je ubraja u tvrde plo\u010dice. Keramika je prekrasne plave boje. U koliko \u017eelite neku drugu boju, pozovite nas i mi \u0107emo proveriti kod proizvo\u0111a\u010da. Plo\u010dice dolaze iz Italije, koja je poznata po kvalitetnoj keramiki. Zbog ni\u017eih tro\u0161kova, online [&hellip;]<\/p>\n","protected":false},"featured_media":89989,"template":"","meta":[],"product_cat":[999448,200,999,290],"product_tag":[],"_links":{"self":[{"href":"https:\/\/www.keramika.com\/srbija\/wp-json\/wp\/v2\/product\/89988"}],"collection":[{"href":"https:\/\/www.keramika.com\/srbija\/wp-json\/wp\/v2\/product"}],"about":[{"href":"https:\/\/www.keramika.com\/srbija\/wp-json\/wp\/v2\/types\/product"}],"wp:featuredmedia":[{"embeddable":true,"href":"https:\/\/www.keramika.com\/srbija\/wp-json\/wp\/v2\/media\/89989"}],"wp:attachment":[{"href":"https:\/\/www.keramika.com\/srbija\/wp-json\/wp\/v2\/media?parent=89988"}],"wp:term":[{"taxonomy":"product_cat","embeddable":true,"href":"https:\/\/www.keramika.com\/srbija\/wp-json\/wp\/v2\/product_cat?post=89988"},{"taxonomy":"product_tag","embeddable":true,"href":"https:\/\/www.keramika.com\/srbija\/wp-json\/wp\/v2\/product_tag?post=89988"}],"curies":[{"name":"wp","href":"https:\/\/api.w.org\/{rel}","templated":true}]}}