{"id":89986,"date":"2017-07-01T20:13:33","date_gmt":"2017-07-01T20:13:33","guid":{"rendered":"http:\/\/www.ceramictiles.com\/srbija\/product\/podne-plocice-casalgrande-padana-country-arancio\/"},"modified":"2026-01-01T00:01:24","modified_gmt":"2026-01-01T00:01:24","slug":"podne-plocice-casalgrande-padana-country-arancio","status":"publish","type":"product","link":"https:\/\/www.keramika.com\/srbija\/podne-plocice-casalgrande-padana-country-arancio\/","title":{"rendered":"Podne plo\u010dice Casalgrande Padana Country Arancio"},"content":{"rendered":"<p>Plo\u010dice be\u017e boje osvje\u017eit \u0107e svaki prostor. Veli\u010dina ove plo\u010dice je 33,3&#215;33,3 cm. 8 mm debljine je dovoljno za zahtevnije kupce. Umesto 3493,7 RSD \u0161to je redovna maloprodajna cena keramike, u na\u0161oj online prodavnici, je mo\u017eete dobiti za samo 2794,5 RSD. Plo\u010dice dolaze iz Italije, koja je poznata po kvalitetnoj keramiki.<\/p>\n<p>Kliknite na ime serije za sve plo\u010dice u toj seriji: <a class=\"pdfcatal\" href=\"\/\/www.ceramictiles.com\/pdf\/casalgrandepadana\/catalogue_casalgrande_padana_country.pdf\" onclick=\"recordOutboundLink(this, 'E-mail', 'Description PDF');return false;\">Casalgrande Padana S.P.A. Country<\/a><\/p>\n<p>Da bi naru\u010dili model iz PDF kataloga ove serije, molimo vas, da nas kontaktirate na: <a href=\"mailto:zo_mi@ceramictiles.com\" onclick=\"recordOutboundLink(this, 'E-mail', 'Description mail');return false;\">zo_mi@ceramictiles.com<\/a> ili nas pozovite na: For exact offer, PLS send us quantity and product you need with delivery address..<\/p>\n<p>Technical description: <br \/> F 33,3&#215;33,3 <br \/>Country Arancio ; Country Rosa ; Country Beige ; Country Bianco ;<\/p>\n","protected":false},"excerpt":{"rendered":"<p>Plo\u010dice be\u017e boje osvje\u017eit \u0107e svaki prostor. Veli\u010dina ove plo\u010dice je 33,3&#215;33,3 cm. 8 mm debljine je dovoljno za zahtevnije kupce. Umesto 3493,7 RSD \u0161to je redovna maloprodajna cena keramike, u na\u0161oj online prodavnici, je mo\u017eete dobiti za samo 2794,5 RSD. Plo\u010dice dolaze iz Italije, koja je poznata po kvalitetnoj keramiki. Kliknite na ime serije [&hellip;]<\/p>\n","protected":false},"featured_media":89987,"template":"","meta":[],"product_cat":[999448,200,240,999],"product_tag":[],"_links":{"self":[{"href":"https:\/\/www.keramika.com\/srbija\/wp-json\/wp\/v2\/product\/89986"}],"collection":[{"href":"https:\/\/www.keramika.com\/srbija\/wp-json\/wp\/v2\/product"}],"about":[{"href":"https:\/\/www.keramika.com\/srbija\/wp-json\/wp\/v2\/types\/product"}],"wp:featuredmedia":[{"embeddable":true,"href":"https:\/\/www.keramika.com\/srbija\/wp-json\/wp\/v2\/media\/89987"}],"wp:attachment":[{"href":"https:\/\/www.keramika.com\/srbija\/wp-json\/wp\/v2\/media?parent=89986"}],"wp:term":[{"taxonomy":"product_cat","embeddable":true,"href":"https:\/\/www.keramika.com\/srbija\/wp-json\/wp\/v2\/product_cat?post=89986"},{"taxonomy":"product_tag","embeddable":true,"href":"https:\/\/www.keramika.com\/srbija\/wp-json\/wp\/v2\/product_tag?post=89986"}],"curies":[{"name":"wp","href":"https:\/\/api.w.org\/{rel}","templated":true}]}}