{"id":89974,"date":"2017-07-01T20:11:50","date_gmt":"2017-07-01T20:11:50","guid":{"rendered":"http:\/\/www.ceramictiles.com\/srbija\/product\/podne-i-zidne-plocice-casalgrande-padana-amazzonia-dragon-brown\/"},"modified":"2026-01-01T00:01:21","modified_gmt":"2026-01-01T00:01:21","slug":"podne-i-zidne-plocice-casalgrande-padana-amazzonia-dragon-brown","status":"publish","type":"product","link":"https:\/\/www.keramika.com\/srbija\/podne-i-zidne-plocice-casalgrande-padana-amazzonia-dragon-brown\/","title":{"rendered":"Podne i zidne plo\u010dice Casalgrande Padana Amazzonia Dragon Brown"},"content":{"rendered":"<p>Casalgrande Padana Amazzonia Dragon Brown je dostupna po vrlo povoljnim cenama 7568,15 RSD. Veli\u010dina ove plo\u010dice je 45&#215;45 cm. Izuzetno moderne plo\u010dice braon boje, osve\u017eit \u0107e svaki prostor. Debljina 10 mm \u010dini plo\u010dicu vrlo izdr\u017eljivom i prijatnom na dodir. Casalgrande Padana Amazzonia Dragon Brown je proizvod iz Italije te je izuzetno kvalitetna.<\/p>\n<p>Kliknite na ime serije za sve plo\u010dice u toj seriji: <a class=\"pdfcatal\" href=\"\/\/www.ceramictiles.com\/pdf\/casalgrandepadana\/catalogue_casalgrande_padana_amazzonia.pdf\" onclick=\"recordOutboundLink(this, 'E-mail', 'Description PDF');return false;\">Casalgrande Padana S.P.A. Amazzonia<\/a><\/p>\n<p>Da bi naru\u010dili model iz PDF kataloga ove serije, molimo vas, da nas kontaktirate na: <a href=\"mailto:zo_mi@ceramictiles.com\" onclick=\"recordOutboundLink(this, 'E-mail', 'Description mail');return false;\">zo_mi@ceramictiles.com<\/a> ili nas pozovite na: For exact offer, PLS send us quantity and product you need with delivery address..<\/p>\n<p>Technical description: <br \/> W &#038; F 60&#215;60 ; 30&#215;60 ; 45&#215;90 ; 45&#215;45 ; 30&#215;30 <br \/>Dragon Black ; Dragon Green ; Dragon White ; Dragon Grey ; Dragon Chocolate ; Dragon Brown ; Dragon Beige ; Eldorado ; Mosaico Amazzonia ;<\/p>\n","protected":false},"excerpt":{"rendered":"<p>Casalgrande Padana Amazzonia Dragon Brown je dostupna po vrlo povoljnim cenama 7568,15 RSD. Veli\u010dina ove plo\u010dice je 45&#215;45 cm. Izuzetno moderne plo\u010dice braon boje, osve\u017eit \u0107e svaki prostor. Debljina 10 mm \u010dini plo\u010dicu vrlo izdr\u017eljivom i prijatnom na dodir. Casalgrande Padana Amazzonia Dragon Brown je proizvod iz Italije te je izuzetno kvalitetna. Kliknite na ime [&hellip;]<\/p>\n","protected":false},"featured_media":89975,"template":"","meta":[],"product_cat":[999448,200,240,999],"product_tag":[],"_links":{"self":[{"href":"https:\/\/www.keramika.com\/srbija\/wp-json\/wp\/v2\/product\/89974"}],"collection":[{"href":"https:\/\/www.keramika.com\/srbija\/wp-json\/wp\/v2\/product"}],"about":[{"href":"https:\/\/www.keramika.com\/srbija\/wp-json\/wp\/v2\/types\/product"}],"wp:featuredmedia":[{"embeddable":true,"href":"https:\/\/www.keramika.com\/srbija\/wp-json\/wp\/v2\/media\/89975"}],"wp:attachment":[{"href":"https:\/\/www.keramika.com\/srbija\/wp-json\/wp\/v2\/media?parent=89974"}],"wp:term":[{"taxonomy":"product_cat","embeddable":true,"href":"https:\/\/www.keramika.com\/srbija\/wp-json\/wp\/v2\/product_cat?post=89974"},{"taxonomy":"product_tag","embeddable":true,"href":"https:\/\/www.keramika.com\/srbija\/wp-json\/wp\/v2\/product_tag?post=89974"}],"curies":[{"name":"wp","href":"https:\/\/api.w.org\/{rel}","templated":true}]}}