{"id":89972,"date":"2017-07-01T20:11:33","date_gmt":"2017-07-01T20:11:33","guid":{"rendered":"http:\/\/www.ceramictiles.com\/srbija\/product\/podne-plocice-casalgrande-padana-aia-miglio\/"},"modified":"2026-01-01T00:01:21","modified_gmt":"2026-01-01T00:01:21","slug":"podne-plocice-casalgrande-padana-aia-miglio","status":"publish","type":"product","link":"https:\/\/www.keramika.com\/srbija\/podne-plocice-casalgrande-padana-aia-miglio\/","title":{"rendered":"Podne plo\u010dice Casalgrande Padana Aia Miglio"},"content":{"rendered":"<p>\u0160irina i du\u017eina plo\u010dice su 33&#215;33 cm. Redovna cena, ovih plo\u010dica u maloprodaji je 3493,7 RSD. U na\u0161oj online trgovini, je mo\u017eete kupiti za 2794,5 RSD. U izboru plo\u010dica braon boje, ne mo\u017eete pogre\u0161iti. Proizvodnja Italije ,koja je poznata u svetu, kao jedana od najboljih proizvo\u0111a\u010da kerami\u010dkih plo\u010dica. Ova plo\u010dica je debela 8 mm i zato je izuzetno izdr\u017eljiva.<\/p>\n<p>Kliknite na ime serije za sve plo\u010dice u toj seriji: <a class=\"pdfcatal\" href=\"\/\/www.ceramictiles.com\/pdf\/casalgrandepadana\/catalogue_casalgrande_padana_aia.pdf\" onclick=\"recordOutboundLink(this, 'E-mail', 'Description PDF');return false;\">Casalgrande Padana S.P.A. Aia<\/a><\/p>\n<p>Da bi naru\u010dili model iz PDF kataloga ove serije, molimo vas, da nas kontaktirate na: <a href=\"mailto:zo_mi@ceramictiles.com\" onclick=\"recordOutboundLink(this, 'E-mail', 'Description mail');return false;\">zo_mi@ceramictiles.com<\/a> ili nas pozovite na: For exact offer, PLS send us quantity and product you need with delivery address..<\/p>\n<p>Technical description: <br \/> F 16,5&#215;16,5 ; 16,5&#215;33,3 ; 33,3&#215;33,3 <br \/>Grano ; Miglio ; Mais ; Soia ;<\/p>\n","protected":false},"excerpt":{"rendered":"<p>\u0160irina i du\u017eina plo\u010dice su 33&#215;33 cm. Redovna cena, ovih plo\u010dica u maloprodaji je 3493,7 RSD. U na\u0161oj online trgovini, je mo\u017eete kupiti za 2794,5 RSD. U izboru plo\u010dica braon boje, ne mo\u017eete pogre\u0161iti. Proizvodnja Italije ,koja je poznata u svetu, kao jedana od najboljih proizvo\u0111a\u010da kerami\u010dkih plo\u010dica. Ova plo\u010dica je debela 8 mm i [&hellip;]<\/p>\n","protected":false},"featured_media":89973,"template":"","meta":[],"product_cat":[999448,200,240,999],"product_tag":[],"_links":{"self":[{"href":"https:\/\/www.keramika.com\/srbija\/wp-json\/wp\/v2\/product\/89972"}],"collection":[{"href":"https:\/\/www.keramika.com\/srbija\/wp-json\/wp\/v2\/product"}],"about":[{"href":"https:\/\/www.keramika.com\/srbija\/wp-json\/wp\/v2\/types\/product"}],"wp:featuredmedia":[{"embeddable":true,"href":"https:\/\/www.keramika.com\/srbija\/wp-json\/wp\/v2\/media\/89973"}],"wp:attachment":[{"href":"https:\/\/www.keramika.com\/srbija\/wp-json\/wp\/v2\/media?parent=89972"}],"wp:term":[{"taxonomy":"product_cat","embeddable":true,"href":"https:\/\/www.keramika.com\/srbija\/wp-json\/wp\/v2\/product_cat?post=89972"},{"taxonomy":"product_tag","embeddable":true,"href":"https:\/\/www.keramika.com\/srbija\/wp-json\/wp\/v2\/product_tag?post=89972"}],"curies":[{"name":"wp","href":"https:\/\/api.w.org\/{rel}","templated":true}]}}