{"id":89754,"date":"2017-07-01T19:37:34","date_gmt":"2017-07-01T19:37:34","guid":{"rendered":"http:\/\/www.ceramictiles.com\/srbija\/product\/podne-i-zidne-plocice-revigres-glance-preto\/"},"modified":"2017-07-01T19:37:34","modified_gmt":"2017-07-01T19:37:34","slug":"podne-i-zidne-plocice-revigres-glance-preto","status":"publish","type":"product","link":"https:\/\/www.keramika.com\/srbija\/podne-i-zidne-plocice-revigres-glance-preto\/","title":{"rendered":"Podne i zidne plo\u010dice Revigres Glance Preto"},"content":{"rendered":"<p>Ta kolekcija, model plo\u010dice, se prodaje najvi\u0161e crne boje. Veli\u010dina 60&#215;60 cm je odli\u010dna za sve podloge. 10 mm debljine je dovoljno za zahtevnije kupce. Plo\u010dice dolaze iz Portugala, koja je poznata po kvalitetnoj keramiki.<\/p>\n<p>Kliknite na ime serije za sve plo\u010dice u toj seriji: <a class=\"pdfcatal\" href=\"\/\/www.ceramictiles.com\/pdf\/revigres\/catalogue_revigres_glance.pdf\" onclick=\"recordOutboundLink(this, 'E-mail', 'Description PDF');return false;\">Revigres Glance<\/a><\/p>\n<p>Da bi naru\u010dili model iz PDF kataloga ove serije, molimo vas, da nas kontaktirate na: <a href=\"mailto:zo_mi@ceramictiles.com\" onclick=\"recordOutboundLink(this, 'E-mail', 'Description mail');return false;\">zo_mi@ceramictiles.com<\/a> ili nas pozovite na: For exact offer, PLS send us quantity and product you need with delivery address..<\/p>\n<p>Technical description: <br \/> W &#038; F 60&#215;60 <br \/>Glance Preto ; Glance Bronze ;<\/p>\n","protected":false},"excerpt":{"rendered":"<p>Ta kolekcija, model plo\u010dice, se prodaje najvi\u0161e crne boje. Veli\u010dina 60&#215;60 cm je odli\u010dna za sve podloge. 10 mm debljine je dovoljno za zahtevnije kupce. Plo\u010dice dolaze iz Portugala, koja je poznata po kvalitetnoj keramiki. Kliknite na ime serije za sve plo\u010dice u toj seriji: Revigres Glance Da bi naru\u010dili model iz PDF kataloga ove [&hellip;]<\/p>\n","protected":false},"featured_media":89755,"template":"","meta":[],"product_cat":[200,260,999,290,9991548],"product_tag":[],"_links":{"self":[{"href":"https:\/\/www.keramika.com\/srbija\/wp-json\/wp\/v2\/product\/89754"}],"collection":[{"href":"https:\/\/www.keramika.com\/srbija\/wp-json\/wp\/v2\/product"}],"about":[{"href":"https:\/\/www.keramika.com\/srbija\/wp-json\/wp\/v2\/types\/product"}],"wp:featuredmedia":[{"embeddable":true,"href":"https:\/\/www.keramika.com\/srbija\/wp-json\/wp\/v2\/media\/89755"}],"wp:attachment":[{"href":"https:\/\/www.keramika.com\/srbija\/wp-json\/wp\/v2\/media?parent=89754"}],"wp:term":[{"taxonomy":"product_cat","embeddable":true,"href":"https:\/\/www.keramika.com\/srbija\/wp-json\/wp\/v2\/product_cat?post=89754"},{"taxonomy":"product_tag","embeddable":true,"href":"https:\/\/www.keramika.com\/srbija\/wp-json\/wp\/v2\/product_tag?post=89754"}],"curies":[{"name":"wp","href":"https:\/\/api.w.org\/{rel}","templated":true}]}}