{"id":89746,"date":"2017-07-01T19:36:09","date_gmt":"2017-07-01T19:36:09","guid":{"rendered":"http:\/\/www.ceramictiles.com\/srbija\/product\/keramika-imitacija-drveta-revigres-frassino\/"},"modified":"2017-07-04T12:02:04","modified_gmt":"2017-07-04T12:02:04","slug":"keramika-imitacija-drveta-revigres-frassino","status":"publish","type":"product","link":"https:\/\/www.keramika.com\/srbija\/keramika-imitacija-drveta-revigres-frassino\/","title":{"rendered":"Keramika imitacija drveta Revigres Frassino"},"content":{"rendered":"<p>Plo\u010dice dolaze iz Portugala, koja je poznata po kvalitetnoj keramiki. Plo\u010dica 60&#215;120 cm je dobra za ve\u0107 razli\u010ditih namena. Ove be\u017e kerami\u010dke plo\u010dice, obogatit \u0107e svaki prostor. Plo\u010dica je debela 11 mm, \u0161to je ubraja u tvrde plo\u010dice.<\/p>\n<p>Kliknite na ime serije za sve plo\u010dice u toj seriji: <a class=\"pdfcatal\" href=\"\/\/www.ceramictiles.com\/pdf\/revigres\/catalogue_revigres_frassino.pdf\" onclick=\"recordOutboundLink(this, 'E-mail', 'Description PDF');return false;\">Revigres Frassino<\/a><\/p>\n<p>Da bi naru\u010dili model iz PDF kataloga ove serije, molimo vas, da nas kontaktirate na: <a href=\"mailto:zo_mi@ceramictiles.com\" onclick=\"recordOutboundLink(this, 'E-mail', 'Description mail');return false;\">zo_mi@ceramictiles.com<\/a> ili nas pozovite na: For exact offer, PLS send us quantity and product you need with delivery address..<\/p>\n<p>Technical description: <br \/> W &#038; F 15&#215;120 ; 60&#215;120 <br \/>Frassino ;<\/p>\n","protected":false},"excerpt":{"rendered":"<p>Plo\u010dice dolaze iz Portugala, koja je poznata po kvalitetnoj keramiki. Plo\u010dica 60&#215;120 cm je dobra za ve\u0107 razli\u010ditih namena. Ove be\u017e kerami\u010dke plo\u010dice, obogatit \u0107e svaki prostor. Plo\u010dica je debela 11 mm, \u0161to je ubraja u tvrde plo\u010dice. Kliknite na ime serije za sve plo\u010dice u toj seriji: Revigres Frassino Da bi naru\u010dili model iz [&hellip;]<\/p>\n","protected":false},"featured_media":89747,"template":"","meta":[],"product_cat":[200,260,999,290,9991548],"product_tag":[99950095],"_links":{"self":[{"href":"https:\/\/www.keramika.com\/srbija\/wp-json\/wp\/v2\/product\/89746"}],"collection":[{"href":"https:\/\/www.keramika.com\/srbija\/wp-json\/wp\/v2\/product"}],"about":[{"href":"https:\/\/www.keramika.com\/srbija\/wp-json\/wp\/v2\/types\/product"}],"wp:featuredmedia":[{"embeddable":true,"href":"https:\/\/www.keramika.com\/srbija\/wp-json\/wp\/v2\/media\/89747"}],"wp:attachment":[{"href":"https:\/\/www.keramika.com\/srbija\/wp-json\/wp\/v2\/media?parent=89746"}],"wp:term":[{"taxonomy":"product_cat","embeddable":true,"href":"https:\/\/www.keramika.com\/srbija\/wp-json\/wp\/v2\/product_cat?post=89746"},{"taxonomy":"product_tag","embeddable":true,"href":"https:\/\/www.keramika.com\/srbija\/wp-json\/wp\/v2\/product_tag?post=89746"}],"curies":[{"name":"wp","href":"https:\/\/api.w.org\/{rel}","templated":true}]}}