{"id":89742,"date":"2017-07-01T19:35:30","date_gmt":"2017-07-01T19:35:30","guid":{"rendered":"http:\/\/www.ceramictiles.com\/srbija\/product\/podne-i-zidne-plocice-revigres-flint-superpreto\/"},"modified":"2017-07-01T19:35:30","modified_gmt":"2017-07-01T19:35:30","slug":"podne-i-zidne-plocice-revigres-flint-superpreto","status":"publish","type":"product","link":"https:\/\/www.keramika.com\/srbija\/podne-i-zidne-plocice-revigres-flint-superpreto\/","title":{"rendered":"Podne i zidne plo\u010dice Revigres Flint Superpreto"},"content":{"rendered":"<p>9 mm debljine je dovoljno za zahtevnije kupce. Plo\u010dice dolaze iz Portugala, koja je poznata po kvalitetnoj keramiki. \u0160irina i du\u017eina plo\u010dice su 30&#215;60 cm. Plo\u010dice crne boje, su letos izuzetno tre\u017eene.<\/p>\n<p>Kliknite na ime serije za sve plo\u010dice u toj seriji: <a class=\"pdfcatal\" href=\"\/\/www.ceramictiles.com\/pdf\/revigres\/catalogue_revigres_flint.pdf\" onclick=\"recordOutboundLink(this, 'E-mail', 'Description PDF');return false;\">Revigres Flint<\/a><\/p>\n<p>Da bi naru\u010dili model iz PDF kataloga ove serije, molimo vas, da nas kontaktirate na: <a href=\"mailto:zo_mi@ceramictiles.com\" onclick=\"recordOutboundLink(this, 'E-mail', 'Description mail');return false;\">zo_mi@ceramictiles.com<\/a> ili nas pozovite na: For exact offer, PLS send us quantity and product you need with delivery address..<\/p>\n<p>Technical description: <br \/> W &#038; F 30&#215;30 ; 30&#215;60 ; 45&#215;45 ; 60&#215;60 ; 10&#215;120 ; 15&#215;120 ; 30&#215;120 ; 60&#215;120 <br \/>Flint Marfim ; Flint Luna ; Flint Castanho ; Flint Platina ; Flint Arg Prata ; Flint Grafite ; Flint Fog ; Flint Gris ; Flint Preto ; Flint Superpreto ;<\/p>\n","protected":false},"excerpt":{"rendered":"<p>9 mm debljine je dovoljno za zahtevnije kupce. Plo\u010dice dolaze iz Portugala, koja je poznata po kvalitetnoj keramiki. \u0160irina i du\u017eina plo\u010dice su 30&#215;60 cm. Plo\u010dice crne boje, su letos izuzetno tre\u017eene. Kliknite na ime serije za sve plo\u010dice u toj seriji: Revigres Flint Da bi naru\u010dili model iz PDF kataloga ove serije, molimo vas, [&hellip;]<\/p>\n","protected":false},"featured_media":89743,"template":"","meta":[],"product_cat":[200,260,999,290,9991548],"product_tag":[],"_links":{"self":[{"href":"https:\/\/www.keramika.com\/srbija\/wp-json\/wp\/v2\/product\/89742"}],"collection":[{"href":"https:\/\/www.keramika.com\/srbija\/wp-json\/wp\/v2\/product"}],"about":[{"href":"https:\/\/www.keramika.com\/srbija\/wp-json\/wp\/v2\/types\/product"}],"wp:featuredmedia":[{"embeddable":true,"href":"https:\/\/www.keramika.com\/srbija\/wp-json\/wp\/v2\/media\/89743"}],"wp:attachment":[{"href":"https:\/\/www.keramika.com\/srbija\/wp-json\/wp\/v2\/media?parent=89742"}],"wp:term":[{"taxonomy":"product_cat","embeddable":true,"href":"https:\/\/www.keramika.com\/srbija\/wp-json\/wp\/v2\/product_cat?post=89742"},{"taxonomy":"product_tag","embeddable":true,"href":"https:\/\/www.keramika.com\/srbija\/wp-json\/wp\/v2\/product_tag?post=89742"}],"curies":[{"name":"wp","href":"https:\/\/api.w.org\/{rel}","templated":true}]}}