{"id":89732,"date":"2017-07-01T19:33:58","date_gmt":"2017-07-01T19:33:58","guid":{"rendered":"http:\/\/www.ceramictiles.com\/srbija\/product\/keramika-imitacija-drveta-revigres-deck-teca\/"},"modified":"2017-07-04T12:02:05","modified_gmt":"2017-07-04T12:02:05","slug":"keramika-imitacija-drveta-revigres-deck-teca","status":"publish","type":"product","link":"https:\/\/www.keramika.com\/srbija\/keramika-imitacija-drveta-revigres-deck-teca\/","title":{"rendered":"Keramika imitacija drveta Revigres Deck Teca"},"content":{"rendered":"<p>11 mm debljina \u0107e zadovoljiti i najzahtevnije kupce. Dimenzije ovih plo\u010dica su 60&#215;120 cm. plo\u010dica proizvo\u0111a\u010da Revigres iz Portugala. Ta kolekcija, model plo\u010dice, se prodaje najvi\u0161e braon boje.<\/p>\n<p>Kliknite na ime serije za sve plo\u010dice u toj seriji: <a class=\"pdfcatal\" href=\"\/\/www.ceramictiles.com\/pdf\/revigres\/catalogue_revigres_deck_plus.pdf\" onclick=\"recordOutboundLink(this, 'E-mail', 'Description PDF');return false;\">Revigres Deck Plus<\/a><\/p>\n<p>Da bi naru\u010dili model iz PDF kataloga ove serije, molimo vas, da nas kontaktirate na: <a href=\"mailto:zo_mi@ceramictiles.com\" onclick=\"recordOutboundLink(this, 'E-mail', 'Description mail');return false;\">zo_mi@ceramictiles.com<\/a> ili nas pozovite na: For exact offer, PLS send us quantity and product you need with delivery address..<\/p>\n<p>Technical description: <br \/> F 15&#215;120 ; 60&#215;120 ; 11,5&#215;60 ; 60&#215;60 <br \/>Deck Teca ; Deck Plus Teca ; Deck Ip\u00ea ; Deck Plus Ip\u00ea ; Deck Gris ; Deck Plus Gris ; Deck Weng\u00e9 ; Deck Plus Weng\u00e9 ; Pre-Cut Deck Teca ; Pre-Cut Deck Ip\u00ea ; Pre-Cut Deck Gris ; Pre-Cut Deck Weng\u00e9 ;<\/p>\n","protected":false},"excerpt":{"rendered":"<p>11 mm debljina \u0107e zadovoljiti i najzahtevnije kupce. Dimenzije ovih plo\u010dica su 60&#215;120 cm. plo\u010dica proizvo\u0111a\u010da Revigres iz Portugala. Ta kolekcija, model plo\u010dice, se prodaje najvi\u0161e braon boje. Kliknite na ime serije za sve plo\u010dice u toj seriji: Revigres Deck Plus Da bi naru\u010dili model iz PDF kataloga ove serije, molimo vas, da nas kontaktirate [&hellip;]<\/p>\n","protected":false},"featured_media":89733,"template":"","meta":[],"product_cat":[200,260,999,290,9991548],"product_tag":[99950095],"_links":{"self":[{"href":"https:\/\/www.keramika.com\/srbija\/wp-json\/wp\/v2\/product\/89732"}],"collection":[{"href":"https:\/\/www.keramika.com\/srbija\/wp-json\/wp\/v2\/product"}],"about":[{"href":"https:\/\/www.keramika.com\/srbija\/wp-json\/wp\/v2\/types\/product"}],"wp:featuredmedia":[{"embeddable":true,"href":"https:\/\/www.keramika.com\/srbija\/wp-json\/wp\/v2\/media\/89733"}],"wp:attachment":[{"href":"https:\/\/www.keramika.com\/srbija\/wp-json\/wp\/v2\/media?parent=89732"}],"wp:term":[{"taxonomy":"product_cat","embeddable":true,"href":"https:\/\/www.keramika.com\/srbija\/wp-json\/wp\/v2\/product_cat?post=89732"},{"taxonomy":"product_tag","embeddable":true,"href":"https:\/\/www.keramika.com\/srbija\/wp-json\/wp\/v2\/product_tag?post=89732"}],"curies":[{"name":"wp","href":"https:\/\/api.w.org\/{rel}","templated":true}]}}