{"id":89730,"date":"2017-07-01T19:33:38","date_gmt":"2017-07-01T19:33:38","guid":{"rendered":"http:\/\/www.ceramictiles.com\/srbija\/product\/3d-keramicke-plocice-revigres-dakar\/"},"modified":"2017-07-04T12:08:23","modified_gmt":"2017-07-04T12:08:23","slug":"3d-keramicke-plocice-revigres-dakar","status":"publish","type":"product","link":"https:\/\/www.keramika.com\/srbija\/3d-keramicke-plocice-revigres-dakar\/","title":{"rendered":"3d kerami\u010dke plo\u010dice Revigres Dakar"},"content":{"rendered":"<p>9 mm debljina \u0107e zadovoljiti i najzahtevnije kupce. Plo\u010dica 30&#215;60 cm je dobra za ve\u0107 razli\u010ditih namena. Ove plo\u010dice dolaze od proizvo\u0111a\u010da Revigres, iz Portugala. U izboru plo\u010dica sive boje, ne mo\u017eete pogre\u0161iti.<\/p>\n<p>Kliknite na ime serije za sve plo\u010dice u toj seriji: <a class=\"pdfcatal\" href=\"\/\/www.ceramictiles.com\/pdf\/revigres\/catalogue_revigres_dakar.pdf\" onclick=\"recordOutboundLink(this, 'E-mail', 'Description PDF');return false;\">Revigres Dakar<\/a><\/p>\n<p>Da bi naru\u010dili model iz PDF kataloga ove serije, molimo vas, da nas kontaktirate na: <a href=\"mailto:zo_mi@ceramictiles.com\" onclick=\"recordOutboundLink(this, 'E-mail', 'Description mail');return false;\">zo_mi@ceramictiles.com<\/a> ili nas pozovite na: For exact offer, PLS send us quantity and product you need with delivery address..<\/p>\n<p> Podne i zidne plo\u010dice Revigres Dakar. Dimenzije plo\u010dica : nat- 30&#215;60 cm. <br \/> Revigres Dakar Preto ; Revigres  Dakar Cinza ; Revigres Dakar Marfim ; Revigres Dakar Bege ; Revigres Dakar Multicolor<\/p>\n","protected":false},"excerpt":{"rendered":"<p>9 mm debljina \u0107e zadovoljiti i najzahtevnije kupce. Plo\u010dica 30&#215;60 cm je dobra za ve\u0107 razli\u010ditih namena. Ove plo\u010dice dolaze od proizvo\u0111a\u010da Revigres, iz Portugala. U izboru plo\u010dica sive boje, ne mo\u017eete pogre\u0161iti. Kliknite na ime serije za sve plo\u010dice u toj seriji: Revigres Dakar Da bi naru\u010dili model iz PDF kataloga ove serije, molimo [&hellip;]<\/p>\n","protected":false},"featured_media":89731,"template":"","meta":[],"product_cat":[200,260,999,290,9991548],"product_tag":[99950088],"_links":{"self":[{"href":"https:\/\/www.keramika.com\/srbija\/wp-json\/wp\/v2\/product\/89730"}],"collection":[{"href":"https:\/\/www.keramika.com\/srbija\/wp-json\/wp\/v2\/product"}],"about":[{"href":"https:\/\/www.keramika.com\/srbija\/wp-json\/wp\/v2\/types\/product"}],"wp:featuredmedia":[{"embeddable":true,"href":"https:\/\/www.keramika.com\/srbija\/wp-json\/wp\/v2\/media\/89731"}],"wp:attachment":[{"href":"https:\/\/www.keramika.com\/srbija\/wp-json\/wp\/v2\/media?parent=89730"}],"wp:term":[{"taxonomy":"product_cat","embeddable":true,"href":"https:\/\/www.keramika.com\/srbija\/wp-json\/wp\/v2\/product_cat?post=89730"},{"taxonomy":"product_tag","embeddable":true,"href":"https:\/\/www.keramika.com\/srbija\/wp-json\/wp\/v2\/product_tag?post=89730"}],"curies":[{"name":"wp","href":"https:\/\/api.w.org\/{rel}","templated":true}]}}